{"id":105,"date":"2017-08-11T12:49:01","date_gmt":"2017-08-11T09:49:01","guid":{"rendered":"https:\/\/www.peetri.edu.ee\/pohikool\/?page_id=105"},"modified":"2025-08-22T13:47:12","modified_gmt":"2025-08-22T10:47:12","slug":"pikapaevaruhm","status":"publish","type":"page","link":"https:\/\/www.peetri.edu.ee\/pohikool\/oppetoo\/pikapaevaruhm\/","title":{"rendered":"Pikap\u00e4evar\u00fchm"},"content":{"rendered":"<ul>\n<li>Peetri kooli pikap\u00e4evar\u00fchm on tugiteenus, mis v\u00f5imaldab 1. ja 2. klassi \u00f5pilasele j\u00e4relevalvet \u00f5ppet\u00f6\u00f6st vabal ajal, tuge koduste \u00f5pi\u00fclesannete t\u00e4itmisel ja suunamist huvialategevusele. Pikap\u00e4evar\u00fchm toimub esmasp\u00e4evast reedeni kella 12.30 &#8211; 15.30.<\/li>\n<li>Soovi korral v\u00f5ib pikap\u00e4evar\u00fchma ajaks panna kaasa vahetusriided. Eelk\u00f5ige neil, kes j\u00e4\u00e4vad kauemaks. Arvestada tuleb sellega, et pikap\u00e4evar\u00fchmas oleku ajal viibitakse ka \u00f5ues.<\/li>\n<li><strong>Palun pidada kinni kellaaegadest, mis m\u00e4rgitud avaldusele.<\/strong> <strong>Meie \u00f5petajad l\u00e4htuvad nendest aegadest. Kui tekib vajadus muudatuse j\u00e4rgi, siis kindlasti m\u00e4rkida see \u00f5pilase p\u00e4evikusse konkreetse p\u00e4eva kohta.<\/strong><\/li>\n<\/ul>\n<p><strong>S\u00f6\u00f6mine toimub kell 14.00 &#8211; 14.30.<\/strong><\/p>\n<h3>Pikap\u00e4evar\u00fchma toitlustamine<\/h3>\n<p>Pikap\u00e4evar\u00fchma s\u00f6\u00f6gip\u00e4eva maksumus on 1,80 \u20ac. Arve saadab raamatupidamine j\u00e4rgneva kuu alguses e-posti teel. S\u00f6\u00f6gip\u00e4evade arvestus toimub avaldusele m\u00e4rgitud p\u00e4evade alusel.<br \/>\nK\u00fcsimuste korral on v\u00f5imalik kirjutada pikap\u00e4evar\u00fchma \u00f5petajale\u00a0<a href=\"mailto:pikkpaev@peetri.edu.ee\">pikkpaev@peetri.edu.ee<\/a><\/p>\n","protected":false},"excerpt":{"rendered":"<p>Peetri kooli pikap\u00e4evar\u00fchm on tugiteenus, mis v\u00f5imaldab 1. ja 2. klassi \u00f5pilasele j\u00e4relevalvet \u00f5ppet\u00f6\u00f6st vabal ajal, tuge koduste \u00f5pi\u00fclesannete t\u00e4itmisel&#8230;<\/p>\n","protected":false},"author":1,"featured_media":0,"parent":52,"menu_order":60,"comment_status":"closed","ping_status":"closed","template":"","meta":{"_acf_changed":false,"footnotes":""},"class_list":["post-105","page","type-page","status-publish","hentry"],"yoast_head":"<!-- This site is optimized with the Yoast SEO plugin v27.2 - https:\/\/yoast.com\/product\/yoast-seo-wordpress\/ -->\n<title>Pikap\u00e4evar\u00fchm - Peetri P\u00f5hikool<\/title>\n<meta name=\"robots\" content=\"index, follow, max-snippet:-1, max-image-preview:large, max-video-preview:-1\" \/>\n<link rel=\"canonical\" href=\"https:\/\/www.peetri.edu.ee\/pohikool\/oppetoo\/pikapaevaruhm\/\" \/>\n<meta property=\"og:locale\" content=\"et_EE\" \/>\n<meta property=\"og:type\" content=\"article\" \/>\n<meta property=\"og:title\" content=\"Pikap\u00e4evar\u00fchm - Peetri P\u00f5hikool\" \/>\n<meta property=\"og:description\" content=\"Peetri kooli pikap\u00e4evar\u00fchm on tugiteenus, mis v\u00f5imaldab 1. ja 2. klassi \u00f5pilasele j\u00e4relevalvet \u00f5ppet\u00f6\u00f6st vabal ajal, tuge koduste \u00f5pi\u00fclesannete t\u00e4itmisel...\" \/>\n<meta property=\"og:url\" content=\"https:\/\/www.peetri.edu.ee\/pohikool\/oppetoo\/pikapaevaruhm\/\" \/>\n<meta property=\"og:site_name\" content=\"Peetri P\u00f5hikool\" \/>\n<meta property=\"article:modified_time\" content=\"2025-08-22T10:47:12+00:00\" \/>\n<meta name=\"twitter:card\" content=\"summary_large_image\" \/>\n<meta name=\"twitter:label1\" content=\"Est. reading time\" \/>\n\t<meta name=\"twitter:data1\" content=\"1 minut\" \/>\n<script type=\"application\/ld+json\" class=\"yoast-schema-graph\">{\"@context\":\"https:\/\/schema.org\",\"@graph\":[{\"@type\":\"WebPage\",\"@id\":\"https:\/\/www.peetri.edu.ee\/pohikool\/oppetoo\/pikapaevaruhm\/\",\"url\":\"https:\/\/www.peetri.edu.ee\/pohikool\/oppetoo\/pikapaevaruhm\/\",\"name\":\"Pikap\u00e4evar\u00fchm - Peetri P\u00f5hikool\",\"isPartOf\":{\"@id\":\"https:\/\/www.peetri.edu.ee\/pohikool\/#website\"},\"datePublished\":\"2017-08-11T09:49:01+00:00\",\"dateModified\":\"2025-08-22T10:47:12+00:00\",\"breadcrumb\":{\"@id\":\"https:\/\/www.peetri.edu.ee\/pohikool\/oppetoo\/pikapaevaruhm\/#breadcrumb\"},\"inLanguage\":\"et\",\"potentialAction\":[{\"@type\":\"ReadAction\",\"target\":[\"https:\/\/www.peetri.edu.ee\/pohikool\/oppetoo\/pikapaevaruhm\/\"]}]},{\"@type\":\"BreadcrumbList\",\"@id\":\"https:\/\/www.peetri.edu.ee\/pohikool\/oppetoo\/pikapaevaruhm\/#breadcrumb\",\"itemListElement\":[{\"@type\":\"ListItem\",\"position\":1,\"name\":\"Home\",\"item\":\"https:\/\/www.peetri.edu.ee\/pohikool\/\"},{\"@type\":\"ListItem\",\"position\":2,\"name\":\"\u00d5ppet\u00f6\u00f6\",\"item\":\"https:\/\/www.peetri.edu.ee\/pohikool\/oppetoo\/\"},{\"@type\":\"ListItem\",\"position\":3,\"name\":\"Pikap\u00e4evar\u00fchm\"}]},{\"@type\":\"WebSite\",\"@id\":\"https:\/\/www.peetri.edu.ee\/pohikool\/#website\",\"url\":\"https:\/\/www.peetri.edu.ee\/pohikool\/\",\"name\":\"Peetri P\u00f5hikool\",\"description\":\"Igas inimeses on p\u00e4ike, laskem tal s\u00e4rada\",\"potentialAction\":[{\"@type\":\"SearchAction\",\"target\":{\"@type\":\"EntryPoint\",\"urlTemplate\":\"https:\/\/www.peetri.edu.ee\/pohikool\/?s={search_term_string}\"},\"query-input\":{\"@type\":\"PropertyValueSpecification\",\"valueRequired\":true,\"valueName\":\"search_term_string\"}}],\"inLanguage\":\"et\"}]}<\/script>\n<!-- \/ Yoast SEO plugin. -->","yoast_head_json":{"title":"Pikap\u00e4evar\u00fchm - Peetri P\u00f5hikool","robots":{"index":"index","follow":"follow","max-snippet":"max-snippet:-1","max-image-preview":"max-image-preview:large","max-video-preview":"max-video-preview:-1"},"canonical":"https:\/\/www.peetri.edu.ee\/pohikool\/oppetoo\/pikapaevaruhm\/","og_locale":"et_EE","og_type":"article","og_title":"Pikap\u00e4evar\u00fchm - Peetri P\u00f5hikool","og_description":"Peetri kooli pikap\u00e4evar\u00fchm on tugiteenus, mis v\u00f5imaldab 1. ja 2. klassi \u00f5pilasele j\u00e4relevalvet \u00f5ppet\u00f6\u00f6st vabal ajal, tuge koduste \u00f5pi\u00fclesannete t\u00e4itmisel...","og_url":"https:\/\/www.peetri.edu.ee\/pohikool\/oppetoo\/pikapaevaruhm\/","og_site_name":"Peetri P\u00f5hikool","article_modified_time":"2025-08-22T10:47:12+00:00","twitter_card":"summary_large_image","twitter_misc":{"Est. reading time":"1 minut"},"schema":{"@context":"https:\/\/schema.org","@graph":[{"@type":"WebPage","@id":"https:\/\/www.peetri.edu.ee\/pohikool\/oppetoo\/pikapaevaruhm\/","url":"https:\/\/www.peetri.edu.ee\/pohikool\/oppetoo\/pikapaevaruhm\/","name":"Pikap\u00e4evar\u00fchm - Peetri P\u00f5hikool","isPartOf":{"@id":"https:\/\/www.peetri.edu.ee\/pohikool\/#website"},"datePublished":"2017-08-11T09:49:01+00:00","dateModified":"2025-08-22T10:47:12+00:00","breadcrumb":{"@id":"https:\/\/www.peetri.edu.ee\/pohikool\/oppetoo\/pikapaevaruhm\/#breadcrumb"},"inLanguage":"et","potentialAction":[{"@type":"ReadAction","target":["https:\/\/www.peetri.edu.ee\/pohikool\/oppetoo\/pikapaevaruhm\/"]}]},{"@type":"BreadcrumbList","@id":"https:\/\/www.peetri.edu.ee\/pohikool\/oppetoo\/pikapaevaruhm\/#breadcrumb","itemListElement":[{"@type":"ListItem","position":1,"name":"Home","item":"https:\/\/www.peetri.edu.ee\/pohikool\/"},{"@type":"ListItem","position":2,"name":"\u00d5ppet\u00f6\u00f6","item":"https:\/\/www.peetri.edu.ee\/pohikool\/oppetoo\/"},{"@type":"ListItem","position":3,"name":"Pikap\u00e4evar\u00fchm"}]},{"@type":"WebSite","@id":"https:\/\/www.peetri.edu.ee\/pohikool\/#website","url":"https:\/\/www.peetri.edu.ee\/pohikool\/","name":"Peetri P\u00f5hikool","description":"Igas inimeses on p\u00e4ike, laskem tal s\u00e4rada","potentialAction":[{"@type":"SearchAction","target":{"@type":"EntryPoint","urlTemplate":"https:\/\/www.peetri.edu.ee\/pohikool\/?s={search_term_string}"},"query-input":{"@type":"PropertyValueSpecification","valueRequired":true,"valueName":"search_term_string"}}],"inLanguage":"et"}]}},"acf":[],"_links":{"self":[{"href":"https:\/\/www.peetri.edu.ee\/pohikool\/wp-json\/wp\/v2\/pages\/105","targetHints":{"allow":["GET"]}}],"collection":[{"href":"https:\/\/www.peetri.edu.ee\/pohikool\/wp-json\/wp\/v2\/pages"}],"about":[{"href":"https:\/\/www.peetri.edu.ee\/pohikool\/wp-json\/wp\/v2\/types\/page"}],"author":[{"embeddable":true,"href":"https:\/\/www.peetri.edu.ee\/pohikool\/wp-json\/wp\/v2\/users\/1"}],"replies":[{"embeddable":true,"href":"https:\/\/www.peetri.edu.ee\/pohikool\/wp-json\/wp\/v2\/comments?post=105"}],"version-history":[{"count":5,"href":"https:\/\/www.peetri.edu.ee\/pohikool\/wp-json\/wp\/v2\/pages\/105\/revisions"}],"predecessor-version":[{"id":13107,"href":"https:\/\/www.peetri.edu.ee\/pohikool\/wp-json\/wp\/v2\/pages\/105\/revisions\/13107"}],"up":[{"embeddable":true,"href":"https:\/\/www.peetri.edu.ee\/pohikool\/wp-json\/wp\/v2\/pages\/52"}],"wp:attachment":[{"href":"https:\/\/www.peetri.edu.ee\/pohikool\/wp-json\/wp\/v2\/media?parent=105"}],"curies":[{"name":"wp","href":"https:\/\/api.w.org\/{rel}","templated":true}]}}