{"id":933,"date":"2019-01-09T15:06:11","date_gmt":"2019-01-09T13:06:11","guid":{"rendered":"https:\/\/www.peetri.edu.ee\/lasteaed\/?page_id=933"},"modified":"2019-02-14T10:58:32","modified_gmt":"2019-02-14T08:58:32","slug":"laps-laheb-kooli","status":"publish","type":"page","link":"https:\/\/www.peetri.edu.ee\/lasteaed\/lapsevanemale\/laps-laheb-kooli\/","title":{"rendered":"Laps l\u00e4heb kooli"},"content":{"rendered":"<p><a href=\"https:\/\/www.rae.ee\/koolikoha-taotlemine\">https:\/\/www.rae.ee\/koolikoha-taotlemine<\/a><\/p>\n<p>Haridusseadustiku j\u00e4rgi peavad kooliteed alustama lapsed, kes sama aasta 1. oktoobriks on saanud 7-aastaseks ning saavutanud koolik\u00fcpsuse. \u00d5ppimise protsess s\u00f5ltub aga sellest, kuidas luuakse lapsele tingimused \u00f5ppimiseks &#8211; f\u00fc\u00fcsiline ja vaimne keskkond. Lapse kooliks ettevalmistamine algab s\u00fcnnist peale ning peab toimuma j\u00e4rjepidevas ning rahulikus tempos. Alustades alles aasta enne kooli vajalike eeldusoskuste \u00f5ppimisega ei pruugi j\u00f5uda heade tulemusteni. Lasteaiaealise lapsega on soovitatav l\u00e4bi m\u00e4ngulise tegevuse harjutada erinevaid eeldusoskuseid.<\/p>\n<p><strong>Koolivalmiduse<\/strong> m\u00e4\u00e4ramisel j\u00e4lgitakse kolme aspekti: <strong>f\u00fc\u00fcsilist-, vaimset- ja sotsiaalset arengut.<\/strong><\/p>\n<p><strong>MILLINE ON R\u00d5\u00d5MUS KOOLILAPS?<\/strong><\/p>\n<p>S\u00e4rasilmne, endaga hakkama saav ja iseseisva m\u00f5tlemisega laps on r\u00f5\u00f5mus koolilaps. Lapsed, kes on liigse harjutamise ja kordamisega \u00e4ra v\u00e4sitatud, faktidega \u00fcle koormatud, ei tule koolis h\u00e4sti toime ning puudu j\u00e4\u00e4b ka koolir\u00f5\u00f5must. K\u00f5ige raskem on aga lastel, kes ei ole saavutanud sotsiaalset k\u00fcpsust ega tule toime suhtluses eakaaslaste ja t\u00e4iskasvanutega.<\/p>\n<p>Koolivalmiduse t\u00e4htsaim iseloomustaja on v\u00f5ime vastu v\u00f5tta uut infot. See n\u00f5uab lapselt oskust tahteliselt pingutada.<\/p>\n<p>Lisaks sellele on koolis toime tulemise juures on v\u00e4ga oluline, et laps saab hakkama eneseteenindamisega ning on iseseisev.<\/p>\n<p>&nbsp;<\/p>\n","protected":false},"excerpt":{"rendered":"<p>https:\/\/www.rae.ee\/koolikoha-taotlemine Haridusseadustiku j\u00e4rgi peavad kooliteed alustama lapsed, kes sama aasta 1. oktoobriks on saanud 7-aastaseks ning saavutanud koolik\u00fcpsuse. \u00d5ppimise protsess&#8230;<\/p>\n","protected":false},"author":2,"featured_media":0,"parent":44,"menu_order":50,"comment_status":"closed","ping_status":"closed","template":"","meta":{"_acf_changed":false,"footnotes":""},"class_list":["post-933","page","type-page","status-publish","hentry"],"yoast_head":"<!-- This site is optimized with the Yoast SEO plugin v27.2 - https:\/\/yoast.com\/product\/yoast-seo-wordpress\/ -->\n<title>Laps l\u00e4heb kooli - Peetri Lasteaed<\/title>\n<meta name=\"robots\" content=\"index, follow, max-snippet:-1, max-image-preview:large, max-video-preview:-1\" \/>\n<link rel=\"canonical\" href=\"https:\/\/www.peetri.edu.ee\/lasteaed\/lapsevanemale\/laps-laheb-kooli\/\" \/>\n<meta property=\"og:locale\" content=\"et_EE\" \/>\n<meta property=\"og:type\" content=\"article\" \/>\n<meta property=\"og:title\" content=\"Laps l\u00e4heb kooli - Peetri Lasteaed\" \/>\n<meta property=\"og:description\" content=\"https:\/\/www.rae.ee\/koolikoha-taotlemine Haridusseadustiku j\u00e4rgi peavad kooliteed alustama lapsed, kes sama aasta 1. oktoobriks on saanud 7-aastaseks ning saavutanud koolik\u00fcpsuse. \u00d5ppimise protsess...\" \/>\n<meta property=\"og:url\" content=\"https:\/\/www.peetri.edu.ee\/lasteaed\/lapsevanemale\/laps-laheb-kooli\/\" \/>\n<meta property=\"og:site_name\" content=\"Peetri Lasteaed\" \/>\n<meta property=\"article:modified_time\" content=\"2019-02-14T08:58:32+00:00\" \/>\n<meta name=\"twitter:card\" content=\"summary_large_image\" \/>\n<meta name=\"twitter:label1\" content=\"Est. reading time\" \/>\n\t<meta name=\"twitter:data1\" content=\"1 minut\" \/>\n<script type=\"application\/ld+json\" class=\"yoast-schema-graph\">{\"@context\":\"https:\/\/schema.org\",\"@graph\":[{\"@type\":\"WebPage\",\"@id\":\"https:\/\/www.peetri.edu.ee\/lasteaed\/lapsevanemale\/laps-laheb-kooli\/\",\"url\":\"https:\/\/www.peetri.edu.ee\/lasteaed\/lapsevanemale\/laps-laheb-kooli\/\",\"name\":\"Laps l\u00e4heb kooli - Peetri Lasteaed\",\"isPartOf\":{\"@id\":\"https:\/\/www.peetri.edu.ee\/lasteaed\/#website\"},\"datePublished\":\"2019-01-09T13:06:11+00:00\",\"dateModified\":\"2019-02-14T08:58:32+00:00\",\"breadcrumb\":{\"@id\":\"https:\/\/www.peetri.edu.ee\/lasteaed\/lapsevanemale\/laps-laheb-kooli\/#breadcrumb\"},\"inLanguage\":\"et\",\"potentialAction\":[{\"@type\":\"ReadAction\",\"target\":[\"https:\/\/www.peetri.edu.ee\/lasteaed\/lapsevanemale\/laps-laheb-kooli\/\"]}]},{\"@type\":\"BreadcrumbList\",\"@id\":\"https:\/\/www.peetri.edu.ee\/lasteaed\/lapsevanemale\/laps-laheb-kooli\/#breadcrumb\",\"itemListElement\":[{\"@type\":\"ListItem\",\"position\":1,\"name\":\"Home\",\"item\":\"https:\/\/www.peetri.edu.ee\/lasteaed\/\"},{\"@type\":\"ListItem\",\"position\":2,\"name\":\"Lapsevanemale\",\"item\":\"https:\/\/www.peetri.edu.ee\/lasteaed\/lapsevanemale\/\"},{\"@type\":\"ListItem\",\"position\":3,\"name\":\"Laps l\u00e4heb kooli\"}]},{\"@type\":\"WebSite\",\"@id\":\"https:\/\/www.peetri.edu.ee\/lasteaed\/#website\",\"url\":\"https:\/\/www.peetri.edu.ee\/lasteaed\/\",\"name\":\"Peetri Lasteaed\",\"description\":\"Igas inimeses on p\u00e4ike, laskem tal s\u00e4rada\",\"potentialAction\":[{\"@type\":\"SearchAction\",\"target\":{\"@type\":\"EntryPoint\",\"urlTemplate\":\"https:\/\/www.peetri.edu.ee\/lasteaed\/?s={search_term_string}\"},\"query-input\":{\"@type\":\"PropertyValueSpecification\",\"valueRequired\":true,\"valueName\":\"search_term_string\"}}],\"inLanguage\":\"et\"}]}<\/script>\n<!-- \/ Yoast SEO plugin. -->","yoast_head_json":{"title":"Laps l\u00e4heb kooli - Peetri Lasteaed","robots":{"index":"index","follow":"follow","max-snippet":"max-snippet:-1","max-image-preview":"max-image-preview:large","max-video-preview":"max-video-preview:-1"},"canonical":"https:\/\/www.peetri.edu.ee\/lasteaed\/lapsevanemale\/laps-laheb-kooli\/","og_locale":"et_EE","og_type":"article","og_title":"Laps l\u00e4heb kooli - Peetri Lasteaed","og_description":"https:\/\/www.rae.ee\/koolikoha-taotlemine Haridusseadustiku j\u00e4rgi peavad kooliteed alustama lapsed, kes sama aasta 1. oktoobriks on saanud 7-aastaseks ning saavutanud koolik\u00fcpsuse. \u00d5ppimise protsess...","og_url":"https:\/\/www.peetri.edu.ee\/lasteaed\/lapsevanemale\/laps-laheb-kooli\/","og_site_name":"Peetri Lasteaed","article_modified_time":"2019-02-14T08:58:32+00:00","twitter_card":"summary_large_image","twitter_misc":{"Est. reading time":"1 minut"},"schema":{"@context":"https:\/\/schema.org","@graph":[{"@type":"WebPage","@id":"https:\/\/www.peetri.edu.ee\/lasteaed\/lapsevanemale\/laps-laheb-kooli\/","url":"https:\/\/www.peetri.edu.ee\/lasteaed\/lapsevanemale\/laps-laheb-kooli\/","name":"Laps l\u00e4heb kooli - Peetri Lasteaed","isPartOf":{"@id":"https:\/\/www.peetri.edu.ee\/lasteaed\/#website"},"datePublished":"2019-01-09T13:06:11+00:00","dateModified":"2019-02-14T08:58:32+00:00","breadcrumb":{"@id":"https:\/\/www.peetri.edu.ee\/lasteaed\/lapsevanemale\/laps-laheb-kooli\/#breadcrumb"},"inLanguage":"et","potentialAction":[{"@type":"ReadAction","target":["https:\/\/www.peetri.edu.ee\/lasteaed\/lapsevanemale\/laps-laheb-kooli\/"]}]},{"@type":"BreadcrumbList","@id":"https:\/\/www.peetri.edu.ee\/lasteaed\/lapsevanemale\/laps-laheb-kooli\/#breadcrumb","itemListElement":[{"@type":"ListItem","position":1,"name":"Home","item":"https:\/\/www.peetri.edu.ee\/lasteaed\/"},{"@type":"ListItem","position":2,"name":"Lapsevanemale","item":"https:\/\/www.peetri.edu.ee\/lasteaed\/lapsevanemale\/"},{"@type":"ListItem","position":3,"name":"Laps l\u00e4heb kooli"}]},{"@type":"WebSite","@id":"https:\/\/www.peetri.edu.ee\/lasteaed\/#website","url":"https:\/\/www.peetri.edu.ee\/lasteaed\/","name":"Peetri Lasteaed","description":"Igas inimeses on p\u00e4ike, laskem tal s\u00e4rada","potentialAction":[{"@type":"SearchAction","target":{"@type":"EntryPoint","urlTemplate":"https:\/\/www.peetri.edu.ee\/lasteaed\/?s={search_term_string}"},"query-input":{"@type":"PropertyValueSpecification","valueRequired":true,"valueName":"search_term_string"}}],"inLanguage":"et"}]}},"acf":[],"_links":{"self":[{"href":"https:\/\/www.peetri.edu.ee\/lasteaed\/wp-json\/wp\/v2\/pages\/933","targetHints":{"allow":["GET"]}}],"collection":[{"href":"https:\/\/www.peetri.edu.ee\/lasteaed\/wp-json\/wp\/v2\/pages"}],"about":[{"href":"https:\/\/www.peetri.edu.ee\/lasteaed\/wp-json\/wp\/v2\/types\/page"}],"author":[{"embeddable":true,"href":"https:\/\/www.peetri.edu.ee\/lasteaed\/wp-json\/wp\/v2\/users\/2"}],"replies":[{"embeddable":true,"href":"https:\/\/www.peetri.edu.ee\/lasteaed\/wp-json\/wp\/v2\/comments?post=933"}],"version-history":[{"count":5,"href":"https:\/\/www.peetri.edu.ee\/lasteaed\/wp-json\/wp\/v2\/pages\/933\/revisions"}],"predecessor-version":[{"id":983,"href":"https:\/\/www.peetri.edu.ee\/lasteaed\/wp-json\/wp\/v2\/pages\/933\/revisions\/983"}],"up":[{"embeddable":true,"href":"https:\/\/www.peetri.edu.ee\/lasteaed\/wp-json\/wp\/v2\/pages\/44"}],"wp:attachment":[{"href":"https:\/\/www.peetri.edu.ee\/lasteaed\/wp-json\/wp\/v2\/media?parent=933"}],"curies":[{"name":"wp","href":"https:\/\/api.w.org\/{rel}","templated":true}]}}