{"id":931,"date":"2019-01-09T15:05:53","date_gmt":"2019-01-09T13:05:53","guid":{"rendered":"https:\/\/www.peetri.edu.ee\/lasteaed\/?page_id=931"},"modified":"2019-01-14T12:13:35","modified_gmt":"2019-01-14T10:13:35","slug":"laps-tuleb-lasteaeda","status":"publish","type":"page","link":"https:\/\/www.peetri.edu.ee\/lasteaed\/lapsevanemale\/laps-tuleb-lasteaeda\/","title":{"rendered":"Laps tuleb lasteaeda"},"content":{"rendered":"<p><strong>KODUNE ETTEVALMISTUS<\/strong><\/p>\n<p>Kohanemine lasteaiaga on lapse jaoks kergem, kui last on juba kodus selleks ette valmistatud.\u00a0<strong>Mida iseseisvam on laps, seda lihtsam on tal suures lastegrupis harjuda ja tegutseda:<\/strong><\/p>\n<ul>\n<li>V\u00f5imaldage oma lapsel suhelda ja m\u00e4ngida eakaaslastega;<\/li>\n<li>Lasteaeda tulev laps oskab laua \u00e4\u00e4res istudes tassist juua ja lusikaga s\u00fc\u00fca. Harjutage last erinevaid toite s\u00f6\u00f6ma;<\/li>\n<li>Laps kasutab iseseisvalt v\u00f5i t\u00e4iskasvanu meeldetuletusel ja abistamisel tualetti;<\/li>\n<li>Laps oskab m\u00e4ngu l\u00f5ppedes ja t\u00e4iskasvanu suunamisel enda j\u00e4relt m\u00e4nguasjad \u00e4ra panna<\/li>\n<li>Laps oskab riietuda ja vajadusel k\u00fcsib t\u00e4iskasvanu abi;<\/li>\n<li>Laps saab aru lihtsamatest korraldustest, nagu n\u00e4iteks pane, too, vii, l\u00e4heme, tule jne.<\/li>\n<\/ul>\n<p><strong>LASTEAIAGA KOHANEMINE<\/strong><\/p>\n<p>M\u00f5nda aega enne lasteaeda tulekut j\u00e4rgige kodus sama p\u00e4evakava, mis on lasteaias.<\/p>\n<p>Enne lasteaeda tulekut tutvuge koos lapsega r\u00fchmaruumide, m\u00e4nguv\u00e4ljaku ja \u00f5petajatega \u2013 laske lapsel uurida, avastada ja m\u00e4ngida.<\/p>\n<p>Esimesed kaks lasteaiap\u00e4eva olgu v\u00f5imalusel l\u00fchemad &#8211; hommikus\u00f6\u00f6gist l\u00f5unas\u00f6\u00f6gini v\u00f5i paar tundi m\u00e4ngimist.<\/p>\n<p>Terveks p\u00e4evaks last lasteaeda j\u00e4ttes r\u00e4\u00e4kige talle juba kodus, mida ta lasteaias p\u00e4eva jooksul teeb (vt. p\u00e4evakava) ja millal talle j\u00e4rgi tullakse. Seej\u00e4rel kallistage ja j\u00e4tke lapsega h\u00fcvasti, andke laps \u00f5petajale \u00fcle, lehvitage ja lahkuge koheselt. Lasteaeda j\u00e4\u00e4mine on lapse jaoks kergem, kui vanem lahkub kiiresti. Laps saab nii \u00f5petajaga paremini usaldusliku kontakti luua.<\/p>\n<p>On hea, kui lapsel on kodust kaasa v\u00f5etud pehme kaisukas, mis pakub turvatunnet.<\/p>\n<p>Lasteaiaga harjutamise perioodil v\u00f5ib laps olla peale lasteaiap\u00e4eva tujukas ja v\u00e4sinud. Koju j\u00f5udes varuge aega, mis kuulub vaid lapsele (laps annab oma k\u00e4itumisega ise m\u00f5ista &#8211; kas ta soovib rohkem joosta, h\u00fcpata, jonnida, nutta v\u00f5i kaisus olla).<\/p>\n<p>Sujuva kohanemise puhul lepib laps lasteaiaga 10-15 p\u00e4evaga, raskemal juhul kulub 1-2 kuud v\u00f5i rohkemgi.<\/p>\n<p><strong>SOOVITUSED:<\/strong><\/p>\n<ul>\n<li>Kohanemise perioodil v\u00f5imaldage lapsele l\u00fchemaid lasteaiap\u00e4evi ja peale lasteaiaga harjumist v\u00f5ib soovi korral anda lapsele lisa puhkep\u00e4evi.<\/li>\n<li>Peale haigestumist ravige laps alati t\u00e4iesti terveks ja alles siis tooge ta uuesti lasteaeda. Nii on lapse organism tugevam ja uutele haigustele v\u00e4hem vastuv\u00f5tlik.<\/li>\n<\/ul>\n","protected":false},"excerpt":{"rendered":"<p>KODUNE ETTEVALMISTUS Kohanemine lasteaiaga on lapse jaoks kergem, kui last on juba kodus selleks ette valmistatud.\u00a0Mida iseseisvam on laps, seda&#8230;<\/p>\n","protected":false},"author":2,"featured_media":0,"parent":44,"menu_order":40,"comment_status":"closed","ping_status":"closed","template":"","meta":{"_acf_changed":false,"footnotes":""},"class_list":["post-931","page","type-page","status-publish","hentry"],"yoast_head":"<!-- This site is optimized with the Yoast SEO plugin v27.2 - https:\/\/yoast.com\/product\/yoast-seo-wordpress\/ -->\n<title>Laps tuleb lasteaeda - Peetri Lasteaed<\/title>\n<meta name=\"robots\" content=\"index, follow, max-snippet:-1, max-image-preview:large, max-video-preview:-1\" \/>\n<link rel=\"canonical\" href=\"https:\/\/www.peetri.edu.ee\/lasteaed\/lapsevanemale\/laps-tuleb-lasteaeda\/\" \/>\n<meta property=\"og:locale\" content=\"et_EE\" \/>\n<meta property=\"og:type\" content=\"article\" \/>\n<meta property=\"og:title\" content=\"Laps tuleb lasteaeda - Peetri Lasteaed\" \/>\n<meta property=\"og:description\" content=\"KODUNE ETTEVALMISTUS Kohanemine lasteaiaga on lapse jaoks kergem, kui last on juba kodus selleks ette valmistatud.\u00a0Mida iseseisvam on laps, seda...\" \/>\n<meta property=\"og:url\" content=\"https:\/\/www.peetri.edu.ee\/lasteaed\/lapsevanemale\/laps-tuleb-lasteaeda\/\" \/>\n<meta property=\"og:site_name\" content=\"Peetri Lasteaed\" \/>\n<meta property=\"article:modified_time\" content=\"2019-01-14T10:13:35+00:00\" \/>\n<meta name=\"twitter:card\" content=\"summary_large_image\" \/>\n<meta name=\"twitter:label1\" content=\"Est. reading time\" \/>\n\t<meta name=\"twitter:data1\" content=\"2 minutit\" \/>\n<script type=\"application\/ld+json\" class=\"yoast-schema-graph\">{\"@context\":\"https:\/\/schema.org\",\"@graph\":[{\"@type\":\"WebPage\",\"@id\":\"https:\/\/www.peetri.edu.ee\/lasteaed\/lapsevanemale\/laps-tuleb-lasteaeda\/\",\"url\":\"https:\/\/www.peetri.edu.ee\/lasteaed\/lapsevanemale\/laps-tuleb-lasteaeda\/\",\"name\":\"Laps tuleb lasteaeda - Peetri Lasteaed\",\"isPartOf\":{\"@id\":\"https:\/\/www.peetri.edu.ee\/lasteaed\/#website\"},\"datePublished\":\"2019-01-09T13:05:53+00:00\",\"dateModified\":\"2019-01-14T10:13:35+00:00\",\"breadcrumb\":{\"@id\":\"https:\/\/www.peetri.edu.ee\/lasteaed\/lapsevanemale\/laps-tuleb-lasteaeda\/#breadcrumb\"},\"inLanguage\":\"et\",\"potentialAction\":[{\"@type\":\"ReadAction\",\"target\":[\"https:\/\/www.peetri.edu.ee\/lasteaed\/lapsevanemale\/laps-tuleb-lasteaeda\/\"]}]},{\"@type\":\"BreadcrumbList\",\"@id\":\"https:\/\/www.peetri.edu.ee\/lasteaed\/lapsevanemale\/laps-tuleb-lasteaeda\/#breadcrumb\",\"itemListElement\":[{\"@type\":\"ListItem\",\"position\":1,\"name\":\"Home\",\"item\":\"https:\/\/www.peetri.edu.ee\/lasteaed\/\"},{\"@type\":\"ListItem\",\"position\":2,\"name\":\"Lapsevanemale\",\"item\":\"https:\/\/www.peetri.edu.ee\/lasteaed\/lapsevanemale\/\"},{\"@type\":\"ListItem\",\"position\":3,\"name\":\"Laps tuleb lasteaeda\"}]},{\"@type\":\"WebSite\",\"@id\":\"https:\/\/www.peetri.edu.ee\/lasteaed\/#website\",\"url\":\"https:\/\/www.peetri.edu.ee\/lasteaed\/\",\"name\":\"Peetri Lasteaed\",\"description\":\"Igas inimeses on p\u00e4ike, laskem tal s\u00e4rada\",\"potentialAction\":[{\"@type\":\"SearchAction\",\"target\":{\"@type\":\"EntryPoint\",\"urlTemplate\":\"https:\/\/www.peetri.edu.ee\/lasteaed\/?s={search_term_string}\"},\"query-input\":{\"@type\":\"PropertyValueSpecification\",\"valueRequired\":true,\"valueName\":\"search_term_string\"}}],\"inLanguage\":\"et\"}]}<\/script>\n<!-- \/ Yoast SEO plugin. -->","yoast_head_json":{"title":"Laps tuleb lasteaeda - Peetri Lasteaed","robots":{"index":"index","follow":"follow","max-snippet":"max-snippet:-1","max-image-preview":"max-image-preview:large","max-video-preview":"max-video-preview:-1"},"canonical":"https:\/\/www.peetri.edu.ee\/lasteaed\/lapsevanemale\/laps-tuleb-lasteaeda\/","og_locale":"et_EE","og_type":"article","og_title":"Laps tuleb lasteaeda - Peetri Lasteaed","og_description":"KODUNE ETTEVALMISTUS Kohanemine lasteaiaga on lapse jaoks kergem, kui last on juba kodus selleks ette valmistatud.\u00a0Mida iseseisvam on laps, seda...","og_url":"https:\/\/www.peetri.edu.ee\/lasteaed\/lapsevanemale\/laps-tuleb-lasteaeda\/","og_site_name":"Peetri Lasteaed","article_modified_time":"2019-01-14T10:13:35+00:00","twitter_card":"summary_large_image","twitter_misc":{"Est. reading time":"2 minutit"},"schema":{"@context":"https:\/\/schema.org","@graph":[{"@type":"WebPage","@id":"https:\/\/www.peetri.edu.ee\/lasteaed\/lapsevanemale\/laps-tuleb-lasteaeda\/","url":"https:\/\/www.peetri.edu.ee\/lasteaed\/lapsevanemale\/laps-tuleb-lasteaeda\/","name":"Laps tuleb lasteaeda - Peetri Lasteaed","isPartOf":{"@id":"https:\/\/www.peetri.edu.ee\/lasteaed\/#website"},"datePublished":"2019-01-09T13:05:53+00:00","dateModified":"2019-01-14T10:13:35+00:00","breadcrumb":{"@id":"https:\/\/www.peetri.edu.ee\/lasteaed\/lapsevanemale\/laps-tuleb-lasteaeda\/#breadcrumb"},"inLanguage":"et","potentialAction":[{"@type":"ReadAction","target":["https:\/\/www.peetri.edu.ee\/lasteaed\/lapsevanemale\/laps-tuleb-lasteaeda\/"]}]},{"@type":"BreadcrumbList","@id":"https:\/\/www.peetri.edu.ee\/lasteaed\/lapsevanemale\/laps-tuleb-lasteaeda\/#breadcrumb","itemListElement":[{"@type":"ListItem","position":1,"name":"Home","item":"https:\/\/www.peetri.edu.ee\/lasteaed\/"},{"@type":"ListItem","position":2,"name":"Lapsevanemale","item":"https:\/\/www.peetri.edu.ee\/lasteaed\/lapsevanemale\/"},{"@type":"ListItem","position":3,"name":"Laps tuleb lasteaeda"}]},{"@type":"WebSite","@id":"https:\/\/www.peetri.edu.ee\/lasteaed\/#website","url":"https:\/\/www.peetri.edu.ee\/lasteaed\/","name":"Peetri Lasteaed","description":"Igas inimeses on p\u00e4ike, laskem tal s\u00e4rada","potentialAction":[{"@type":"SearchAction","target":{"@type":"EntryPoint","urlTemplate":"https:\/\/www.peetri.edu.ee\/lasteaed\/?s={search_term_string}"},"query-input":{"@type":"PropertyValueSpecification","valueRequired":true,"valueName":"search_term_string"}}],"inLanguage":"et"}]}},"acf":[],"_links":{"self":[{"href":"https:\/\/www.peetri.edu.ee\/lasteaed\/wp-json\/wp\/v2\/pages\/931","targetHints":{"allow":["GET"]}}],"collection":[{"href":"https:\/\/www.peetri.edu.ee\/lasteaed\/wp-json\/wp\/v2\/pages"}],"about":[{"href":"https:\/\/www.peetri.edu.ee\/lasteaed\/wp-json\/wp\/v2\/types\/page"}],"author":[{"embeddable":true,"href":"https:\/\/www.peetri.edu.ee\/lasteaed\/wp-json\/wp\/v2\/users\/2"}],"replies":[{"embeddable":true,"href":"https:\/\/www.peetri.edu.ee\/lasteaed\/wp-json\/wp\/v2\/comments?post=931"}],"version-history":[{"count":2,"href":"https:\/\/www.peetri.edu.ee\/lasteaed\/wp-json\/wp\/v2\/pages\/931\/revisions"}],"predecessor-version":[{"id":944,"href":"https:\/\/www.peetri.edu.ee\/lasteaed\/wp-json\/wp\/v2\/pages\/931\/revisions\/944"}],"up":[{"embeddable":true,"href":"https:\/\/www.peetri.edu.ee\/lasteaed\/wp-json\/wp\/v2\/pages\/44"}],"wp:attachment":[{"href":"https:\/\/www.peetri.edu.ee\/lasteaed\/wp-json\/wp\/v2\/media?parent=931"}],"curies":[{"name":"wp","href":"https:\/\/api.w.org\/{rel}","templated":true}]}}