{"id":922,"date":"2019-01-09T14:52:09","date_gmt":"2019-01-09T12:52:09","guid":{"rendered":"https:\/\/www.peetri.edu.ee\/lasteaed\/?page_id=922"},"modified":"2020-11-04T09:19:18","modified_gmt":"2020-11-04T07:19:18","slug":"erivajadusega-laps","status":"publish","type":"page","link":"https:\/\/www.peetri.edu.ee\/lasteaed\/meie-lasteaed\/tugivorgustik\/erivajadusega-laps\/","title":{"rendered":"Erivajadusega laps"},"content":{"rendered":"<p><strong>Erivajadusega laps<\/strong><\/p>\n<p>Peetri Lasteaed v\u00e4\u00e4rtustab iga lapse erip\u00e4ra ja ainulaadsust. Antud \u00f5ppekava kontekstis defineerib Peetri Lasteaed erivajadusega last j\u00e4rgmiselt:<\/p>\n<p><strong>Erivajadustega lapsed<\/strong> on lapsed, kes erinevad v\u00f5imetelt, kultuuriliselt v\u00f5i sotsiaalselt taustalt ja isiksuse-omadustelt eakaaslastelt sedav\u00f5rd, et vajavad oma arengupotensiaali realiseerimiseks keskkonna \u00fcmberkorraldamist. Koolieelses eas avalduvaid erivajadusi nimetatakse <strong>arengulisteks erivajadusteks<\/strong> (AEV), kooliealiste laste puhul k\u00f5neldakse <strong>hariduslikest erivajadustest<\/strong> (HEV). (K\u00f5rgesaar 2002: 10).<\/p>\n<p><strong>Emotsionaalsed ja k\u00e4itumish\u00e4iretega lapsed<\/strong><\/p>\n<p>Tundeeluraskutega lapsed on tundlikumad\/\u00fclitundlikud ja nende hirm ning \u00e4revuse tase on tavap\u00e4rasest suurem ja segab nende laste igap\u00e4evast toimetulekut (kohanemisraskused, hirm m\u00f5ne tegevuse ees, v\u00e4ljaspool kodu r\u00e4\u00e4kimise kartus jne). Koost\u00f6\u00f6s lapsevanemaga selgitatakse v\u00e4lja lapse \u00fclitundlikkuse ja\/v\u00f5i emotsionaalsete \u2013 ja\u00a0 k\u00e4itumisraskuste p\u00f5hjused. K\u00e4itumish\u00e4irete p\u00f5hjused v\u00f5ivad olla kas orgaanilised \u2013 meelepuuded, vaimne alaareng ja\/v\u00f5i sotsiaalsetest teguritest tingitud. K\u00e4itumisraskuseks loetakse korduvat, p\u00fcsivat v\u00f5i agressiivset k\u00e4itumist. Vajadusel tehakse kohandusi lapse kasvukeskkonnas ning \u00f5ppekasvatustegevustes. L\u00e4bi individuaalse l\u00e4henemise ja toetuse ning sealjuures liigse survestamiseta pakutakse turvatunnet misl\u00e4bi soovitakse v\u00e4hendada lapse hirmu ja \u00e4revust. Vajadusel soovitatakse lapsevanemal lapse tulemuslikumaks toetamiseks p\u00f6\u00f6rduda abi saamiseks erispetsialistide poole.<\/p>\n<p><strong>K\u00f5neh\u00e4iretega lapsed<\/strong><\/p>\n<p>Tegemist on arengu k\u00f5rvalekaldega, mis p\u00f5hjustab suuremaid v\u00f5i v\u00e4iksemaid raskusi enese v\u00e4ljendamisel v\u00f5i toimuva m\u00f5istmisel. Sotsiaalsele normile ei vasta kas kogu k\u00f5netegevus (k\u00f5neloome, k\u00f5netaju, suuline ja kirjalik k\u00f5ne) v\u00f5i selle komponendid (h\u00e4\u00e4ldamine, h\u00e4\u00e4l, tempo jt).<\/p>\n<p><strong>Muukeelsed<\/strong><\/p>\n<p>Eesti keelest erineva emakeelega lapsi k\u00e4sitletakse kui erivajadusega lapsi, kuna laps viibib kodus ja lasteaias erinevas keelekeskkonnas. Oluline on rikastada ja arendada muu emakeelega lapse eestikeelset\u00a0 s\u00f5navara ja seel\u00e4bi ka eestikeelset k\u00f5net. L\u00e4htutakse igap\u00e4evastest ja esmatasandilistest teemadest\u00a0 (s\u00f6\u00f6mine, riietumine, pesemine, magamine jne), k\u00e4sitletavatest \u00f5ppe-ja kasvatustegevuse n\u00e4dalateemadest ning \u00fcldisest arengust, et laps kohaneks lasteaiaga v\u00f5imalikult ruttu, saaks teda \u00fcmbritsevast suhtlusest aru, saaks ise aktiivselt osaleda m\u00e4ngudes ja tegevustes. Sealjuures tehakse koost\u00f6\u00f6d perega. Selgitatakse v\u00e4lja pere ootused, soovid, kodused kasvatusp\u00f5him\u00f5tted ja traditsioonid ning tehakse ses osas\u00a0 koost\u00f6\u00f6d. Vajadusel suunatakse lapsevanemaid apse keeletaseme t\u00f5husamaks arendamiseks r\u00e4\u00e4kima lapsega kodus eesti keelt, lugema ette eestikeelseid raamatuid, kuulama eestikeelseid lastelaule. Samas v\u00e4\u00e4rtustatakse muukeelse lapse emakeelt ja kultuurilisi traditsioone tutvustades neid r\u00fchmakaaslastele.<\/p>\n<p><strong>Aktiivsus-ja t\u00e4helepanuh\u00e4ire<\/strong><\/p>\n<p>Aktiivsus-ja t\u00e4helepanuh\u00e4ire e h\u00fcperaktiivsuse all m\u00f5eldakse\u00a0 eelk\u00f5ige h\u00e4ireid e. ise\u00e4rasusi lapse aktiivsuses ja t\u00e4helepanuv\u00f5imes. H\u00e4ire v\u00f5ib avalduda \u00fcliimpulsiivsusena v\u00f5i t\u00e4helepanematusena ning ka\u00a0 eelnimetatute kombinatsioonina. H\u00fcperaktiivsete joontega lapsed vajavad eelkoolieas erilist t\u00e4helepanu ja abi \u00f5ppetegevuste korraldamisel. Peamised abin\u00f5ud on rahulike, ilma keskendumist segavate teguriteta \u00f5ppimistingimuste loomine ja soovitavalt v\u00e4iksem r\u00fchm.<\/p>\n<p><strong>Pervasiivsed arenguh\u00e4ired<\/strong><\/p>\n<p>Tegemist on vastastikuse sotsiaalse m\u00f5jutamise ja suhtlemise kvalitatiivse kahjustusega, millega kaasneb lapse huvide ja tegevusaktide piiratus, stereot\u00fc\u00fcpsus ja monotoonne korduvus. V\u00f5ib t\u00e4heldada ka \u00fcldist kognitiivsete funktsioonide \u2013 taju, m\u00e4lu, m\u00f5tlemine kahjustust, kuid seda mitte alati. Antud tunnused on p\u00fcsivad, kuid varieeruvad oma avaldumise intensiivsuse poolest.<\/p>\n<p><strong>Emotsionaalsed ja k\u00e4itumish\u00e4iretega lapsed<\/strong><\/p>\n<p>Tundeeluraskutega lapsed on tundlikumad\/\u00fclitundlikud ja nende hirm ning \u00e4revuse tase on tavap\u00e4rasest suurem ja segab nende laste igap\u00e4evast toimetulekut (kohanemisraskused, hirm m\u00f5ne tegevuse ees, v\u00e4ljaspool kodu r\u00e4\u00e4kimise kartus jne). Koost\u00f6\u00f6s lapsevanemaga selgitatakse v\u00e4lja lapse \u00fclitundlikkuse p\u00f5hjus. K\u00e4itumish\u00e4irete p\u00f5hjused v\u00f5ivad olla kas orgaanilised \u2013 meelepuuded, vaimne alaareng ja\/v\u00f5i sotsiaalsetest teguritest tingitud. K\u00e4itumisraskuseks loetakse korduvat, p\u00fcsivat v\u00f5i agressiivset k\u00e4itumist. Koost\u00f6\u00f6s lapsevanemaga selgitatakse v\u00e4lja lapse emotsionaalsete \u2013 ja\u00a0 k\u00e4itumisraskuste p\u00f5hjused, vajadusel kaasatakse erispetsialist. Vajadusel tehakse kohandusi lapse kasvukeskkonnas ning \u00f5ppekasvatustegevustes.<\/p>\n<p><strong>Andekad lapsed<\/strong><\/p>\n<p>Andekaid lapsi iseloomustaavad tunduvalt \u00fcle keskmise \u00fcldv\u00f5imed, eesm\u00e4rgikindlus ja loovus. Vajadusel pakutakse andekatele lastele \u00f5ppeprotsessis keerulisemaid ja s\u00fcvenemist n\u00f5udvamaid \u00fclesandeid. Lapsi suunatakse ise teavet otsima ja seda r\u00fchmakaaslastega jagama.<\/p>\n<p><strong>Vasakuk\u00e4elised lapsed<\/strong><\/p>\n<p>Vastavalt k\u00e4elisusele kohandatakse t\u00f6\u00f6 \u00f5pikeskkonda. Antkase soovitusi lapsevanematele sobilike \u00f5ppevahendite valikul (vasakuk\u00e4elistele m\u00f5eldud pliiatsid, k\u00e4\u00e4rid jne).<\/p>\n<p><strong>Tervislikust seisundist l\u00e4htuvad<\/strong><\/p>\n<p>Siia alla kuuluvad lapsed, kelle tervislikust seisundist (allergiatest, diabeedsit jt) l\u00e4htuvalt on vaja teha \u00fcmberkorraldusi keskkonnas ja igap\u00e4evastes tegevustes.<\/p>\n<p><strong>Keha-ja meelepuuded<\/strong><\/p>\n<p>Keha-ja meelepuuete alla kuuluvad kuulmis-; n\u00e4gemis-ja kehapuudega lapsed. Kuulmis-ja n\u00e4gemispuue kuulub meelepuuete r\u00fchma ning kahjustatud on vastavad meeleorganid ning seet\u00f5ttu kogu last \u00fcmbritseva maailma tajumine ja m\u00f5istmine. Kehapuuded avalduvad eelk\u00f5ige toimetuleku piirangutena eakaaslastega samav\u00e4\u00e4rses liikumisv\u00f5imaluses. \u00d5ppe-ja kasvatust\u00f6\u00f6s on l\u00e4htuvalt puudest vajalik teha muudatusi ja\u00a0 kohandusi nii \u00f5ppemeetodites kui keskkonnas.<\/p>\n","protected":false},"excerpt":{"rendered":"<p>Erivajadusega laps Peetri Lasteaed v\u00e4\u00e4rtustab iga lapse erip\u00e4ra ja ainulaadsust. Antud \u00f5ppekava kontekstis defineerib Peetri Lasteaed erivajadusega last j\u00e4rgmiselt: Erivajadustega&#8230;<\/p>\n","protected":false},"author":2,"featured_media":0,"parent":1060,"menu_order":40,"comment_status":"closed","ping_status":"closed","template":"","meta":{"_acf_changed":false,"footnotes":""},"class_list":["post-922","page","type-page","status-publish","hentry"],"yoast_head":"<!-- This site is optimized with the Yoast SEO plugin v27.2 - https:\/\/yoast.com\/product\/yoast-seo-wordpress\/ -->\n<title>Erivajadusega laps - Peetri Lasteaed<\/title>\n<meta name=\"robots\" content=\"index, follow, max-snippet:-1, max-image-preview:large, max-video-preview:-1\" \/>\n<link rel=\"canonical\" href=\"https:\/\/www.peetri.edu.ee\/lasteaed\/meie-lasteaed\/tugivorgustik\/erivajadusega-laps\/\" \/>\n<meta property=\"og:locale\" content=\"et_EE\" \/>\n<meta property=\"og:type\" content=\"article\" \/>\n<meta property=\"og:title\" content=\"Erivajadusega laps - Peetri Lasteaed\" \/>\n<meta property=\"og:description\" content=\"Erivajadusega laps Peetri Lasteaed v\u00e4\u00e4rtustab iga lapse erip\u00e4ra ja ainulaadsust. Antud \u00f5ppekava kontekstis defineerib Peetri Lasteaed erivajadusega last j\u00e4rgmiselt: Erivajadustega...\" \/>\n<meta property=\"og:url\" content=\"https:\/\/www.peetri.edu.ee\/lasteaed\/meie-lasteaed\/tugivorgustik\/erivajadusega-laps\/\" \/>\n<meta property=\"og:site_name\" content=\"Peetri Lasteaed\" \/>\n<meta property=\"article:modified_time\" content=\"2020-11-04T07:19:18+00:00\" \/>\n<meta name=\"twitter:card\" content=\"summary_large_image\" \/>\n<meta name=\"twitter:label1\" content=\"Est. reading time\" \/>\n\t<meta name=\"twitter:data1\" content=\"4 minutit\" \/>\n<script type=\"application\/ld+json\" class=\"yoast-schema-graph\">{\"@context\":\"https:\/\/schema.org\",\"@graph\":[{\"@type\":\"WebPage\",\"@id\":\"https:\/\/www.peetri.edu.ee\/lasteaed\/meie-lasteaed\/tugivorgustik\/erivajadusega-laps\/\",\"url\":\"https:\/\/www.peetri.edu.ee\/lasteaed\/meie-lasteaed\/tugivorgustik\/erivajadusega-laps\/\",\"name\":\"Erivajadusega laps - Peetri Lasteaed\",\"isPartOf\":{\"@id\":\"https:\/\/www.peetri.edu.ee\/lasteaed\/#website\"},\"datePublished\":\"2019-01-09T12:52:09+00:00\",\"dateModified\":\"2020-11-04T07:19:18+00:00\",\"breadcrumb\":{\"@id\":\"https:\/\/www.peetri.edu.ee\/lasteaed\/meie-lasteaed\/tugivorgustik\/erivajadusega-laps\/#breadcrumb\"},\"inLanguage\":\"et\",\"potentialAction\":[{\"@type\":\"ReadAction\",\"target\":[\"https:\/\/www.peetri.edu.ee\/lasteaed\/meie-lasteaed\/tugivorgustik\/erivajadusega-laps\/\"]}]},{\"@type\":\"BreadcrumbList\",\"@id\":\"https:\/\/www.peetri.edu.ee\/lasteaed\/meie-lasteaed\/tugivorgustik\/erivajadusega-laps\/#breadcrumb\",\"itemListElement\":[{\"@type\":\"ListItem\",\"position\":1,\"name\":\"Home\",\"item\":\"https:\/\/www.peetri.edu.ee\/lasteaed\/\"},{\"@type\":\"ListItem\",\"position\":2,\"name\":\"Meie lasteaed\",\"item\":\"https:\/\/www.peetri.edu.ee\/lasteaed\/\"},{\"@type\":\"ListItem\",\"position\":3,\"name\":\"Tugiv\u00f5rgustik\",\"item\":\"https:\/\/www.peetri.edu.ee\/lasteaed\/meie-lasteaed\/tugivorgustik\/\"},{\"@type\":\"ListItem\",\"position\":4,\"name\":\"Erivajadusega laps\"}]},{\"@type\":\"WebSite\",\"@id\":\"https:\/\/www.peetri.edu.ee\/lasteaed\/#website\",\"url\":\"https:\/\/www.peetri.edu.ee\/lasteaed\/\",\"name\":\"Peetri Lasteaed\",\"description\":\"Igas inimeses on p\u00e4ike, laskem tal s\u00e4rada\",\"potentialAction\":[{\"@type\":\"SearchAction\",\"target\":{\"@type\":\"EntryPoint\",\"urlTemplate\":\"https:\/\/www.peetri.edu.ee\/lasteaed\/?s={search_term_string}\"},\"query-input\":{\"@type\":\"PropertyValueSpecification\",\"valueRequired\":true,\"valueName\":\"search_term_string\"}}],\"inLanguage\":\"et\"}]}<\/script>\n<!-- \/ Yoast SEO plugin. -->","yoast_head_json":{"title":"Erivajadusega laps - Peetri Lasteaed","robots":{"index":"index","follow":"follow","max-snippet":"max-snippet:-1","max-image-preview":"max-image-preview:large","max-video-preview":"max-video-preview:-1"},"canonical":"https:\/\/www.peetri.edu.ee\/lasteaed\/meie-lasteaed\/tugivorgustik\/erivajadusega-laps\/","og_locale":"et_EE","og_type":"article","og_title":"Erivajadusega laps - Peetri Lasteaed","og_description":"Erivajadusega laps Peetri Lasteaed v\u00e4\u00e4rtustab iga lapse erip\u00e4ra ja ainulaadsust. Antud \u00f5ppekava kontekstis defineerib Peetri Lasteaed erivajadusega last j\u00e4rgmiselt: Erivajadustega...","og_url":"https:\/\/www.peetri.edu.ee\/lasteaed\/meie-lasteaed\/tugivorgustik\/erivajadusega-laps\/","og_site_name":"Peetri Lasteaed","article_modified_time":"2020-11-04T07:19:18+00:00","twitter_card":"summary_large_image","twitter_misc":{"Est. reading time":"4 minutit"},"schema":{"@context":"https:\/\/schema.org","@graph":[{"@type":"WebPage","@id":"https:\/\/www.peetri.edu.ee\/lasteaed\/meie-lasteaed\/tugivorgustik\/erivajadusega-laps\/","url":"https:\/\/www.peetri.edu.ee\/lasteaed\/meie-lasteaed\/tugivorgustik\/erivajadusega-laps\/","name":"Erivajadusega laps - Peetri Lasteaed","isPartOf":{"@id":"https:\/\/www.peetri.edu.ee\/lasteaed\/#website"},"datePublished":"2019-01-09T12:52:09+00:00","dateModified":"2020-11-04T07:19:18+00:00","breadcrumb":{"@id":"https:\/\/www.peetri.edu.ee\/lasteaed\/meie-lasteaed\/tugivorgustik\/erivajadusega-laps\/#breadcrumb"},"inLanguage":"et","potentialAction":[{"@type":"ReadAction","target":["https:\/\/www.peetri.edu.ee\/lasteaed\/meie-lasteaed\/tugivorgustik\/erivajadusega-laps\/"]}]},{"@type":"BreadcrumbList","@id":"https:\/\/www.peetri.edu.ee\/lasteaed\/meie-lasteaed\/tugivorgustik\/erivajadusega-laps\/#breadcrumb","itemListElement":[{"@type":"ListItem","position":1,"name":"Home","item":"https:\/\/www.peetri.edu.ee\/lasteaed\/"},{"@type":"ListItem","position":2,"name":"Meie lasteaed","item":"https:\/\/www.peetri.edu.ee\/lasteaed\/"},{"@type":"ListItem","position":3,"name":"Tugiv\u00f5rgustik","item":"https:\/\/www.peetri.edu.ee\/lasteaed\/meie-lasteaed\/tugivorgustik\/"},{"@type":"ListItem","position":4,"name":"Erivajadusega laps"}]},{"@type":"WebSite","@id":"https:\/\/www.peetri.edu.ee\/lasteaed\/#website","url":"https:\/\/www.peetri.edu.ee\/lasteaed\/","name":"Peetri Lasteaed","description":"Igas inimeses on p\u00e4ike, laskem tal s\u00e4rada","potentialAction":[{"@type":"SearchAction","target":{"@type":"EntryPoint","urlTemplate":"https:\/\/www.peetri.edu.ee\/lasteaed\/?s={search_term_string}"},"query-input":{"@type":"PropertyValueSpecification","valueRequired":true,"valueName":"search_term_string"}}],"inLanguage":"et"}]}},"acf":[],"_links":{"self":[{"href":"https:\/\/www.peetri.edu.ee\/lasteaed\/wp-json\/wp\/v2\/pages\/922","targetHints":{"allow":["GET"]}}],"collection":[{"href":"https:\/\/www.peetri.edu.ee\/lasteaed\/wp-json\/wp\/v2\/pages"}],"about":[{"href":"https:\/\/www.peetri.edu.ee\/lasteaed\/wp-json\/wp\/v2\/types\/page"}],"author":[{"embeddable":true,"href":"https:\/\/www.peetri.edu.ee\/lasteaed\/wp-json\/wp\/v2\/users\/2"}],"replies":[{"embeddable":true,"href":"https:\/\/www.peetri.edu.ee\/lasteaed\/wp-json\/wp\/v2\/comments?post=922"}],"version-history":[{"count":3,"href":"https:\/\/www.peetri.edu.ee\/lasteaed\/wp-json\/wp\/v2\/pages\/922\/revisions"}],"predecessor-version":[{"id":1009,"href":"https:\/\/www.peetri.edu.ee\/lasteaed\/wp-json\/wp\/v2\/pages\/922\/revisions\/1009"}],"up":[{"embeddable":true,"href":"https:\/\/www.peetri.edu.ee\/lasteaed\/wp-json\/wp\/v2\/pages\/1060"}],"wp:attachment":[{"href":"https:\/\/www.peetri.edu.ee\/lasteaed\/wp-json\/wp\/v2\/media?parent=922"}],"curies":[{"name":"wp","href":"https:\/\/api.w.org\/{rel}","templated":true}]}}