{"id":918,"date":"2019-01-09T14:51:00","date_gmt":"2019-01-09T12:51:00","guid":{"rendered":"https:\/\/www.peetri.edu.ee\/lasteaed\/?page_id=918"},"modified":"2023-12-27T13:16:21","modified_gmt":"2023-12-27T11:16:21","slug":"oppemetoodikad","status":"publish","type":"page","link":"https:\/\/www.peetri.edu.ee\/lasteaed\/oppe-ja-kasvatustoo\/oppemetoodikad\/","title":{"rendered":"\u00d5ppemetoodikad"},"content":{"rendered":"<p>Peetri Lasteaia r\u00fchmades on \u00f5petajatel v\u00f5imalik l\u00e4htuda keskkonna loomisel ja tegevuste planeerimisel ning teostamisel erinevatest \u00f5ppemetoodikatest.<\/p>\n<p><strong>Laste \u00f5ppe- ja kasvatust\u00f6\u00f6 l\u00e4biviimisel kasutatakse erinevaid metoodikaid ning t\u00f6\u00f6viise:<\/strong><\/p>\n<ul>\n<li>\u00a0\u00a0M\u00e4ngu kaudu \u00f5ppimine \u2013 m\u00e4ng on lapse p\u00f5hitegevus ja toetab isiksuse terviklikku arengut, aitab v\u00e4\u00e4rtustada humaanseid ja demokraatlikke suhteid<\/li>\n<\/ul>\n<ul>\n<li>\u00a0\u00a0Tegevused on l\u00f5imitud \u2013 \u00f5ppeprotsess on rajatud erinevate valdkondade teadmisi l\u00f5imivatele tegevustele, mis omakorda seostatakse n\u00e4dala teemade abil<\/li>\n<\/ul>\n<ul>\n<li>\u00a0\u00a0J. K\u00e4isi\u00a0\u00fcld\u00f5petuse p\u00f5him\u00f5tet \u2013 \u00f5ppe- ja kasvutust\u00f6\u00f6 l\u00e4biviimisel kasutatakse \u00fcld\u00f5petuse p\u00f5him\u00f5tet, koduloolisuse printsiipi, kus \u00f5petatav on seotud kodukoha, \u00fcmbritseva looduse, lapse elu ja \u00fcmbritseva keskkonnaga<\/li>\n<\/ul>\n<ul>\n<li>Liider minus endas (7 harjumust) &#8211; Programmi peamised p\u00f5him\u00f5tted on lihtsad: elus oluliste p\u00f5hiv\u00e4\u00e4rtuste arendamine, vastutuse v\u00f5tmine ja kandmine, iseenese tugevuste ning n\u00f5rkuste tundmine ning head suhted ja koost\u00f6\u00f6 kaaslastega.\u00a0Liidriks olemist me tavaliselt lastega ei seosta. Olla liider ei t\u00e4henda seda, et peab p\u00fc\u00fcdlema k\u00f5rgete v\u00f5i h\u00e4stimakstud ametite poole, k\u00fcll aga aitab see \u00fcha kiiremini muutuvas maailmas \u00fcksk\u00f5ik mis elualal h\u00e4sti hakkama saada.<\/li>\n<\/ul>\n<ul>\n<li>Alternatiivmetoodikate elemente (<u><a href=\"http:\/\/heaalgus.ee\/\">Hea Alguse metoodika<\/a><\/u><u>,\u00a0<\/u><u><a href=\"https:\/\/www.montessorieesti.ee\/et\/montessori\/pedagoogika\/montessori-pedagoogika\">Montessori pedagoogika<\/a><\/u>)<\/li>\n<\/ul>\n<ul>\n<li>\u00a0Projekti \u201eKiusamisest vaba lasteaed\u201c p\u00f5him\u00f5tteid, mis on ennetava iseloomuga ja \u00fcles ehitatud sotsiaalsete k\u00e4itumismudelite harjutamisele ning mille eesm\u00e4rk on tugevdada lastevahelist \u00fchtsustunnet. K\u00e4itumismudelite omaks v\u00f5tmisega kujuneb lastel v\u00e4lja hea ja p\u00fcsiv k\u00e4itumiskultuur.<u><\/u><\/li>\n<\/ul>\n<ul>\n<li>Samm-sammult \u00f5ppeprogramm,\u00a0mille eesm\u00e4rgiks on toetada laste sotsiaalsete oskuste arengut \u00f5petades neile empaatiat, tunnetega toimetulekut ja probleemide lahendamise olulisi samme. Tegemist on ennetusprogrammiga,\u00a0mida rakendatakse tervele lastegrupile, mitte ainult kindlale sihtr\u00fchmale.<\/li>\n<\/ul>\n<ul>\n<li>\u00d5ues\u00f5pet ja avastuslikku \u00f5pet<\/li>\n<\/ul>\n","protected":false},"excerpt":{"rendered":"<p>Peetri Lasteaia r\u00fchmades on \u00f5petajatel v\u00f5imalik l\u00e4htuda keskkonna loomisel ja tegevuste planeerimisel ning teostamisel erinevatest \u00f5ppemetoodikatest. Laste \u00f5ppe- ja kasvatust\u00f6\u00f6&#8230;<\/p>\n","protected":false},"author":2,"featured_media":0,"parent":131,"menu_order":1,"comment_status":"closed","ping_status":"closed","template":"","meta":{"_acf_changed":false,"footnotes":""},"class_list":["post-918","page","type-page","status-publish","hentry"],"yoast_head":"<!-- This site is optimized with the Yoast SEO plugin v27.2 - https:\/\/yoast.com\/product\/yoast-seo-wordpress\/ -->\n<title>\u00d5ppemetoodikad - Peetri Lasteaed<\/title>\n<meta name=\"robots\" content=\"index, follow, max-snippet:-1, max-image-preview:large, max-video-preview:-1\" \/>\n<link rel=\"canonical\" href=\"https:\/\/www.peetri.edu.ee\/lasteaed\/oppe-ja-kasvatustoo\/oppemetoodikad\/\" \/>\n<meta property=\"og:locale\" content=\"et_EE\" \/>\n<meta property=\"og:type\" content=\"article\" \/>\n<meta property=\"og:title\" content=\"\u00d5ppemetoodikad - Peetri Lasteaed\" \/>\n<meta property=\"og:description\" content=\"Peetri Lasteaia r\u00fchmades on \u00f5petajatel v\u00f5imalik l\u00e4htuda keskkonna loomisel ja tegevuste planeerimisel ning teostamisel erinevatest \u00f5ppemetoodikatest. Laste \u00f5ppe- ja kasvatust\u00f6\u00f6...\" \/>\n<meta property=\"og:url\" content=\"https:\/\/www.peetri.edu.ee\/lasteaed\/oppe-ja-kasvatustoo\/oppemetoodikad\/\" \/>\n<meta property=\"og:site_name\" content=\"Peetri Lasteaed\" \/>\n<meta property=\"article:modified_time\" content=\"2023-12-27T11:16:21+00:00\" \/>\n<meta name=\"twitter:card\" content=\"summary_large_image\" \/>\n<meta name=\"twitter:label1\" content=\"Est. reading time\" \/>\n\t<meta name=\"twitter:data1\" content=\"1 minut\" \/>\n<script type=\"application\/ld+json\" class=\"yoast-schema-graph\">{\"@context\":\"https:\/\/schema.org\",\"@graph\":[{\"@type\":\"WebPage\",\"@id\":\"https:\/\/www.peetri.edu.ee\/lasteaed\/oppe-ja-kasvatustoo\/oppemetoodikad\/\",\"url\":\"https:\/\/www.peetri.edu.ee\/lasteaed\/oppe-ja-kasvatustoo\/oppemetoodikad\/\",\"name\":\"\u00d5ppemetoodikad - Peetri Lasteaed\",\"isPartOf\":{\"@id\":\"https:\/\/www.peetri.edu.ee\/lasteaed\/#website\"},\"datePublished\":\"2019-01-09T12:51:00+00:00\",\"dateModified\":\"2023-12-27T11:16:21+00:00\",\"breadcrumb\":{\"@id\":\"https:\/\/www.peetri.edu.ee\/lasteaed\/oppe-ja-kasvatustoo\/oppemetoodikad\/#breadcrumb\"},\"inLanguage\":\"et\",\"potentialAction\":[{\"@type\":\"ReadAction\",\"target\":[\"https:\/\/www.peetri.edu.ee\/lasteaed\/oppe-ja-kasvatustoo\/oppemetoodikad\/\"]}]},{\"@type\":\"BreadcrumbList\",\"@id\":\"https:\/\/www.peetri.edu.ee\/lasteaed\/oppe-ja-kasvatustoo\/oppemetoodikad\/#breadcrumb\",\"itemListElement\":[{\"@type\":\"ListItem\",\"position\":1,\"name\":\"Home\",\"item\":\"https:\/\/www.peetri.edu.ee\/lasteaed\/\"},{\"@type\":\"ListItem\",\"position\":2,\"name\":\"\u00d5ppe- ja kasvatust\u00f6\u00f6\",\"item\":\"https:\/\/www.peetri.edu.ee\/lasteaed\/oppe-ja-kasvatustoo\/\"},{\"@type\":\"ListItem\",\"position\":3,\"name\":\"\u00d5ppemetoodikad\"}]},{\"@type\":\"WebSite\",\"@id\":\"https:\/\/www.peetri.edu.ee\/lasteaed\/#website\",\"url\":\"https:\/\/www.peetri.edu.ee\/lasteaed\/\",\"name\":\"Peetri Lasteaed\",\"description\":\"Igas inimeses on p\u00e4ike, laskem tal s\u00e4rada\",\"potentialAction\":[{\"@type\":\"SearchAction\",\"target\":{\"@type\":\"EntryPoint\",\"urlTemplate\":\"https:\/\/www.peetri.edu.ee\/lasteaed\/?s={search_term_string}\"},\"query-input\":{\"@type\":\"PropertyValueSpecification\",\"valueRequired\":true,\"valueName\":\"search_term_string\"}}],\"inLanguage\":\"et\"}]}<\/script>\n<!-- \/ Yoast SEO plugin. -->","yoast_head_json":{"title":"\u00d5ppemetoodikad - Peetri Lasteaed","robots":{"index":"index","follow":"follow","max-snippet":"max-snippet:-1","max-image-preview":"max-image-preview:large","max-video-preview":"max-video-preview:-1"},"canonical":"https:\/\/www.peetri.edu.ee\/lasteaed\/oppe-ja-kasvatustoo\/oppemetoodikad\/","og_locale":"et_EE","og_type":"article","og_title":"\u00d5ppemetoodikad - Peetri Lasteaed","og_description":"Peetri Lasteaia r\u00fchmades on \u00f5petajatel v\u00f5imalik l\u00e4htuda keskkonna loomisel ja tegevuste planeerimisel ning teostamisel erinevatest \u00f5ppemetoodikatest. Laste \u00f5ppe- ja kasvatust\u00f6\u00f6...","og_url":"https:\/\/www.peetri.edu.ee\/lasteaed\/oppe-ja-kasvatustoo\/oppemetoodikad\/","og_site_name":"Peetri Lasteaed","article_modified_time":"2023-12-27T11:16:21+00:00","twitter_card":"summary_large_image","twitter_misc":{"Est. reading time":"1 minut"},"schema":{"@context":"https:\/\/schema.org","@graph":[{"@type":"WebPage","@id":"https:\/\/www.peetri.edu.ee\/lasteaed\/oppe-ja-kasvatustoo\/oppemetoodikad\/","url":"https:\/\/www.peetri.edu.ee\/lasteaed\/oppe-ja-kasvatustoo\/oppemetoodikad\/","name":"\u00d5ppemetoodikad - Peetri Lasteaed","isPartOf":{"@id":"https:\/\/www.peetri.edu.ee\/lasteaed\/#website"},"datePublished":"2019-01-09T12:51:00+00:00","dateModified":"2023-12-27T11:16:21+00:00","breadcrumb":{"@id":"https:\/\/www.peetri.edu.ee\/lasteaed\/oppe-ja-kasvatustoo\/oppemetoodikad\/#breadcrumb"},"inLanguage":"et","potentialAction":[{"@type":"ReadAction","target":["https:\/\/www.peetri.edu.ee\/lasteaed\/oppe-ja-kasvatustoo\/oppemetoodikad\/"]}]},{"@type":"BreadcrumbList","@id":"https:\/\/www.peetri.edu.ee\/lasteaed\/oppe-ja-kasvatustoo\/oppemetoodikad\/#breadcrumb","itemListElement":[{"@type":"ListItem","position":1,"name":"Home","item":"https:\/\/www.peetri.edu.ee\/lasteaed\/"},{"@type":"ListItem","position":2,"name":"\u00d5ppe- ja kasvatust\u00f6\u00f6","item":"https:\/\/www.peetri.edu.ee\/lasteaed\/oppe-ja-kasvatustoo\/"},{"@type":"ListItem","position":3,"name":"\u00d5ppemetoodikad"}]},{"@type":"WebSite","@id":"https:\/\/www.peetri.edu.ee\/lasteaed\/#website","url":"https:\/\/www.peetri.edu.ee\/lasteaed\/","name":"Peetri Lasteaed","description":"Igas inimeses on p\u00e4ike, laskem tal s\u00e4rada","potentialAction":[{"@type":"SearchAction","target":{"@type":"EntryPoint","urlTemplate":"https:\/\/www.peetri.edu.ee\/lasteaed\/?s={search_term_string}"},"query-input":{"@type":"PropertyValueSpecification","valueRequired":true,"valueName":"search_term_string"}}],"inLanguage":"et"}]}},"acf":[],"_links":{"self":[{"href":"https:\/\/www.peetri.edu.ee\/lasteaed\/wp-json\/wp\/v2\/pages\/918","targetHints":{"allow":["GET"]}}],"collection":[{"href":"https:\/\/www.peetri.edu.ee\/lasteaed\/wp-json\/wp\/v2\/pages"}],"about":[{"href":"https:\/\/www.peetri.edu.ee\/lasteaed\/wp-json\/wp\/v2\/types\/page"}],"author":[{"embeddable":true,"href":"https:\/\/www.peetri.edu.ee\/lasteaed\/wp-json\/wp\/v2\/users\/2"}],"replies":[{"embeddable":true,"href":"https:\/\/www.peetri.edu.ee\/lasteaed\/wp-json\/wp\/v2\/comments?post=918"}],"version-history":[{"count":5,"href":"https:\/\/www.peetri.edu.ee\/lasteaed\/wp-json\/wp\/v2\/pages\/918\/revisions"}],"predecessor-version":[{"id":2303,"href":"https:\/\/www.peetri.edu.ee\/lasteaed\/wp-json\/wp\/v2\/pages\/918\/revisions\/2303"}],"up":[{"embeddable":true,"href":"https:\/\/www.peetri.edu.ee\/lasteaed\/wp-json\/wp\/v2\/pages\/131"}],"wp:attachment":[{"href":"https:\/\/www.peetri.edu.ee\/lasteaed\/wp-json\/wp\/v2\/media?parent=918"}],"curies":[{"name":"wp","href":"https:\/\/api.w.org\/{rel}","templated":true}]}}