{"id":733,"date":"2018-08-10T13:47:11","date_gmt":"2018-08-10T10:47:11","guid":{"rendered":"https:\/\/www.peetri.edu.ee\/lasteaed\/?page_id=733"},"modified":"2024-01-04T10:29:58","modified_gmt":"2024-01-04T08:29:58","slug":"dokumentatsioon","status":"publish","type":"page","link":"https:\/\/www.peetri.edu.ee\/lasteaed\/meie-lasteaed\/dokumentatsioon\/","title":{"rendered":"Dokumentatsioon"},"content":{"rendered":"<ul>\n<li><a href=\"https:\/\/lasteaiad.rae.ee\/oigusaktid\/\">https:\/\/lasteaiad.rae.ee\/oigusaktid\/<\/a><\/li>\n<li><a href=\"http:\/\/piksel.ee\/arno\/rae\"><strong>Lasteaiataotlus ja lasteaiast lahkumise taotlus<\/strong>\u00a0esitada\u00a0Rae valla haridusteenuste haldamise s\u00fcsteemis\u00a0<strong>ARNO<\/strong>.<\/a><\/li>\n<li><a href=\"https:\/\/www.peetri.edu.ee\/lasteaed\/wp-content\/uploads\/sites\/2\/2018\/08\/1_lasteaia-toidup\u00e4eva-maksumuse-kinnitamine-al-01.10.2020.pdf\">Direktori k\u00e4skkiri lasteaia toidukulu p\u00e4evamaksumuse kohta\u00a0(pdf)<\/a><\/li>\n<li><a href=\"https:\/\/www.riigiteataja.ee\/akt\/408012021002?leiaKehtiv\">Laste koolieelsesse lasteasutusse vastuv\u00f5tu ja sealt v\u00e4ljaarvamise kord<\/a><\/li>\n<li><a href=\"https:\/\/www.riigiteataja.ee\/akt\/426092019001\">Rae valla koolieelses lasteasutuses lapsevanema poolt kaetava osa m\u00e4\u00e4ra kehtestamine ja maksmise kord<\/a><\/li>\n<li><a href=\"https:\/\/www.peetri.edu.ee\/lasteaed\/wp-content\/uploads\/sites\/2\/2024\/01\/Peetri-Lasteaia-kodukord-2024.pdf\">Lasteaia kodukord\u00a0<\/a><\/li>\n<li><a href=\"https:\/\/www.peetri.edu.ee\/pohikool\/wp-content\/uploads\/sites\/3\/2020\/04\/Lisa-1-Peetri-LA-PK-arengukava.pdf\">Peetri Lasteaed-P\u00f5hikooli arengukava 2020-2025<\/a><\/li>\n<li>Peetri Lasteaia koha kasutamise kokkulepe:\u00a0<a href=\"https:\/\/www.peetri.edu.ee\/lasteaed\/wp-content\/uploads\/sites\/2\/2017\/08\/Peetri-Lasteaia-koha-kasutamise-kokkulepe.doc\">doc<\/a>\u00a0\/\u00a0<a href=\"https:\/\/www.peetri.edu.ee\/lasteaed\/wp-content\/uploads\/sites\/2\/2024\/01\/Peetri-Lasteaia-kodukord-2024.pdf\">pdf<\/a><\/li>\n<li>Peetri Lasteaed-P\u00f5hikool lasteaia k\u00fcsitluse kokkuv\u00f5te:\u00a0<a href=\"https:\/\/www.peetri.edu.ee\/lasteaed\/wp-content\/uploads\/sites\/2\/2018\/05\/Peetri-Lasteaed-Po\u0303hikool-lasteaia-ku\u0308sitlus.pdf\">pdf<\/a><\/li>\n<li><a href=\"https:\/\/www.peetri.edu.ee\/lasteaed\/wp-content\/uploads\/sites\/2\/2018\/08\/4_Lasteaia-andmekaitsetingimused-2020.pdf\">Lasteaia andmekaitsetingimused<\/a><\/li>\n<\/ul>\n","protected":false},"excerpt":{"rendered":"<p>https:\/\/lasteaiad.rae.ee\/oigusaktid\/ Lasteaiataotlus ja lasteaiast lahkumise taotlus\u00a0esitada\u00a0Rae valla haridusteenuste haldamise s\u00fcsteemis\u00a0ARNO. Direktori k\u00e4skkiri lasteaia toidukulu p\u00e4evamaksumuse kohta\u00a0(pdf) Laste koolieelsesse lasteasutusse vastuv\u00f5tu&#8230;<\/p>\n","protected":false},"author":1,"featured_media":0,"parent":5,"menu_order":0,"comment_status":"closed","ping_status":"closed","template":"","meta":{"_acf_changed":false,"footnotes":""},"class_list":["post-733","page","type-page","status-publish","hentry"],"yoast_head":"<!-- This site is optimized with the Yoast SEO plugin v27.2 - https:\/\/yoast.com\/product\/yoast-seo-wordpress\/ -->\n<title>Dokumentatsioon - Peetri Lasteaed<\/title>\n<meta name=\"robots\" content=\"index, follow, max-snippet:-1, max-image-preview:large, max-video-preview:-1\" \/>\n<link rel=\"canonical\" href=\"https:\/\/www.peetri.edu.ee\/lasteaed\/meie-lasteaed\/dokumentatsioon\/\" \/>\n<meta property=\"og:locale\" content=\"et_EE\" \/>\n<meta property=\"og:type\" content=\"article\" \/>\n<meta property=\"og:title\" content=\"Dokumentatsioon - Peetri Lasteaed\" \/>\n<meta property=\"og:description\" content=\"https:\/\/lasteaiad.rae.ee\/oigusaktid\/ Lasteaiataotlus ja lasteaiast lahkumise taotlus\u00a0esitada\u00a0Rae valla haridusteenuste haldamise s\u00fcsteemis\u00a0ARNO. Direktori k\u00e4skkiri lasteaia toidukulu p\u00e4evamaksumuse kohta\u00a0(pdf) Laste koolieelsesse lasteasutusse vastuv\u00f5tu...\" \/>\n<meta property=\"og:url\" content=\"https:\/\/www.peetri.edu.ee\/lasteaed\/meie-lasteaed\/dokumentatsioon\/\" \/>\n<meta property=\"og:site_name\" content=\"Peetri Lasteaed\" \/>\n<meta property=\"article:modified_time\" content=\"2024-01-04T08:29:58+00:00\" \/>\n<meta name=\"twitter:card\" content=\"summary_large_image\" \/>\n<script type=\"application\/ld+json\" class=\"yoast-schema-graph\">{\"@context\":\"https:\/\/schema.org\",\"@graph\":[{\"@type\":\"WebPage\",\"@id\":\"https:\/\/www.peetri.edu.ee\/lasteaed\/meie-lasteaed\/dokumentatsioon\/\",\"url\":\"https:\/\/www.peetri.edu.ee\/lasteaed\/meie-lasteaed\/dokumentatsioon\/\",\"name\":\"Dokumentatsioon - Peetri Lasteaed\",\"isPartOf\":{\"@id\":\"https:\/\/www.peetri.edu.ee\/lasteaed\/#website\"},\"datePublished\":\"2018-08-10T10:47:11+00:00\",\"dateModified\":\"2024-01-04T08:29:58+00:00\",\"breadcrumb\":{\"@id\":\"https:\/\/www.peetri.edu.ee\/lasteaed\/meie-lasteaed\/dokumentatsioon\/#breadcrumb\"},\"inLanguage\":\"et\",\"potentialAction\":[{\"@type\":\"ReadAction\",\"target\":[\"https:\/\/www.peetri.edu.ee\/lasteaed\/meie-lasteaed\/dokumentatsioon\/\"]}]},{\"@type\":\"BreadcrumbList\",\"@id\":\"https:\/\/www.peetri.edu.ee\/lasteaed\/meie-lasteaed\/dokumentatsioon\/#breadcrumb\",\"itemListElement\":[{\"@type\":\"ListItem\",\"position\":1,\"name\":\"Home\",\"item\":\"https:\/\/www.peetri.edu.ee\/lasteaed\/\"},{\"@type\":\"ListItem\",\"position\":2,\"name\":\"Meie lasteaed\",\"item\":\"https:\/\/www.peetri.edu.ee\/lasteaed\/\"},{\"@type\":\"ListItem\",\"position\":3,\"name\":\"Dokumentatsioon\"}]},{\"@type\":\"WebSite\",\"@id\":\"https:\/\/www.peetri.edu.ee\/lasteaed\/#website\",\"url\":\"https:\/\/www.peetri.edu.ee\/lasteaed\/\",\"name\":\"Peetri Lasteaed\",\"description\":\"Igas inimeses on p\u00e4ike, laskem tal s\u00e4rada\",\"potentialAction\":[{\"@type\":\"SearchAction\",\"target\":{\"@type\":\"EntryPoint\",\"urlTemplate\":\"https:\/\/www.peetri.edu.ee\/lasteaed\/?s={search_term_string}\"},\"query-input\":{\"@type\":\"PropertyValueSpecification\",\"valueRequired\":true,\"valueName\":\"search_term_string\"}}],\"inLanguage\":\"et\"}]}<\/script>\n<!-- \/ Yoast SEO plugin. -->","yoast_head_json":{"title":"Dokumentatsioon - Peetri Lasteaed","robots":{"index":"index","follow":"follow","max-snippet":"max-snippet:-1","max-image-preview":"max-image-preview:large","max-video-preview":"max-video-preview:-1"},"canonical":"https:\/\/www.peetri.edu.ee\/lasteaed\/meie-lasteaed\/dokumentatsioon\/","og_locale":"et_EE","og_type":"article","og_title":"Dokumentatsioon - Peetri Lasteaed","og_description":"https:\/\/lasteaiad.rae.ee\/oigusaktid\/ Lasteaiataotlus ja lasteaiast lahkumise taotlus\u00a0esitada\u00a0Rae valla haridusteenuste haldamise s\u00fcsteemis\u00a0ARNO. Direktori k\u00e4skkiri lasteaia toidukulu p\u00e4evamaksumuse kohta\u00a0(pdf) Laste koolieelsesse lasteasutusse vastuv\u00f5tu...","og_url":"https:\/\/www.peetri.edu.ee\/lasteaed\/meie-lasteaed\/dokumentatsioon\/","og_site_name":"Peetri Lasteaed","article_modified_time":"2024-01-04T08:29:58+00:00","twitter_card":"summary_large_image","schema":{"@context":"https:\/\/schema.org","@graph":[{"@type":"WebPage","@id":"https:\/\/www.peetri.edu.ee\/lasteaed\/meie-lasteaed\/dokumentatsioon\/","url":"https:\/\/www.peetri.edu.ee\/lasteaed\/meie-lasteaed\/dokumentatsioon\/","name":"Dokumentatsioon - Peetri Lasteaed","isPartOf":{"@id":"https:\/\/www.peetri.edu.ee\/lasteaed\/#website"},"datePublished":"2018-08-10T10:47:11+00:00","dateModified":"2024-01-04T08:29:58+00:00","breadcrumb":{"@id":"https:\/\/www.peetri.edu.ee\/lasteaed\/meie-lasteaed\/dokumentatsioon\/#breadcrumb"},"inLanguage":"et","potentialAction":[{"@type":"ReadAction","target":["https:\/\/www.peetri.edu.ee\/lasteaed\/meie-lasteaed\/dokumentatsioon\/"]}]},{"@type":"BreadcrumbList","@id":"https:\/\/www.peetri.edu.ee\/lasteaed\/meie-lasteaed\/dokumentatsioon\/#breadcrumb","itemListElement":[{"@type":"ListItem","position":1,"name":"Home","item":"https:\/\/www.peetri.edu.ee\/lasteaed\/"},{"@type":"ListItem","position":2,"name":"Meie lasteaed","item":"https:\/\/www.peetri.edu.ee\/lasteaed\/"},{"@type":"ListItem","position":3,"name":"Dokumentatsioon"}]},{"@type":"WebSite","@id":"https:\/\/www.peetri.edu.ee\/lasteaed\/#website","url":"https:\/\/www.peetri.edu.ee\/lasteaed\/","name":"Peetri Lasteaed","description":"Igas inimeses on p\u00e4ike, laskem tal s\u00e4rada","potentialAction":[{"@type":"SearchAction","target":{"@type":"EntryPoint","urlTemplate":"https:\/\/www.peetri.edu.ee\/lasteaed\/?s={search_term_string}"},"query-input":{"@type":"PropertyValueSpecification","valueRequired":true,"valueName":"search_term_string"}}],"inLanguage":"et"}]}},"acf":[],"_links":{"self":[{"href":"https:\/\/www.peetri.edu.ee\/lasteaed\/wp-json\/wp\/v2\/pages\/733","targetHints":{"allow":["GET"]}}],"collection":[{"href":"https:\/\/www.peetri.edu.ee\/lasteaed\/wp-json\/wp\/v2\/pages"}],"about":[{"href":"https:\/\/www.peetri.edu.ee\/lasteaed\/wp-json\/wp\/v2\/types\/page"}],"author":[{"embeddable":true,"href":"https:\/\/www.peetri.edu.ee\/lasteaed\/wp-json\/wp\/v2\/users\/1"}],"replies":[{"embeddable":true,"href":"https:\/\/www.peetri.edu.ee\/lasteaed\/wp-json\/wp\/v2\/comments?post=733"}],"version-history":[{"count":5,"href":"https:\/\/www.peetri.edu.ee\/lasteaed\/wp-json\/wp\/v2\/pages\/733\/revisions"}],"predecessor-version":[{"id":2328,"href":"https:\/\/www.peetri.edu.ee\/lasteaed\/wp-json\/wp\/v2\/pages\/733\/revisions\/2328"}],"up":[{"embeddable":true,"href":"https:\/\/www.peetri.edu.ee\/lasteaed\/wp-json\/wp\/v2\/pages\/5"}],"wp:attachment":[{"href":"https:\/\/www.peetri.edu.ee\/lasteaed\/wp-json\/wp\/v2\/media?parent=733"}],"curies":[{"name":"wp","href":"https:\/\/api.w.org\/{rel}","templated":true}]}}