{"id":46,"date":"2017-08-15T11:31:51","date_gmt":"2017-08-15T08:31:51","guid":{"rendered":"https:\/\/www.peetri.edu.ee\/lasteaed\/?page_id=46"},"modified":"2026-01-06T11:03:25","modified_gmt":"2026-01-06T09:03:25","slug":"lasteaiatasu","status":"publish","type":"page","link":"https:\/\/www.peetri.edu.ee\/lasteaed\/lapsevanemale\/lasteaiatasu\/","title":{"rendered":"Lasteaiatasu"},"content":{"rendered":"<h3>Lasteaiatasu<\/h3>\n<p>Lasteaiatasu koosneb kohatasust ja toidutasust.<\/p>\n<h3>Kohatasu<\/h3>\n<p>Alates 1. jaanuarist 2026 on lasteaia kohatasu 120 eurot kuus.<\/p>\n<p><a href=\"https:\/\/www.rae.ee\/uudised\/muudatused-lasteaia-osalustasu-arvestamises-alates-1-jaanuarist-2026\">Rae valla munitsipaallasteaia osalustasu kehtestamine ja maksmise kord<\/a><\/p>\n<p><strong>\u00a7 3. Soodustused kohatasu maksmisel<\/strong><br \/>\n(1) Kui \u00fchest perest k\u00e4ib kaks v\u00f5i enam last lasteasutuses v\u00f5i m\u00f5nes Rae Vallavalitsusega (edaspidi<br \/>\nvallavalitsus) lepingu s\u00f5lminud eralasteaias v\u00f5i -lastehoius, siis on pere teise lapse kohatasu suurus 50%<br \/>\nk\u00e4esoleva m\u00e4\u00e4ruse \u00a7-s 2 nimetatud m\u00e4\u00e4rast ning kolmanda lapse eest lapsevanem kohatasu ei maksa.<br \/>\n(2) Kui peres on neli v\u00f5i enam last v\u00f5i puudega laps, siis on kohatasu suurus 25% k\u00e4esoleva m\u00e4\u00e4ruse \u00a7 2<br \/>\nnimetatud m\u00e4\u00e4rast.<br \/>\n(3) L\u00f5igetes 1 ja 2 nimetatud soodustuste saamiseks kuni 31.07.2023.a esitab lapsevanem vallavalitsusele<br \/>\ntaotluse. Alates 01.08.2023.a rakenduvad soodustused automaatselt v\u00e4lja arvatud, kui peres on puudega laps,<br \/>\nmillisel juhul on soodustuse saamise aluseks lapsevanema taotlus. Taotluse vormi kinnitab vallavalitsus.<br \/>\n(4) V\u00e4hekindlustatud lapsevanem(ad), eestkostja v\u00f5i hooldaja, kelle perekonna eelneva kolme kuu<br \/>\nnetosissetulek \u00fche pereliikme kohta on v\u00e4iksem kui 2-kordne riiklikult kehtestatud toimetulekupiir, v\u00f5ivad<br \/>\ntaotleda soodustust kohatasu maksmisel.<br \/>\n(5) L\u00f5ikes 4 nimetatud soodustuse saamiseks tuleb esitada p\u00f5hjendatud taotlus vallavalitsusele. Taotluse vormi<br \/>\nkinnitab vallavalitsus.<br \/>\n(6) Soodustuse suuruse ja perioodi otsustab vallavalitsus Rae valla eelarvest isiku toimetuleku kindlustamiseks<br \/>\nsotsiaaltoetuste taotluste menetlemise komisjoni ettepanekul. Taotluse rahuldamisel hakkab soodustus kehtima<br \/>\notsusele j\u00e4rgnevast kuust.<br \/>\n(7) ) Kohatasu soodustuste rakendamiseks peab \u00fcks lapsevanem ja laps(ed) elama Eesti rahvastikuregistri<br \/>\nandmetel Rae vallas samal aadressil.<br \/>\n(8) Andmed kohatasu suurusest on lapsevanematele n\u00e4htavad e-keskkonnas<\/p>\n<h3>Toidutasu<\/h3>\n<p>Alates 1. jaanuarist 2026 on lapse toidup\u00e4eva maksumus 2,70 \u20ac. Toidup\u00e4ev koosneb hommiku- ja l\u00f5unas\u00f6\u00f6gist ning \u00f5htuootest.<\/p>\n","protected":false},"excerpt":{"rendered":"<p>Lasteaiatasu Lasteaiatasu koosneb kohatasust ja toidutasust. Kohatasu Alates 1. jaanuarist 2026 on lasteaia kohatasu 120 eurot kuus. Rae valla munitsipaallasteaia&#8230;<\/p>\n","protected":false},"author":1,"featured_media":0,"parent":44,"menu_order":10,"comment_status":"closed","ping_status":"closed","template":"","meta":{"_acf_changed":false,"footnotes":""},"class_list":["post-46","page","type-page","status-publish","hentry"],"yoast_head":"<!-- This site is optimized with the Yoast SEO plugin v27.2 - https:\/\/yoast.com\/product\/yoast-seo-wordpress\/ -->\n<title>Lasteaiatasu - Peetri Lasteaed<\/title>\n<meta name=\"robots\" content=\"index, follow, max-snippet:-1, max-image-preview:large, max-video-preview:-1\" \/>\n<link rel=\"canonical\" href=\"https:\/\/www.peetri.edu.ee\/lasteaed\/lapsevanemale\/lasteaiatasu\/\" \/>\n<meta property=\"og:locale\" content=\"et_EE\" \/>\n<meta property=\"og:type\" content=\"article\" \/>\n<meta property=\"og:title\" content=\"Lasteaiatasu - Peetri Lasteaed\" \/>\n<meta property=\"og:description\" content=\"Lasteaiatasu Lasteaiatasu koosneb kohatasust ja toidutasust. Kohatasu Alates 1. jaanuarist 2026 on lasteaia kohatasu 120 eurot kuus. Rae valla munitsipaallasteaia...\" \/>\n<meta property=\"og:url\" content=\"https:\/\/www.peetri.edu.ee\/lasteaed\/lapsevanemale\/lasteaiatasu\/\" \/>\n<meta property=\"og:site_name\" content=\"Peetri Lasteaed\" \/>\n<meta property=\"article:modified_time\" content=\"2026-01-06T09:03:25+00:00\" \/>\n<meta name=\"twitter:card\" content=\"summary_large_image\" \/>\n<meta name=\"twitter:label1\" content=\"Est. reading time\" \/>\n\t<meta name=\"twitter:data1\" content=\"2 minutit\" \/>\n<script type=\"application\/ld+json\" class=\"yoast-schema-graph\">{\"@context\":\"https:\/\/schema.org\",\"@graph\":[{\"@type\":\"WebPage\",\"@id\":\"https:\/\/www.peetri.edu.ee\/lasteaed\/lapsevanemale\/lasteaiatasu\/\",\"url\":\"https:\/\/www.peetri.edu.ee\/lasteaed\/lapsevanemale\/lasteaiatasu\/\",\"name\":\"Lasteaiatasu - Peetri Lasteaed\",\"isPartOf\":{\"@id\":\"https:\/\/www.peetri.edu.ee\/lasteaed\/#website\"},\"datePublished\":\"2017-08-15T08:31:51+00:00\",\"dateModified\":\"2026-01-06T09:03:25+00:00\",\"breadcrumb\":{\"@id\":\"https:\/\/www.peetri.edu.ee\/lasteaed\/lapsevanemale\/lasteaiatasu\/#breadcrumb\"},\"inLanguage\":\"et\",\"potentialAction\":[{\"@type\":\"ReadAction\",\"target\":[\"https:\/\/www.peetri.edu.ee\/lasteaed\/lapsevanemale\/lasteaiatasu\/\"]}]},{\"@type\":\"BreadcrumbList\",\"@id\":\"https:\/\/www.peetri.edu.ee\/lasteaed\/lapsevanemale\/lasteaiatasu\/#breadcrumb\",\"itemListElement\":[{\"@type\":\"ListItem\",\"position\":1,\"name\":\"Home\",\"item\":\"https:\/\/www.peetri.edu.ee\/lasteaed\/\"},{\"@type\":\"ListItem\",\"position\":2,\"name\":\"Lapsevanemale\",\"item\":\"https:\/\/www.peetri.edu.ee\/lasteaed\/lapsevanemale\/\"},{\"@type\":\"ListItem\",\"position\":3,\"name\":\"Lasteaiatasu\"}]},{\"@type\":\"WebSite\",\"@id\":\"https:\/\/www.peetri.edu.ee\/lasteaed\/#website\",\"url\":\"https:\/\/www.peetri.edu.ee\/lasteaed\/\",\"name\":\"Peetri Lasteaed\",\"description\":\"Igas inimeses on p\u00e4ike, laskem tal s\u00e4rada\",\"potentialAction\":[{\"@type\":\"SearchAction\",\"target\":{\"@type\":\"EntryPoint\",\"urlTemplate\":\"https:\/\/www.peetri.edu.ee\/lasteaed\/?s={search_term_string}\"},\"query-input\":{\"@type\":\"PropertyValueSpecification\",\"valueRequired\":true,\"valueName\":\"search_term_string\"}}],\"inLanguage\":\"et\"}]}<\/script>\n<!-- \/ Yoast SEO plugin. -->","yoast_head_json":{"title":"Lasteaiatasu - Peetri Lasteaed","robots":{"index":"index","follow":"follow","max-snippet":"max-snippet:-1","max-image-preview":"max-image-preview:large","max-video-preview":"max-video-preview:-1"},"canonical":"https:\/\/www.peetri.edu.ee\/lasteaed\/lapsevanemale\/lasteaiatasu\/","og_locale":"et_EE","og_type":"article","og_title":"Lasteaiatasu - Peetri Lasteaed","og_description":"Lasteaiatasu Lasteaiatasu koosneb kohatasust ja toidutasust. Kohatasu Alates 1. jaanuarist 2026 on lasteaia kohatasu 120 eurot kuus. Rae valla munitsipaallasteaia...","og_url":"https:\/\/www.peetri.edu.ee\/lasteaed\/lapsevanemale\/lasteaiatasu\/","og_site_name":"Peetri Lasteaed","article_modified_time":"2026-01-06T09:03:25+00:00","twitter_card":"summary_large_image","twitter_misc":{"Est. reading time":"2 minutit"},"schema":{"@context":"https:\/\/schema.org","@graph":[{"@type":"WebPage","@id":"https:\/\/www.peetri.edu.ee\/lasteaed\/lapsevanemale\/lasteaiatasu\/","url":"https:\/\/www.peetri.edu.ee\/lasteaed\/lapsevanemale\/lasteaiatasu\/","name":"Lasteaiatasu - Peetri Lasteaed","isPartOf":{"@id":"https:\/\/www.peetri.edu.ee\/lasteaed\/#website"},"datePublished":"2017-08-15T08:31:51+00:00","dateModified":"2026-01-06T09:03:25+00:00","breadcrumb":{"@id":"https:\/\/www.peetri.edu.ee\/lasteaed\/lapsevanemale\/lasteaiatasu\/#breadcrumb"},"inLanguage":"et","potentialAction":[{"@type":"ReadAction","target":["https:\/\/www.peetri.edu.ee\/lasteaed\/lapsevanemale\/lasteaiatasu\/"]}]},{"@type":"BreadcrumbList","@id":"https:\/\/www.peetri.edu.ee\/lasteaed\/lapsevanemale\/lasteaiatasu\/#breadcrumb","itemListElement":[{"@type":"ListItem","position":1,"name":"Home","item":"https:\/\/www.peetri.edu.ee\/lasteaed\/"},{"@type":"ListItem","position":2,"name":"Lapsevanemale","item":"https:\/\/www.peetri.edu.ee\/lasteaed\/lapsevanemale\/"},{"@type":"ListItem","position":3,"name":"Lasteaiatasu"}]},{"@type":"WebSite","@id":"https:\/\/www.peetri.edu.ee\/lasteaed\/#website","url":"https:\/\/www.peetri.edu.ee\/lasteaed\/","name":"Peetri Lasteaed","description":"Igas inimeses on p\u00e4ike, laskem tal s\u00e4rada","potentialAction":[{"@type":"SearchAction","target":{"@type":"EntryPoint","urlTemplate":"https:\/\/www.peetri.edu.ee\/lasteaed\/?s={search_term_string}"},"query-input":{"@type":"PropertyValueSpecification","valueRequired":true,"valueName":"search_term_string"}}],"inLanguage":"et"}]}},"acf":[],"_links":{"self":[{"href":"https:\/\/www.peetri.edu.ee\/lasteaed\/wp-json\/wp\/v2\/pages\/46","targetHints":{"allow":["GET"]}}],"collection":[{"href":"https:\/\/www.peetri.edu.ee\/lasteaed\/wp-json\/wp\/v2\/pages"}],"about":[{"href":"https:\/\/www.peetri.edu.ee\/lasteaed\/wp-json\/wp\/v2\/types\/page"}],"author":[{"embeddable":true,"href":"https:\/\/www.peetri.edu.ee\/lasteaed\/wp-json\/wp\/v2\/users\/1"}],"replies":[{"embeddable":true,"href":"https:\/\/www.peetri.edu.ee\/lasteaed\/wp-json\/wp\/v2\/comments?post=46"}],"version-history":[{"count":5,"href":"https:\/\/www.peetri.edu.ee\/lasteaed\/wp-json\/wp\/v2\/pages\/46\/revisions"}],"predecessor-version":[{"id":3226,"href":"https:\/\/www.peetri.edu.ee\/lasteaed\/wp-json\/wp\/v2\/pages\/46\/revisions\/3226"}],"up":[{"embeddable":true,"href":"https:\/\/www.peetri.edu.ee\/lasteaed\/wp-json\/wp\/v2\/pages\/44"}],"wp:attachment":[{"href":"https:\/\/www.peetri.edu.ee\/lasteaed\/wp-json\/wp\/v2\/media?parent=46"}],"curies":[{"name":"wp","href":"https:\/\/api.w.org\/{rel}","templated":true}]}}