{"id":31,"date":"2017-08-15T10:24:05","date_gmt":"2017-08-15T07:24:05","guid":{"rendered":"https:\/\/www.peetri.edu.ee\/lasteaed\/?page_id=31"},"modified":"2025-11-20T12:38:15","modified_gmt":"2025-11-20T10:38:15","slug":"hoolekogu","status":"publish","type":"page","link":"https:\/\/www.peetri.edu.ee\/lasteaed\/meie-lasteaed\/inimesed\/hoolekogu\/","title":{"rendered":"Lastevanemate esinduskogu"},"content":{"rendered":"<h3>Lastevanemate esinduskogu liikmed 2025\/2026 \u00f5ppeaastal<\/h3>\n<table style=\"width: 100%;height: 420px\">\n<tbody>\n<tr style=\"height: 26px\">\n<td style=\"height: 26px\" width=\"302\">Sten K\u00e4sk<\/td>\n<td style=\"height: 26px\" width=\"302\">1 r\u00fchm R\u00f5\u00f5murullid<\/td>\n<\/tr>\n<tr style=\"height: 23px\">\n<td style=\"height: 23px\" width=\"302\">Irina Suhhova<\/td>\n<td style=\"height: 23px\" width=\"302\">2 r\u00fchm Silmar\u00f5\u00f5mud<\/td>\n<\/tr>\n<tr style=\"height: 23px\">\n<td style=\"height: 23px\" width=\"302\">Tanel Laud<\/td>\n<td style=\"height: 23px\" width=\"302\">3 r\u00fchm Lustip\u00f5nnid<\/td>\n<\/tr>\n<tr style=\"height: 23px\">\n<td style=\"height: 23px\" width=\"302\">Grete Maria Maltis<\/td>\n<td style=\"height: 23px\" width=\"302\">4 r\u00fchm P\u00e4ikesekiired<\/td>\n<\/tr>\n<tr style=\"height: 23px\">\n<td style=\"height: 23px\" width=\"302\">Maarja Aas<\/td>\n<td style=\"height: 23px\" width=\"302\">5 r\u00fchm \u00d5nnet\u00e4psid<\/td>\n<\/tr>\n<tr style=\"height: 23px\">\n<td style=\"height: 23px\" width=\"302\">Irina Suhhova<\/td>\n<td style=\"height: 23px\" width=\"302\">6 r\u00fchm Naerupallid<\/td>\n<\/tr>\n<tr style=\"height: 23px\">\n<td style=\"height: 23px\" width=\"302\">Kristi Anderson<\/td>\n<td style=\"height: 23px\" width=\"302\">7 r\u00fchm R\u00f5\u00f5muritsikad<\/td>\n<\/tr>\n<tr style=\"height: 23px\">\n<td style=\"height: 23px\" width=\"302\">Valmar Viitak<\/td>\n<td style=\"height: 23px\" width=\"302\">8 r\u00fchm Musirullid<\/td>\n<\/tr>\n<tr style=\"height: 23px\">\n<td style=\"height: 23px\" width=\"302\">Tom Sillaots<\/td>\n<td style=\"height: 23px\" width=\"302\">9 r\u00fchm Tupsununnud<\/td>\n<\/tr>\n<tr style=\"height: 23px\">\n<td style=\"height: 23px\" width=\"302\">Katrin Ruus<\/td>\n<td style=\"height: 23px\" width=\"302\">10 r\u00fchm N\u00f6psikud<\/td>\n<\/tr>\n<tr style=\"height: 23px\">\n<td style=\"height: 26px\" width=\"302\">Toomas T\u00fcrk<\/td>\n<td style=\"height: 26px\" width=\"302\">11 r\u00fchm Tibulinnud<\/td>\n<\/tr>\n<tr style=\"height: 23px\">\n<td style=\"height: 23px\" width=\"302\">Valmar Viitak<\/td>\n<td style=\"height: 23px\" width=\"302\">12 r\u00fchm P\u00f5ngermannid<\/td>\n<\/tr>\n<tr style=\"height: 23px\">\n<td style=\"height: 23px\" width=\"302\">Gerli Jones<\/td>\n<td style=\"height: 23px\" width=\"302\">13 r\u00fchm \u00d5nneseened<\/td>\n<\/tr>\n<tr style=\"height: 23px\">\n<td style=\"height: 23px\" width=\"302\">Jarmo Oidermaa<\/td>\n<td style=\"height: 23px\" width=\"302\">14 r\u00fchm Naerukillud<\/td>\n<\/tr>\n<tr style=\"height: 23px\">\n<td style=\"height: 23px\" width=\"302\">Liivika Jagom\u00e4gi<\/td>\n<td style=\"height: 23px\" width=\"302\">15 r\u00fchm R\u00f5\u00f5muterad<\/td>\n<\/tr>\n<tr style=\"height: 23px\">\n<td style=\"height: 23px\" width=\"302\">Teele Kants<\/td>\n<td style=\"height: 23px\" width=\"302\">16 r\u00fchm Kullapaid<\/td>\n<\/tr>\n<tr style=\"height: 23px\">\n<td style=\"height: 23px\" width=\"302\">Norbert Hurt<\/td>\n<td style=\"height: 23px\" width=\"302\">17 r\u00fchm Midrimudilased<\/td>\n<\/tr>\n<tr style=\"height: 23px\">\n<td style=\"height: 23px\" width=\"302\">Angelina Orula<\/td>\n<td style=\"height: 23px\" width=\"302\">18 r\u00fchm Silmaterad<\/td>\n<\/tr>\n<\/tbody>\n<\/table>\n","protected":false},"excerpt":{"rendered":"<p>Lastevanemate esinduskogu liikmed 2025\/2026 \u00f5ppeaastal Sten K\u00e4sk 1 r\u00fchm R\u00f5\u00f5murullid Irina Suhhova 2 r\u00fchm Silmar\u00f5\u00f5mud Tanel Laud 3 r\u00fchm Lustip\u00f5nnid&#8230;<\/p>\n","protected":false},"author":1,"featured_media":0,"parent":19,"menu_order":40,"comment_status":"closed","ping_status":"closed","template":"","meta":{"_acf_changed":false,"footnotes":""},"class_list":["post-31","page","type-page","status-publish","hentry"],"yoast_head":"<!-- This site is optimized with the Yoast SEO plugin v27.2 - https:\/\/yoast.com\/product\/yoast-seo-wordpress\/ -->\n<title>Lastevanemate esinduskogu - Peetri Lasteaed<\/title>\n<meta name=\"robots\" content=\"index, follow, max-snippet:-1, max-image-preview:large, max-video-preview:-1\" \/>\n<link rel=\"canonical\" href=\"https:\/\/www.peetri.edu.ee\/lasteaed\/meie-lasteaed\/inimesed\/hoolekogu\/\" \/>\n<meta property=\"og:locale\" content=\"et_EE\" \/>\n<meta property=\"og:type\" content=\"article\" \/>\n<meta property=\"og:title\" content=\"Lastevanemate esinduskogu - Peetri Lasteaed\" \/>\n<meta property=\"og:description\" content=\"Lastevanemate esinduskogu liikmed 2025\/2026 \u00f5ppeaastal Sten K\u00e4sk 1 r\u00fchm R\u00f5\u00f5murullid Irina Suhhova 2 r\u00fchm Silmar\u00f5\u00f5mud Tanel Laud 3 r\u00fchm Lustip\u00f5nnid...\" \/>\n<meta property=\"og:url\" content=\"https:\/\/www.peetri.edu.ee\/lasteaed\/meie-lasteaed\/inimesed\/hoolekogu\/\" \/>\n<meta property=\"og:site_name\" content=\"Peetri Lasteaed\" \/>\n<meta property=\"article:modified_time\" content=\"2025-11-20T10:38:15+00:00\" \/>\n<meta name=\"twitter:card\" content=\"summary_large_image\" \/>\n<meta name=\"twitter:label1\" content=\"Est. reading time\" \/>\n\t<meta name=\"twitter:data1\" content=\"1 minut\" \/>\n<script type=\"application\/ld+json\" class=\"yoast-schema-graph\">{\"@context\":\"https:\/\/schema.org\",\"@graph\":[{\"@type\":\"WebPage\",\"@id\":\"https:\/\/www.peetri.edu.ee\/lasteaed\/meie-lasteaed\/inimesed\/hoolekogu\/\",\"url\":\"https:\/\/www.peetri.edu.ee\/lasteaed\/meie-lasteaed\/inimesed\/hoolekogu\/\",\"name\":\"Lastevanemate esinduskogu - Peetri Lasteaed\",\"isPartOf\":{\"@id\":\"https:\/\/www.peetri.edu.ee\/lasteaed\/#website\"},\"datePublished\":\"2017-08-15T07:24:05+00:00\",\"dateModified\":\"2025-11-20T10:38:15+00:00\",\"breadcrumb\":{\"@id\":\"https:\/\/www.peetri.edu.ee\/lasteaed\/meie-lasteaed\/inimesed\/hoolekogu\/#breadcrumb\"},\"inLanguage\":\"et\",\"potentialAction\":[{\"@type\":\"ReadAction\",\"target\":[\"https:\/\/www.peetri.edu.ee\/lasteaed\/meie-lasteaed\/inimesed\/hoolekogu\/\"]}]},{\"@type\":\"BreadcrumbList\",\"@id\":\"https:\/\/www.peetri.edu.ee\/lasteaed\/meie-lasteaed\/inimesed\/hoolekogu\/#breadcrumb\",\"itemListElement\":[{\"@type\":\"ListItem\",\"position\":1,\"name\":\"Home\",\"item\":\"https:\/\/www.peetri.edu.ee\/lasteaed\/\"},{\"@type\":\"ListItem\",\"position\":2,\"name\":\"Meie lasteaed\",\"item\":\"https:\/\/www.peetri.edu.ee\/lasteaed\/\"},{\"@type\":\"ListItem\",\"position\":3,\"name\":\"Inimesed\",\"item\":\"https:\/\/www.peetri.edu.ee\/lasteaed\/meie-lasteaed\/inimesed\/\"},{\"@type\":\"ListItem\",\"position\":4,\"name\":\"Lastevanemate esinduskogu\"}]},{\"@type\":\"WebSite\",\"@id\":\"https:\/\/www.peetri.edu.ee\/lasteaed\/#website\",\"url\":\"https:\/\/www.peetri.edu.ee\/lasteaed\/\",\"name\":\"Peetri Lasteaed\",\"description\":\"Igas inimeses on p\u00e4ike, laskem tal s\u00e4rada\",\"potentialAction\":[{\"@type\":\"SearchAction\",\"target\":{\"@type\":\"EntryPoint\",\"urlTemplate\":\"https:\/\/www.peetri.edu.ee\/lasteaed\/?s={search_term_string}\"},\"query-input\":{\"@type\":\"PropertyValueSpecification\",\"valueRequired\":true,\"valueName\":\"search_term_string\"}}],\"inLanguage\":\"et\"}]}<\/script>\n<!-- \/ Yoast SEO plugin. -->","yoast_head_json":{"title":"Lastevanemate esinduskogu - Peetri Lasteaed","robots":{"index":"index","follow":"follow","max-snippet":"max-snippet:-1","max-image-preview":"max-image-preview:large","max-video-preview":"max-video-preview:-1"},"canonical":"https:\/\/www.peetri.edu.ee\/lasteaed\/meie-lasteaed\/inimesed\/hoolekogu\/","og_locale":"et_EE","og_type":"article","og_title":"Lastevanemate esinduskogu - Peetri Lasteaed","og_description":"Lastevanemate esinduskogu liikmed 2025\/2026 \u00f5ppeaastal Sten K\u00e4sk 1 r\u00fchm R\u00f5\u00f5murullid Irina Suhhova 2 r\u00fchm Silmar\u00f5\u00f5mud Tanel Laud 3 r\u00fchm Lustip\u00f5nnid...","og_url":"https:\/\/www.peetri.edu.ee\/lasteaed\/meie-lasteaed\/inimesed\/hoolekogu\/","og_site_name":"Peetri Lasteaed","article_modified_time":"2025-11-20T10:38:15+00:00","twitter_card":"summary_large_image","twitter_misc":{"Est. reading time":"1 minut"},"schema":{"@context":"https:\/\/schema.org","@graph":[{"@type":"WebPage","@id":"https:\/\/www.peetri.edu.ee\/lasteaed\/meie-lasteaed\/inimesed\/hoolekogu\/","url":"https:\/\/www.peetri.edu.ee\/lasteaed\/meie-lasteaed\/inimesed\/hoolekogu\/","name":"Lastevanemate esinduskogu - Peetri Lasteaed","isPartOf":{"@id":"https:\/\/www.peetri.edu.ee\/lasteaed\/#website"},"datePublished":"2017-08-15T07:24:05+00:00","dateModified":"2025-11-20T10:38:15+00:00","breadcrumb":{"@id":"https:\/\/www.peetri.edu.ee\/lasteaed\/meie-lasteaed\/inimesed\/hoolekogu\/#breadcrumb"},"inLanguage":"et","potentialAction":[{"@type":"ReadAction","target":["https:\/\/www.peetri.edu.ee\/lasteaed\/meie-lasteaed\/inimesed\/hoolekogu\/"]}]},{"@type":"BreadcrumbList","@id":"https:\/\/www.peetri.edu.ee\/lasteaed\/meie-lasteaed\/inimesed\/hoolekogu\/#breadcrumb","itemListElement":[{"@type":"ListItem","position":1,"name":"Home","item":"https:\/\/www.peetri.edu.ee\/lasteaed\/"},{"@type":"ListItem","position":2,"name":"Meie lasteaed","item":"https:\/\/www.peetri.edu.ee\/lasteaed\/"},{"@type":"ListItem","position":3,"name":"Inimesed","item":"https:\/\/www.peetri.edu.ee\/lasteaed\/meie-lasteaed\/inimesed\/"},{"@type":"ListItem","position":4,"name":"Lastevanemate esinduskogu"}]},{"@type":"WebSite","@id":"https:\/\/www.peetri.edu.ee\/lasteaed\/#website","url":"https:\/\/www.peetri.edu.ee\/lasteaed\/","name":"Peetri Lasteaed","description":"Igas inimeses on p\u00e4ike, laskem tal s\u00e4rada","potentialAction":[{"@type":"SearchAction","target":{"@type":"EntryPoint","urlTemplate":"https:\/\/www.peetri.edu.ee\/lasteaed\/?s={search_term_string}"},"query-input":{"@type":"PropertyValueSpecification","valueRequired":true,"valueName":"search_term_string"}}],"inLanguage":"et"}]}},"acf":[],"_links":{"self":[{"href":"https:\/\/www.peetri.edu.ee\/lasteaed\/wp-json\/wp\/v2\/pages\/31","targetHints":{"allow":["GET"]}}],"collection":[{"href":"https:\/\/www.peetri.edu.ee\/lasteaed\/wp-json\/wp\/v2\/pages"}],"about":[{"href":"https:\/\/www.peetri.edu.ee\/lasteaed\/wp-json\/wp\/v2\/types\/page"}],"author":[{"embeddable":true,"href":"https:\/\/www.peetri.edu.ee\/lasteaed\/wp-json\/wp\/v2\/users\/1"}],"replies":[{"embeddable":true,"href":"https:\/\/www.peetri.edu.ee\/lasteaed\/wp-json\/wp\/v2\/comments?post=31"}],"version-history":[{"count":5,"href":"https:\/\/www.peetri.edu.ee\/lasteaed\/wp-json\/wp\/v2\/pages\/31\/revisions"}],"predecessor-version":[{"id":3182,"href":"https:\/\/www.peetri.edu.ee\/lasteaed\/wp-json\/wp\/v2\/pages\/31\/revisions\/3182"}],"up":[{"embeddable":true,"href":"https:\/\/www.peetri.edu.ee\/lasteaed\/wp-json\/wp\/v2\/pages\/19"}],"wp:attachment":[{"href":"https:\/\/www.peetri.edu.ee\/lasteaed\/wp-json\/wp\/v2\/media?parent=31"}],"curies":[{"name":"wp","href":"https:\/\/api.w.org\/{rel}","templated":true}]}}