{"id":29,"date":"2017-08-15T10:18:52","date_gmt":"2017-08-15T07:18:52","guid":{"rendered":"https:\/\/www.peetri.edu.ee\/lasteaed\/?page_id=29"},"modified":"2025-12-08T10:45:49","modified_gmt":"2025-12-08T08:45:49","slug":"sotsiaalpedagoog","status":"publish","type":"page","link":"https:\/\/www.peetri.edu.ee\/lasteaed\/meie-lasteaed\/tugivorgustik\/sotsiaalpedagoog\/","title":{"rendered":"Sotsiaalpedagoog"},"content":{"rendered":"<p>Peetri Lasteaias tegeleb sotsiaalpedagoog 3-7. aastaste lastega, kes vajavad individuaalset l\u00e4henemist ja t\u00e4helepanu. T\u00f6\u00f6 \u00fcldeesm\u00e4rgiks on laste igak\u00fclgse arengu toetamine ning v\u00f5imalike s\u00fcgavamate ning teiseste probleemide ennetamine koost\u00f6\u00f6s r\u00fchma\u00f5petajatega ja lapsevanematega.<\/p>\n<p>Sotsiaalpedagoogi tegevuse eesm\u00e4rgid on:<\/p>\n<ul style=\"list-style-type: disc\">\n<li>\u00a0 \u00a0 \u00a0 \u00a0 lasteaialaste arengu toetamine;<\/li>\n<li>\u00a0 \u00a0 \u00a0 \u00a0 lapse arengu suunamine eesm\u00e4rgiga soodustada ps\u00fc\u00fchiliste protsesside\u00a0\u00a0ja isiksuse\u00a0 arengut eakohase normi suunas;<\/li>\n<li>\u00a0 \u00a0 \u00a0 \u00a0 lapse suhtlemis- ja koost\u00f6\u00f6oskuste arendamine erinevate tegevuste kaudu;<\/li>\n<li>\u00a0 \u00a0 \u00a0 \u00a0 lapse enesekindluse ja enesehinnangu t\u00f5stmine ning emotsionaalse intelligentsus arendamine.<\/li>\n<\/ul>\n<p>Sotsiaalpedagoog kavandab, koordineerib, teostab ning anal\u00fc\u00fcsib sotsiaalpedagoogilist tegevust lasteaias, tehes aktiivset koost\u00f6\u00f6d lapsevanematega \u00a0ja haridust\u00f6\u00f6tajatega, kaasates vajadusel teisi lasteasutusev\u00e4liseid spetsialiste. Lisaks n\u00f5ustab lapsevanemaid lapse sotsiaalsete p\u00e4devuste teemal.<\/p>\n<p>Sotsiaalsete oskuste all m\u00f5istetakse lapse oskusi teistega suhelda, tajuda nii iseennast kui ka partnereid, v\u00f5tta omaks \u00fchiskonnas \u00fcldtunnustatud tavasid ning l\u00e4htuda eetilistest t\u00f5ekspidamistest.\u00a0Laste sotsiaalsete oskuste toetamine on lapse arengu seisukohalt v\u00e4ga oluline. K\u00fcsimuste tekkimisel p\u00f6\u00f6rduge tugispetsialisti poole. Koost\u00f6\u00f6s leiame lahenduse lapse toetamiseks ja arendust\u00f6\u00f6 tegemiseks sobival viisil.<\/p>\n<p><span style=\"font-size: 12pt\"><strong>Sotsiaalpedagoog: C\u00e4tlin Reinholm<\/strong><\/span><br \/>\nTel: 58252495<br \/>\nE-post:\u00a0<a href=\"mailto:riina.rosar@peetri.edu.ee\">catlin.reinholm@peetri.edu.ee<\/a><\/p>\n<h4><\/h4>\n","protected":false},"excerpt":{"rendered":"<p>Peetri Lasteaias tegeleb sotsiaalpedagoog 3-7. aastaste lastega, kes vajavad individuaalset l\u00e4henemist ja t\u00e4helepanu. T\u00f6\u00f6 \u00fcldeesm\u00e4rgiks on laste igak\u00fclgse arengu toetamine&#8230;<\/p>\n","protected":false},"author":1,"featured_media":0,"parent":1060,"menu_order":30,"comment_status":"closed","ping_status":"closed","template":"","meta":{"_acf_changed":false,"footnotes":""},"class_list":["post-29","page","type-page","status-publish","hentry"],"yoast_head":"<!-- This site is optimized with the Yoast SEO plugin v27.2 - https:\/\/yoast.com\/product\/yoast-seo-wordpress\/ -->\n<title>Sotsiaalpedagoog - Peetri Lasteaed<\/title>\n<meta name=\"robots\" content=\"index, follow, max-snippet:-1, max-image-preview:large, max-video-preview:-1\" \/>\n<link rel=\"canonical\" href=\"https:\/\/www.peetri.edu.ee\/lasteaed\/meie-lasteaed\/tugivorgustik\/sotsiaalpedagoog\/\" \/>\n<meta property=\"og:locale\" content=\"et_EE\" \/>\n<meta property=\"og:type\" content=\"article\" \/>\n<meta property=\"og:title\" content=\"Sotsiaalpedagoog - Peetri Lasteaed\" \/>\n<meta property=\"og:description\" content=\"Peetri Lasteaias tegeleb sotsiaalpedagoog 3-7. aastaste lastega, kes vajavad individuaalset l\u00e4henemist ja t\u00e4helepanu. T\u00f6\u00f6 \u00fcldeesm\u00e4rgiks on laste igak\u00fclgse arengu toetamine...\" \/>\n<meta property=\"og:url\" content=\"https:\/\/www.peetri.edu.ee\/lasteaed\/meie-lasteaed\/tugivorgustik\/sotsiaalpedagoog\/\" \/>\n<meta property=\"og:site_name\" content=\"Peetri Lasteaed\" \/>\n<meta property=\"article:modified_time\" content=\"2025-12-08T08:45:49+00:00\" \/>\n<meta name=\"twitter:card\" content=\"summary_large_image\" \/>\n<meta name=\"twitter:label1\" content=\"Est. reading time\" \/>\n\t<meta name=\"twitter:data1\" content=\"1 minut\" \/>\n<script type=\"application\/ld+json\" class=\"yoast-schema-graph\">{\"@context\":\"https:\/\/schema.org\",\"@graph\":[{\"@type\":\"WebPage\",\"@id\":\"https:\/\/www.peetri.edu.ee\/lasteaed\/meie-lasteaed\/tugivorgustik\/sotsiaalpedagoog\/\",\"url\":\"https:\/\/www.peetri.edu.ee\/lasteaed\/meie-lasteaed\/tugivorgustik\/sotsiaalpedagoog\/\",\"name\":\"Sotsiaalpedagoog - Peetri Lasteaed\",\"isPartOf\":{\"@id\":\"https:\/\/www.peetri.edu.ee\/lasteaed\/#website\"},\"datePublished\":\"2017-08-15T07:18:52+00:00\",\"dateModified\":\"2025-12-08T08:45:49+00:00\",\"breadcrumb\":{\"@id\":\"https:\/\/www.peetri.edu.ee\/lasteaed\/meie-lasteaed\/tugivorgustik\/sotsiaalpedagoog\/#breadcrumb\"},\"inLanguage\":\"et\",\"potentialAction\":[{\"@type\":\"ReadAction\",\"target\":[\"https:\/\/www.peetri.edu.ee\/lasteaed\/meie-lasteaed\/tugivorgustik\/sotsiaalpedagoog\/\"]}]},{\"@type\":\"BreadcrumbList\",\"@id\":\"https:\/\/www.peetri.edu.ee\/lasteaed\/meie-lasteaed\/tugivorgustik\/sotsiaalpedagoog\/#breadcrumb\",\"itemListElement\":[{\"@type\":\"ListItem\",\"position\":1,\"name\":\"Home\",\"item\":\"https:\/\/www.peetri.edu.ee\/lasteaed\/\"},{\"@type\":\"ListItem\",\"position\":2,\"name\":\"Meie lasteaed\",\"item\":\"https:\/\/www.peetri.edu.ee\/lasteaed\/\"},{\"@type\":\"ListItem\",\"position\":3,\"name\":\"Tugiv\u00f5rgustik\",\"item\":\"https:\/\/www.peetri.edu.ee\/lasteaed\/meie-lasteaed\/tugivorgustik\/\"},{\"@type\":\"ListItem\",\"position\":4,\"name\":\"Sotsiaalpedagoog\"}]},{\"@type\":\"WebSite\",\"@id\":\"https:\/\/www.peetri.edu.ee\/lasteaed\/#website\",\"url\":\"https:\/\/www.peetri.edu.ee\/lasteaed\/\",\"name\":\"Peetri Lasteaed\",\"description\":\"Igas inimeses on p\u00e4ike, laskem tal s\u00e4rada\",\"potentialAction\":[{\"@type\":\"SearchAction\",\"target\":{\"@type\":\"EntryPoint\",\"urlTemplate\":\"https:\/\/www.peetri.edu.ee\/lasteaed\/?s={search_term_string}\"},\"query-input\":{\"@type\":\"PropertyValueSpecification\",\"valueRequired\":true,\"valueName\":\"search_term_string\"}}],\"inLanguage\":\"et\"}]}<\/script>\n<!-- \/ Yoast SEO plugin. -->","yoast_head_json":{"title":"Sotsiaalpedagoog - Peetri Lasteaed","robots":{"index":"index","follow":"follow","max-snippet":"max-snippet:-1","max-image-preview":"max-image-preview:large","max-video-preview":"max-video-preview:-1"},"canonical":"https:\/\/www.peetri.edu.ee\/lasteaed\/meie-lasteaed\/tugivorgustik\/sotsiaalpedagoog\/","og_locale":"et_EE","og_type":"article","og_title":"Sotsiaalpedagoog - Peetri Lasteaed","og_description":"Peetri Lasteaias tegeleb sotsiaalpedagoog 3-7. aastaste lastega, kes vajavad individuaalset l\u00e4henemist ja t\u00e4helepanu. T\u00f6\u00f6 \u00fcldeesm\u00e4rgiks on laste igak\u00fclgse arengu toetamine...","og_url":"https:\/\/www.peetri.edu.ee\/lasteaed\/meie-lasteaed\/tugivorgustik\/sotsiaalpedagoog\/","og_site_name":"Peetri Lasteaed","article_modified_time":"2025-12-08T08:45:49+00:00","twitter_card":"summary_large_image","twitter_misc":{"Est. reading time":"1 minut"},"schema":{"@context":"https:\/\/schema.org","@graph":[{"@type":"WebPage","@id":"https:\/\/www.peetri.edu.ee\/lasteaed\/meie-lasteaed\/tugivorgustik\/sotsiaalpedagoog\/","url":"https:\/\/www.peetri.edu.ee\/lasteaed\/meie-lasteaed\/tugivorgustik\/sotsiaalpedagoog\/","name":"Sotsiaalpedagoog - Peetri Lasteaed","isPartOf":{"@id":"https:\/\/www.peetri.edu.ee\/lasteaed\/#website"},"datePublished":"2017-08-15T07:18:52+00:00","dateModified":"2025-12-08T08:45:49+00:00","breadcrumb":{"@id":"https:\/\/www.peetri.edu.ee\/lasteaed\/meie-lasteaed\/tugivorgustik\/sotsiaalpedagoog\/#breadcrumb"},"inLanguage":"et","potentialAction":[{"@type":"ReadAction","target":["https:\/\/www.peetri.edu.ee\/lasteaed\/meie-lasteaed\/tugivorgustik\/sotsiaalpedagoog\/"]}]},{"@type":"BreadcrumbList","@id":"https:\/\/www.peetri.edu.ee\/lasteaed\/meie-lasteaed\/tugivorgustik\/sotsiaalpedagoog\/#breadcrumb","itemListElement":[{"@type":"ListItem","position":1,"name":"Home","item":"https:\/\/www.peetri.edu.ee\/lasteaed\/"},{"@type":"ListItem","position":2,"name":"Meie lasteaed","item":"https:\/\/www.peetri.edu.ee\/lasteaed\/"},{"@type":"ListItem","position":3,"name":"Tugiv\u00f5rgustik","item":"https:\/\/www.peetri.edu.ee\/lasteaed\/meie-lasteaed\/tugivorgustik\/"},{"@type":"ListItem","position":4,"name":"Sotsiaalpedagoog"}]},{"@type":"WebSite","@id":"https:\/\/www.peetri.edu.ee\/lasteaed\/#website","url":"https:\/\/www.peetri.edu.ee\/lasteaed\/","name":"Peetri Lasteaed","description":"Igas inimeses on p\u00e4ike, laskem tal s\u00e4rada","potentialAction":[{"@type":"SearchAction","target":{"@type":"EntryPoint","urlTemplate":"https:\/\/www.peetri.edu.ee\/lasteaed\/?s={search_term_string}"},"query-input":{"@type":"PropertyValueSpecification","valueRequired":true,"valueName":"search_term_string"}}],"inLanguage":"et"}]}},"acf":[],"_links":{"self":[{"href":"https:\/\/www.peetri.edu.ee\/lasteaed\/wp-json\/wp\/v2\/pages\/29","targetHints":{"allow":["GET"]}}],"collection":[{"href":"https:\/\/www.peetri.edu.ee\/lasteaed\/wp-json\/wp\/v2\/pages"}],"about":[{"href":"https:\/\/www.peetri.edu.ee\/lasteaed\/wp-json\/wp\/v2\/types\/page"}],"author":[{"embeddable":true,"href":"https:\/\/www.peetri.edu.ee\/lasteaed\/wp-json\/wp\/v2\/users\/1"}],"replies":[{"embeddable":true,"href":"https:\/\/www.peetri.edu.ee\/lasteaed\/wp-json\/wp\/v2\/comments?post=29"}],"version-history":[{"count":5,"href":"https:\/\/www.peetri.edu.ee\/lasteaed\/wp-json\/wp\/v2\/pages\/29\/revisions"}],"predecessor-version":[{"id":3198,"href":"https:\/\/www.peetri.edu.ee\/lasteaed\/wp-json\/wp\/v2\/pages\/29\/revisions\/3198"}],"up":[{"embeddable":true,"href":"https:\/\/www.peetri.edu.ee\/lasteaed\/wp-json\/wp\/v2\/pages\/1060"}],"wp:attachment":[{"href":"https:\/\/www.peetri.edu.ee\/lasteaed\/wp-json\/wp\/v2\/media?parent=29"}],"curies":[{"name":"wp","href":"https:\/\/api.w.org\/{rel}","templated":true}]}}