{"id":27,"date":"2017-08-15T10:18:16","date_gmt":"2017-08-15T07:18:16","guid":{"rendered":"https:\/\/www.peetri.edu.ee\/lasteaed\/?page_id=27"},"modified":"2026-02-04T09:15:59","modified_gmt":"2026-02-04T07:15:59","slug":"eripedagoog","status":"publish","type":"page","link":"https:\/\/www.peetri.edu.ee\/lasteaed\/meie-lasteaed\/tugivorgustik\/eripedagoog\/","title":{"rendered":"Eripedagoogid"},"content":{"rendered":"<p>Peetri Lasteaias tegeleb eripedagoog 3-7. aastaste lastega, kes vajavad individuaalset l\u00e4henemist ja t\u00e4helepanu. T\u00f6\u00f6 \u00fcldeesm\u00e4rgiks on laste igak\u00fclgse areng toetamine ning v\u00f5imalike s\u00fcgavamate ning teiseste probleemide ennetamine koost\u00f6\u00f6s r\u00fchma\u00f5petajatega ja lapsevanematega.<\/p>\n<p><strong>Eripedagoogilise tegevuse eesm\u00e4rgid on:<\/strong><\/p>\n<ul>\n<li>erivajadusega lasteaialaste arengu toetamine;<\/li>\n<li>lapse arengu suunamine eesm\u00e4rgiga soodustada ps\u00fc\u00fchiliste protsesside ja isiksuse arengut eakohase normi suunas;<\/li>\n<li>lapse loovuse, suhtlemis- ja koost\u00f6\u00f6oskuste arendamine erinevate tegevuste kaudu;<\/li>\n<li>lapse enesekindluse ja enesehinnangu t\u00f5stmine ning emotsionaalse intelligentsuse arendamine.<\/li>\n<li>\u00f5petajate ja lastevanemate n\u00f5ustamine ja suunamine<\/li>\n<\/ul>\n<p>Erisuste varajane m\u00e4rkamine ja nendega tegelemine on laste arengu seisukohast v\u00e4ga oluline. K\u00fcsimuste tekkimisel p\u00f6\u00f6rduge tugispetsialisti poole. Koost\u00f6\u00f6s leiame lahenduse lapse toetamiseks ja arendust\u00f6\u00f6 tegemiseks sobival viisil.<\/p>\n<p>Peetri Lasteaias t\u00f6\u00f6tavad eripedagoogid:\u00a0<\/p>\n<p>Eripedagoog\u00a0 Kertu Karme Soomets (E ja K) Kontakt: <a href=\"mailto:karme.oismaa@peetri.edu.ee\">karme.oismaa@peetri.edu.ee<\/a><\/p>\n<p>Eripedagoog Lea Rannu (E-R) Kontakt: <a href=\"mailto:Lea.Rannu@peetri.edu.ee\">Lea.Rannu@peetri.edu.ee<\/a>\u00a0<\/p>\n<p>Eripedagoog Malviki Tedre (T ja R) Kontakt: <a href=\"mailto:Malviki.Tedre@peetri.edu.ee\">Malviki.Tedre@peetri.edu.ee\u00a0 \u00a0<\/a><\/p>\n\n\n<p><\/p>\n","protected":false},"excerpt":{"rendered":"<p>Peetri Lasteaias tegeleb eripedagoog 3-7. aastaste lastega, kes vajavad individuaalset l\u00e4henemist ja t\u00e4helepanu. T\u00f6\u00f6 \u00fcldeesm\u00e4rgiks on laste igak\u00fclgse areng toetamine&#8230;<\/p>\n","protected":false},"author":1,"featured_media":0,"parent":1060,"menu_order":20,"comment_status":"closed","ping_status":"closed","template":"","meta":{"_acf_changed":false,"footnotes":""},"class_list":["post-27","page","type-page","status-publish","hentry"],"yoast_head":"<!-- This site is optimized with the Yoast SEO plugin v27.2 - https:\/\/yoast.com\/product\/yoast-seo-wordpress\/ -->\n<title>Eripedagoogid - Peetri Lasteaed<\/title>\n<meta name=\"robots\" content=\"index, follow, max-snippet:-1, max-image-preview:large, max-video-preview:-1\" \/>\n<link rel=\"canonical\" href=\"https:\/\/www.peetri.edu.ee\/lasteaed\/meie-lasteaed\/tugivorgustik\/eripedagoog\/\" \/>\n<meta property=\"og:locale\" content=\"et_EE\" \/>\n<meta property=\"og:type\" content=\"article\" \/>\n<meta property=\"og:title\" content=\"Eripedagoogid - Peetri Lasteaed\" \/>\n<meta property=\"og:description\" content=\"Peetri Lasteaias tegeleb eripedagoog 3-7. aastaste lastega, kes vajavad individuaalset l\u00e4henemist ja t\u00e4helepanu. T\u00f6\u00f6 \u00fcldeesm\u00e4rgiks on laste igak\u00fclgse areng toetamine...\" \/>\n<meta property=\"og:url\" content=\"https:\/\/www.peetri.edu.ee\/lasteaed\/meie-lasteaed\/tugivorgustik\/eripedagoog\/\" \/>\n<meta property=\"og:site_name\" content=\"Peetri Lasteaed\" \/>\n<meta property=\"article:modified_time\" content=\"2026-02-04T07:15:59+00:00\" \/>\n<meta name=\"twitter:card\" content=\"summary_large_image\" \/>\n<meta name=\"twitter:label1\" content=\"Est. reading time\" \/>\n\t<meta name=\"twitter:data1\" content=\"1 minut\" \/>\n<script type=\"application\/ld+json\" class=\"yoast-schema-graph\">{\"@context\":\"https:\/\/schema.org\",\"@graph\":[{\"@type\":\"WebPage\",\"@id\":\"https:\/\/www.peetri.edu.ee\/lasteaed\/meie-lasteaed\/tugivorgustik\/eripedagoog\/\",\"url\":\"https:\/\/www.peetri.edu.ee\/lasteaed\/meie-lasteaed\/tugivorgustik\/eripedagoog\/\",\"name\":\"Eripedagoogid - Peetri Lasteaed\",\"isPartOf\":{\"@id\":\"https:\/\/www.peetri.edu.ee\/lasteaed\/#website\"},\"datePublished\":\"2017-08-15T07:18:16+00:00\",\"dateModified\":\"2026-02-04T07:15:59+00:00\",\"breadcrumb\":{\"@id\":\"https:\/\/www.peetri.edu.ee\/lasteaed\/meie-lasteaed\/tugivorgustik\/eripedagoog\/#breadcrumb\"},\"inLanguage\":\"et\",\"potentialAction\":[{\"@type\":\"ReadAction\",\"target\":[\"https:\/\/www.peetri.edu.ee\/lasteaed\/meie-lasteaed\/tugivorgustik\/eripedagoog\/\"]}]},{\"@type\":\"BreadcrumbList\",\"@id\":\"https:\/\/www.peetri.edu.ee\/lasteaed\/meie-lasteaed\/tugivorgustik\/eripedagoog\/#breadcrumb\",\"itemListElement\":[{\"@type\":\"ListItem\",\"position\":1,\"name\":\"Home\",\"item\":\"https:\/\/www.peetri.edu.ee\/lasteaed\/\"},{\"@type\":\"ListItem\",\"position\":2,\"name\":\"Meie lasteaed\",\"item\":\"https:\/\/www.peetri.edu.ee\/lasteaed\/\"},{\"@type\":\"ListItem\",\"position\":3,\"name\":\"Tugiv\u00f5rgustik\",\"item\":\"https:\/\/www.peetri.edu.ee\/lasteaed\/meie-lasteaed\/tugivorgustik\/\"},{\"@type\":\"ListItem\",\"position\":4,\"name\":\"Eripedagoogid\"}]},{\"@type\":\"WebSite\",\"@id\":\"https:\/\/www.peetri.edu.ee\/lasteaed\/#website\",\"url\":\"https:\/\/www.peetri.edu.ee\/lasteaed\/\",\"name\":\"Peetri Lasteaed\",\"description\":\"Igas inimeses on p\u00e4ike, laskem tal s\u00e4rada\",\"potentialAction\":[{\"@type\":\"SearchAction\",\"target\":{\"@type\":\"EntryPoint\",\"urlTemplate\":\"https:\/\/www.peetri.edu.ee\/lasteaed\/?s={search_term_string}\"},\"query-input\":{\"@type\":\"PropertyValueSpecification\",\"valueRequired\":true,\"valueName\":\"search_term_string\"}}],\"inLanguage\":\"et\"}]}<\/script>\n<!-- \/ Yoast SEO plugin. -->","yoast_head_json":{"title":"Eripedagoogid - Peetri Lasteaed","robots":{"index":"index","follow":"follow","max-snippet":"max-snippet:-1","max-image-preview":"max-image-preview:large","max-video-preview":"max-video-preview:-1"},"canonical":"https:\/\/www.peetri.edu.ee\/lasteaed\/meie-lasteaed\/tugivorgustik\/eripedagoog\/","og_locale":"et_EE","og_type":"article","og_title":"Eripedagoogid - Peetri Lasteaed","og_description":"Peetri Lasteaias tegeleb eripedagoog 3-7. aastaste lastega, kes vajavad individuaalset l\u00e4henemist ja t\u00e4helepanu. T\u00f6\u00f6 \u00fcldeesm\u00e4rgiks on laste igak\u00fclgse areng toetamine...","og_url":"https:\/\/www.peetri.edu.ee\/lasteaed\/meie-lasteaed\/tugivorgustik\/eripedagoog\/","og_site_name":"Peetri Lasteaed","article_modified_time":"2026-02-04T07:15:59+00:00","twitter_card":"summary_large_image","twitter_misc":{"Est. reading time":"1 minut"},"schema":{"@context":"https:\/\/schema.org","@graph":[{"@type":"WebPage","@id":"https:\/\/www.peetri.edu.ee\/lasteaed\/meie-lasteaed\/tugivorgustik\/eripedagoog\/","url":"https:\/\/www.peetri.edu.ee\/lasteaed\/meie-lasteaed\/tugivorgustik\/eripedagoog\/","name":"Eripedagoogid - Peetri Lasteaed","isPartOf":{"@id":"https:\/\/www.peetri.edu.ee\/lasteaed\/#website"},"datePublished":"2017-08-15T07:18:16+00:00","dateModified":"2026-02-04T07:15:59+00:00","breadcrumb":{"@id":"https:\/\/www.peetri.edu.ee\/lasteaed\/meie-lasteaed\/tugivorgustik\/eripedagoog\/#breadcrumb"},"inLanguage":"et","potentialAction":[{"@type":"ReadAction","target":["https:\/\/www.peetri.edu.ee\/lasteaed\/meie-lasteaed\/tugivorgustik\/eripedagoog\/"]}]},{"@type":"BreadcrumbList","@id":"https:\/\/www.peetri.edu.ee\/lasteaed\/meie-lasteaed\/tugivorgustik\/eripedagoog\/#breadcrumb","itemListElement":[{"@type":"ListItem","position":1,"name":"Home","item":"https:\/\/www.peetri.edu.ee\/lasteaed\/"},{"@type":"ListItem","position":2,"name":"Meie lasteaed","item":"https:\/\/www.peetri.edu.ee\/lasteaed\/"},{"@type":"ListItem","position":3,"name":"Tugiv\u00f5rgustik","item":"https:\/\/www.peetri.edu.ee\/lasteaed\/meie-lasteaed\/tugivorgustik\/"},{"@type":"ListItem","position":4,"name":"Eripedagoogid"}]},{"@type":"WebSite","@id":"https:\/\/www.peetri.edu.ee\/lasteaed\/#website","url":"https:\/\/www.peetri.edu.ee\/lasteaed\/","name":"Peetri Lasteaed","description":"Igas inimeses on p\u00e4ike, laskem tal s\u00e4rada","potentialAction":[{"@type":"SearchAction","target":{"@type":"EntryPoint","urlTemplate":"https:\/\/www.peetri.edu.ee\/lasteaed\/?s={search_term_string}"},"query-input":{"@type":"PropertyValueSpecification","valueRequired":true,"valueName":"search_term_string"}}],"inLanguage":"et"}]}},"acf":[],"_links":{"self":[{"href":"https:\/\/www.peetri.edu.ee\/lasteaed\/wp-json\/wp\/v2\/pages\/27","targetHints":{"allow":["GET"]}}],"collection":[{"href":"https:\/\/www.peetri.edu.ee\/lasteaed\/wp-json\/wp\/v2\/pages"}],"about":[{"href":"https:\/\/www.peetri.edu.ee\/lasteaed\/wp-json\/wp\/v2\/types\/page"}],"author":[{"embeddable":true,"href":"https:\/\/www.peetri.edu.ee\/lasteaed\/wp-json\/wp\/v2\/users\/1"}],"replies":[{"embeddable":true,"href":"https:\/\/www.peetri.edu.ee\/lasteaed\/wp-json\/wp\/v2\/comments?post=27"}],"version-history":[{"count":5,"href":"https:\/\/www.peetri.edu.ee\/lasteaed\/wp-json\/wp\/v2\/pages\/27\/revisions"}],"predecessor-version":[{"id":3234,"href":"https:\/\/www.peetri.edu.ee\/lasteaed\/wp-json\/wp\/v2\/pages\/27\/revisions\/3234"}],"up":[{"embeddable":true,"href":"https:\/\/www.peetri.edu.ee\/lasteaed\/wp-json\/wp\/v2\/pages\/1060"}],"wp:attachment":[{"href":"https:\/\/www.peetri.edu.ee\/lasteaed\/wp-json\/wp\/v2\/media?parent=27"}],"curies":[{"name":"wp","href":"https:\/\/api.w.org\/{rel}","templated":true}]}}