{"id":23,"date":"2017-08-15T10:17:09","date_gmt":"2017-08-15T07:17:09","guid":{"rendered":"https:\/\/www.peetri.edu.ee\/lasteaed\/?page_id=23"},"modified":"2026-02-04T09:13:55","modified_gmt":"2026-02-04T07:13:55","slug":"tootajad","status":"publish","type":"page","link":"https:\/\/www.peetri.edu.ee\/lasteaed\/meie-lasteaed\/inimesed\/tootajad\/","title":{"rendered":"Teised t\u00f6\u00f6tajad"},"content":{"rendered":"<p><strong>MUUSIKA\u00d5PETAJA<\/strong><a href=\"mailto:gerli.jahimaa@peetri.edu.ee\"><br \/>\n<\/a><\/p>\n<p><strong>Ingrit<\/strong>\u00a0&#8211; <a href=\"mailto:ingrit.roots@peetri.edu.ee\">ingrit.roots@peetri.edu.ee<\/a><\/p>\n<p><strong>Karmen<\/strong> &#8211; <a href=\"mailto:karmen.telvik@peetri.edu.ee\">karmen.telvik@peetri.edu.ee<\/a><\/p>\n<p><strong>Vladimir<\/strong>\u00a0&#8211; <a href=\"mailto:vladimir.todurov@peetri.edu.ee\">vladimir.todurov@peetri.edu.ee\u00a0<\/a><\/p>\n<p><strong>LIIKUMIS\u00d5PETAJAD<br \/>\n<\/strong><\/p>\n<p><strong>Merko<\/strong> &#8211; <a href=\"mailto:marie.pohlak@peetri.edu.ee\">merko.aasaleht@peetri.edu.ee\u00a0<\/a><\/p>\n<p><strong>Kristofer-Robin <\/strong><a href=\"mailto:kristofer.soomets@peetri.edu.ee\">kristofer.soomets@peetri.edu.ee<\/a><\/p>\n<p><strong>Gerli\u00a0<\/strong>\u2013 <a href=\"gerli.jahimaa@peetri.edu.ee\">gerli.jahimaa@peetri.edu.ee<\/a><\/p>\n<p>Lasteaia \u00fcldruumide ja pesu puhtuse eest hoolitsevad\u00a0<strong>Sirje, Kadri ja Sara<br \/>\n<\/strong>Pisiremondit\u00f6id teostab<strong> Kalev<\/strong><\/p>\n","protected":false},"excerpt":{"rendered":"<p>MUUSIKA\u00d5PETAJA Ingrit\u00a0&#8211; ingrit.roots@peetri.edu.ee Karmen &#8211; karmen.telvik@peetri.edu.ee Vladimir\u00a0&#8211; vladimir.todurov@peetri.edu.ee\u00a0 LIIKUMIS\u00d5PETAJAD Merko &#8211; merko.aasaleht@peetri.edu.ee\u00a0 Kristofer-Robin kristofer.soomets@peetri.edu.ee Gerli\u00a0\u2013 gerli.jahimaa@peetri.edu.ee Lasteaia \u00fcldruumide ja pesu&#8230;<\/p>\n","protected":false},"author":1,"featured_media":0,"parent":19,"menu_order":10,"comment_status":"closed","ping_status":"closed","template":"","meta":{"_acf_changed":false,"footnotes":""},"class_list":["post-23","page","type-page","status-publish","hentry"],"yoast_head":"<!-- This site is optimized with the Yoast SEO plugin v27.2 - https:\/\/yoast.com\/product\/yoast-seo-wordpress\/ -->\n<title>Teised t\u00f6\u00f6tajad - Peetri Lasteaed<\/title>\n<meta name=\"robots\" content=\"index, follow, max-snippet:-1, max-image-preview:large, max-video-preview:-1\" \/>\n<link rel=\"canonical\" href=\"https:\/\/www.peetri.edu.ee\/lasteaed\/meie-lasteaed\/inimesed\/tootajad\/\" \/>\n<meta property=\"og:locale\" content=\"et_EE\" \/>\n<meta property=\"og:type\" content=\"article\" \/>\n<meta property=\"og:title\" content=\"Teised t\u00f6\u00f6tajad - Peetri Lasteaed\" \/>\n<meta property=\"og:description\" content=\"MUUSIKA\u00d5PETAJA Ingrit\u00a0&#8211; ingrit.roots@peetri.edu.ee Karmen &#8211; karmen.telvik@peetri.edu.ee Vladimir\u00a0&#8211; vladimir.todurov@peetri.edu.ee\u00a0 LIIKUMIS\u00d5PETAJAD Merko &#8211; merko.aasaleht@peetri.edu.ee\u00a0 Kristofer-Robin kristofer.soomets@peetri.edu.ee Gerli\u00a0\u2013 gerli.jahimaa@peetri.edu.ee Lasteaia \u00fcldruumide ja pesu...\" \/>\n<meta property=\"og:url\" content=\"https:\/\/www.peetri.edu.ee\/lasteaed\/meie-lasteaed\/inimesed\/tootajad\/\" \/>\n<meta property=\"og:site_name\" content=\"Peetri Lasteaed\" \/>\n<meta property=\"article:modified_time\" content=\"2026-02-04T07:13:55+00:00\" \/>\n<meta name=\"twitter:card\" content=\"summary_large_image\" \/>\n<meta name=\"twitter:label1\" content=\"Est. reading time\" \/>\n\t<meta name=\"twitter:data1\" content=\"1 minut\" \/>\n<script type=\"application\/ld+json\" class=\"yoast-schema-graph\">{\"@context\":\"https:\/\/schema.org\",\"@graph\":[{\"@type\":\"WebPage\",\"@id\":\"https:\/\/www.peetri.edu.ee\/lasteaed\/meie-lasteaed\/inimesed\/tootajad\/\",\"url\":\"https:\/\/www.peetri.edu.ee\/lasteaed\/meie-lasteaed\/inimesed\/tootajad\/\",\"name\":\"Teised t\u00f6\u00f6tajad - Peetri Lasteaed\",\"isPartOf\":{\"@id\":\"https:\/\/www.peetri.edu.ee\/lasteaed\/#website\"},\"datePublished\":\"2017-08-15T07:17:09+00:00\",\"dateModified\":\"2026-02-04T07:13:55+00:00\",\"breadcrumb\":{\"@id\":\"https:\/\/www.peetri.edu.ee\/lasteaed\/meie-lasteaed\/inimesed\/tootajad\/#breadcrumb\"},\"inLanguage\":\"et\",\"potentialAction\":[{\"@type\":\"ReadAction\",\"target\":[\"https:\/\/www.peetri.edu.ee\/lasteaed\/meie-lasteaed\/inimesed\/tootajad\/\"]}]},{\"@type\":\"BreadcrumbList\",\"@id\":\"https:\/\/www.peetri.edu.ee\/lasteaed\/meie-lasteaed\/inimesed\/tootajad\/#breadcrumb\",\"itemListElement\":[{\"@type\":\"ListItem\",\"position\":1,\"name\":\"Home\",\"item\":\"https:\/\/www.peetri.edu.ee\/lasteaed\/\"},{\"@type\":\"ListItem\",\"position\":2,\"name\":\"Meie lasteaed\",\"item\":\"https:\/\/www.peetri.edu.ee\/lasteaed\/\"},{\"@type\":\"ListItem\",\"position\":3,\"name\":\"Inimesed\",\"item\":\"https:\/\/www.peetri.edu.ee\/lasteaed\/meie-lasteaed\/inimesed\/\"},{\"@type\":\"ListItem\",\"position\":4,\"name\":\"Teised t\u00f6\u00f6tajad\"}]},{\"@type\":\"WebSite\",\"@id\":\"https:\/\/www.peetri.edu.ee\/lasteaed\/#website\",\"url\":\"https:\/\/www.peetri.edu.ee\/lasteaed\/\",\"name\":\"Peetri Lasteaed\",\"description\":\"Igas inimeses on p\u00e4ike, laskem tal s\u00e4rada\",\"potentialAction\":[{\"@type\":\"SearchAction\",\"target\":{\"@type\":\"EntryPoint\",\"urlTemplate\":\"https:\/\/www.peetri.edu.ee\/lasteaed\/?s={search_term_string}\"},\"query-input\":{\"@type\":\"PropertyValueSpecification\",\"valueRequired\":true,\"valueName\":\"search_term_string\"}}],\"inLanguage\":\"et\"}]}<\/script>\n<!-- \/ Yoast SEO plugin. -->","yoast_head_json":{"title":"Teised t\u00f6\u00f6tajad - Peetri Lasteaed","robots":{"index":"index","follow":"follow","max-snippet":"max-snippet:-1","max-image-preview":"max-image-preview:large","max-video-preview":"max-video-preview:-1"},"canonical":"https:\/\/www.peetri.edu.ee\/lasteaed\/meie-lasteaed\/inimesed\/tootajad\/","og_locale":"et_EE","og_type":"article","og_title":"Teised t\u00f6\u00f6tajad - Peetri Lasteaed","og_description":"MUUSIKA\u00d5PETAJA Ingrit\u00a0&#8211; ingrit.roots@peetri.edu.ee Karmen &#8211; karmen.telvik@peetri.edu.ee Vladimir\u00a0&#8211; vladimir.todurov@peetri.edu.ee\u00a0 LIIKUMIS\u00d5PETAJAD Merko &#8211; merko.aasaleht@peetri.edu.ee\u00a0 Kristofer-Robin kristofer.soomets@peetri.edu.ee Gerli\u00a0\u2013 gerli.jahimaa@peetri.edu.ee Lasteaia \u00fcldruumide ja pesu...","og_url":"https:\/\/www.peetri.edu.ee\/lasteaed\/meie-lasteaed\/inimesed\/tootajad\/","og_site_name":"Peetri Lasteaed","article_modified_time":"2026-02-04T07:13:55+00:00","twitter_card":"summary_large_image","twitter_misc":{"Est. reading time":"1 minut"},"schema":{"@context":"https:\/\/schema.org","@graph":[{"@type":"WebPage","@id":"https:\/\/www.peetri.edu.ee\/lasteaed\/meie-lasteaed\/inimesed\/tootajad\/","url":"https:\/\/www.peetri.edu.ee\/lasteaed\/meie-lasteaed\/inimesed\/tootajad\/","name":"Teised t\u00f6\u00f6tajad - Peetri Lasteaed","isPartOf":{"@id":"https:\/\/www.peetri.edu.ee\/lasteaed\/#website"},"datePublished":"2017-08-15T07:17:09+00:00","dateModified":"2026-02-04T07:13:55+00:00","breadcrumb":{"@id":"https:\/\/www.peetri.edu.ee\/lasteaed\/meie-lasteaed\/inimesed\/tootajad\/#breadcrumb"},"inLanguage":"et","potentialAction":[{"@type":"ReadAction","target":["https:\/\/www.peetri.edu.ee\/lasteaed\/meie-lasteaed\/inimesed\/tootajad\/"]}]},{"@type":"BreadcrumbList","@id":"https:\/\/www.peetri.edu.ee\/lasteaed\/meie-lasteaed\/inimesed\/tootajad\/#breadcrumb","itemListElement":[{"@type":"ListItem","position":1,"name":"Home","item":"https:\/\/www.peetri.edu.ee\/lasteaed\/"},{"@type":"ListItem","position":2,"name":"Meie lasteaed","item":"https:\/\/www.peetri.edu.ee\/lasteaed\/"},{"@type":"ListItem","position":3,"name":"Inimesed","item":"https:\/\/www.peetri.edu.ee\/lasteaed\/meie-lasteaed\/inimesed\/"},{"@type":"ListItem","position":4,"name":"Teised t\u00f6\u00f6tajad"}]},{"@type":"WebSite","@id":"https:\/\/www.peetri.edu.ee\/lasteaed\/#website","url":"https:\/\/www.peetri.edu.ee\/lasteaed\/","name":"Peetri Lasteaed","description":"Igas inimeses on p\u00e4ike, laskem tal s\u00e4rada","potentialAction":[{"@type":"SearchAction","target":{"@type":"EntryPoint","urlTemplate":"https:\/\/www.peetri.edu.ee\/lasteaed\/?s={search_term_string}"},"query-input":{"@type":"PropertyValueSpecification","valueRequired":true,"valueName":"search_term_string"}}],"inLanguage":"et"}]}},"acf":[],"_links":{"self":[{"href":"https:\/\/www.peetri.edu.ee\/lasteaed\/wp-json\/wp\/v2\/pages\/23","targetHints":{"allow":["GET"]}}],"collection":[{"href":"https:\/\/www.peetri.edu.ee\/lasteaed\/wp-json\/wp\/v2\/pages"}],"about":[{"href":"https:\/\/www.peetri.edu.ee\/lasteaed\/wp-json\/wp\/v2\/types\/page"}],"author":[{"embeddable":true,"href":"https:\/\/www.peetri.edu.ee\/lasteaed\/wp-json\/wp\/v2\/users\/1"}],"replies":[{"embeddable":true,"href":"https:\/\/www.peetri.edu.ee\/lasteaed\/wp-json\/wp\/v2\/comments?post=23"}],"version-history":[{"count":5,"href":"https:\/\/www.peetri.edu.ee\/lasteaed\/wp-json\/wp\/v2\/pages\/23\/revisions"}],"predecessor-version":[{"id":3232,"href":"https:\/\/www.peetri.edu.ee\/lasteaed\/wp-json\/wp\/v2\/pages\/23\/revisions\/3232"}],"up":[{"embeddable":true,"href":"https:\/\/www.peetri.edu.ee\/lasteaed\/wp-json\/wp\/v2\/pages\/19"}],"wp:attachment":[{"href":"https:\/\/www.peetri.edu.ee\/lasteaed\/wp-json\/wp\/v2\/media?parent=23"}],"curies":[{"name":"wp","href":"https:\/\/api.w.org\/{rel}","templated":true}]}}