{"id":1915,"date":"2022-09-26T09:58:13","date_gmt":"2022-09-26T06:58:13","guid":{"rendered":"https:\/\/www.peetri.edu.ee\/lasteaed\/?page_id=1915"},"modified":"2023-11-23T13:42:47","modified_gmt":"2023-11-23T11:42:47","slug":"nordplus-junior","status":"publish","type":"page","link":"https:\/\/www.peetri.edu.ee\/lasteaed\/projektid\/nordplus-junior\/","title":{"rendered":"NordPlus Junior"},"content":{"rendered":"<p>Peetri Lasteaed osaleb rahvusvahelises projektis <strong>&#8220;Kids go green STEAM&#8221;<\/strong>. Projektis osalevad kolm riiki: Eesti, L\u00e4ti, Leedu. Projekti koordineerib Leedu.<\/p>\n<p>Projektis osalevad meie lasteaia k\u00f5ik r\u00fchmad vastavalt laste vanusele ja v\u00f5imetele.<\/p>\n<p><strong>Projekti NordPlus Junior eesm\u00e4rgid:<\/strong><\/p>\n<p>uute ideede ja t\u00f5husate metoodiliste vahendite v\u00e4ljat\u00f6\u00f6tamine, kasutades MATIKut olulise l\u00e4henemisviisina \u00f6koloogilise hariduse parandamiseks (pikaajaline eesm\u00e4rk);<\/p>\n<p>MATIK-l\u00e4henemist kasutava keskkonnahariduse ideede jagamine ja omaksv\u00f5tmine lasteaedade \u00f5ppekavadesse;<\/p>\n<p>keskkonnahariduse alaste haridusideede kogumine MATIK-l\u00e4henemise kaudu;<\/p>\n<p>julgustada lasteaialapsi saama keskkonna eest vastutavateks kodanikeks ja \u00f5petajaid jagama keskkonnahariduse kogemust projektis osalevate lasteaedade vahel;<\/p>\n<p>lastele \u00f5ppetegevuste korraldamine ja perede kaasamine, et suurendada teadmisi osalevate riikide erinevustest ja sarnasustest;<\/p>\n<p>ettekannete komplekti koostamine &#8220;Keskkonnaharidus MATIK-l\u00e4henemist kasutades lasteaias&#8221;;<\/p>\n<p>\u00f5petajate kutseoskuste tugevdamine ja P\u00f5hjamaade lasteaedade koost\u00f6\u00f6 soodustamine;<\/p>\n<p>veebikoolituse korraldamine \u00f5petajatele, et saavutada infovahetus ja v\u00f5rrelda seda enda omaga;<\/p>\n<p>uute koost\u00f6\u00f6plaanide seadmine tulevikuks j\u00e4tkusuutlike rahvusvaheliste sidemete loomiseks<\/p>\n<p><strong>MATIK ehk STEAM<\/strong><\/p>\n<p><strong>MATIK <\/strong>t\u00e4histab viiel valdkonnal tuginevat praktilise kallakuga \u00f5pet ehk matemaatika, teadus, tehnoloogia, inseneeria, kunstide edukat \u00fchendamist.<\/p>\n<p>Ingliskeelses maailmas t\u00e4histatakse sellist \u00f5pet akron\u00fc\u00fcmiga <strong>STEAM<\/strong> ehk science, tehnology, energeering, art &amp; mathematics<\/p>\n<p><strong>Projekti l\u00f5pptulemus:<\/strong><\/p>\n<ol>\n<li>Project toolkit for the teachers \u201eGreen STEAM guide\u201c (online book of good practice)<\/li>\n<li><a href=\"https:\/\/view.genial.ly\/650845fc784a350011039d41\/presentation-e-book-steam\">E-Book STEAM<\/a><\/li>\n<\/ol>\n<p><strong>HEADE PRAKTIKATE ONLINE KOGUMIK<\/strong><\/p>\n<ol>\n<li><a href=\"https:\/\/drive.google.com\/file\/d\/1E0cc5xFR7gqaVXJwGNsPHX8_VU_qdGK6\/view?usp=sharing\">Presentations set &#8220;Environmental education using a STEAM approach in the kindergarten\u201c<\/a><\/li>\n<\/ol>\n<p><strong>ONLINE KOGUMIK <\/strong><\/p>\n<p><strong>\u201cKESKKONNAHARIDUS LASTEAIAS <\/strong><strong>KASUTADES MATIK \u2013 MEETODIT\u201d<\/strong><\/p>\n","protected":false},"excerpt":{"rendered":"<p>Peetri Lasteaed osaleb rahvusvahelises projektis &#8220;Kids go green STEAM&#8221;. Projektis osalevad kolm riiki: Eesti, L\u00e4ti, Leedu. Projekti koordineerib Leedu. Projektis&#8230;<\/p>\n","protected":false},"author":1,"featured_media":0,"parent":925,"menu_order":0,"comment_status":"closed","ping_status":"closed","template":"","meta":{"_acf_changed":false,"footnotes":""},"class_list":["post-1915","page","type-page","status-publish","hentry"],"yoast_head":"<!-- This site is optimized with the Yoast SEO plugin v27.2 - https:\/\/yoast.com\/product\/yoast-seo-wordpress\/ -->\n<title>NordPlus Junior - Peetri Lasteaed<\/title>\n<meta name=\"robots\" content=\"index, follow, max-snippet:-1, max-image-preview:large, max-video-preview:-1\" \/>\n<link rel=\"canonical\" href=\"https:\/\/www.peetri.edu.ee\/lasteaed\/projektid\/nordplus-junior\/\" \/>\n<meta property=\"og:locale\" content=\"et_EE\" \/>\n<meta property=\"og:type\" content=\"article\" \/>\n<meta property=\"og:title\" content=\"NordPlus Junior - Peetri Lasteaed\" \/>\n<meta property=\"og:description\" content=\"Peetri Lasteaed osaleb rahvusvahelises projektis &#8220;Kids go green STEAM&#8221;. Projektis osalevad kolm riiki: Eesti, L\u00e4ti, Leedu. Projekti koordineerib Leedu. Projektis...\" \/>\n<meta property=\"og:url\" content=\"https:\/\/www.peetri.edu.ee\/lasteaed\/projektid\/nordplus-junior\/\" \/>\n<meta property=\"og:site_name\" content=\"Peetri Lasteaed\" \/>\n<meta property=\"article:modified_time\" content=\"2023-11-23T11:42:47+00:00\" \/>\n<meta name=\"twitter:card\" content=\"summary_large_image\" \/>\n<meta name=\"twitter:label1\" content=\"Est. reading time\" \/>\n\t<meta name=\"twitter:data1\" content=\"1 minut\" \/>\n<script type=\"application\/ld+json\" class=\"yoast-schema-graph\">{\"@context\":\"https:\/\/schema.org\",\"@graph\":[{\"@type\":\"WebPage\",\"@id\":\"https:\/\/www.peetri.edu.ee\/lasteaed\/projektid\/nordplus-junior\/\",\"url\":\"https:\/\/www.peetri.edu.ee\/lasteaed\/projektid\/nordplus-junior\/\",\"name\":\"NordPlus Junior - Peetri Lasteaed\",\"isPartOf\":{\"@id\":\"https:\/\/www.peetri.edu.ee\/lasteaed\/#website\"},\"datePublished\":\"2022-09-26T06:58:13+00:00\",\"dateModified\":\"2023-11-23T11:42:47+00:00\",\"breadcrumb\":{\"@id\":\"https:\/\/www.peetri.edu.ee\/lasteaed\/projektid\/nordplus-junior\/#breadcrumb\"},\"inLanguage\":\"et\",\"potentialAction\":[{\"@type\":\"ReadAction\",\"target\":[\"https:\/\/www.peetri.edu.ee\/lasteaed\/projektid\/nordplus-junior\/\"]}]},{\"@type\":\"BreadcrumbList\",\"@id\":\"https:\/\/www.peetri.edu.ee\/lasteaed\/projektid\/nordplus-junior\/#breadcrumb\",\"itemListElement\":[{\"@type\":\"ListItem\",\"position\":1,\"name\":\"Home\",\"item\":\"https:\/\/www.peetri.edu.ee\/lasteaed\/\"},{\"@type\":\"ListItem\",\"position\":2,\"name\":\"Projektid\",\"item\":\"https:\/\/www.peetri.edu.ee\/lasteaed\/projektid\/\"},{\"@type\":\"ListItem\",\"position\":3,\"name\":\"NordPlus Junior\"}]},{\"@type\":\"WebSite\",\"@id\":\"https:\/\/www.peetri.edu.ee\/lasteaed\/#website\",\"url\":\"https:\/\/www.peetri.edu.ee\/lasteaed\/\",\"name\":\"Peetri Lasteaed\",\"description\":\"Igas inimeses on p\u00e4ike, laskem tal s\u00e4rada\",\"potentialAction\":[{\"@type\":\"SearchAction\",\"target\":{\"@type\":\"EntryPoint\",\"urlTemplate\":\"https:\/\/www.peetri.edu.ee\/lasteaed\/?s={search_term_string}\"},\"query-input\":{\"@type\":\"PropertyValueSpecification\",\"valueRequired\":true,\"valueName\":\"search_term_string\"}}],\"inLanguage\":\"et\"}]}<\/script>\n<!-- \/ Yoast SEO plugin. -->","yoast_head_json":{"title":"NordPlus Junior - Peetri Lasteaed","robots":{"index":"index","follow":"follow","max-snippet":"max-snippet:-1","max-image-preview":"max-image-preview:large","max-video-preview":"max-video-preview:-1"},"canonical":"https:\/\/www.peetri.edu.ee\/lasteaed\/projektid\/nordplus-junior\/","og_locale":"et_EE","og_type":"article","og_title":"NordPlus Junior - Peetri Lasteaed","og_description":"Peetri Lasteaed osaleb rahvusvahelises projektis &#8220;Kids go green STEAM&#8221;. Projektis osalevad kolm riiki: Eesti, L\u00e4ti, Leedu. Projekti koordineerib Leedu. Projektis...","og_url":"https:\/\/www.peetri.edu.ee\/lasteaed\/projektid\/nordplus-junior\/","og_site_name":"Peetri Lasteaed","article_modified_time":"2023-11-23T11:42:47+00:00","twitter_card":"summary_large_image","twitter_misc":{"Est. reading time":"1 minut"},"schema":{"@context":"https:\/\/schema.org","@graph":[{"@type":"WebPage","@id":"https:\/\/www.peetri.edu.ee\/lasteaed\/projektid\/nordplus-junior\/","url":"https:\/\/www.peetri.edu.ee\/lasteaed\/projektid\/nordplus-junior\/","name":"NordPlus Junior - Peetri Lasteaed","isPartOf":{"@id":"https:\/\/www.peetri.edu.ee\/lasteaed\/#website"},"datePublished":"2022-09-26T06:58:13+00:00","dateModified":"2023-11-23T11:42:47+00:00","breadcrumb":{"@id":"https:\/\/www.peetri.edu.ee\/lasteaed\/projektid\/nordplus-junior\/#breadcrumb"},"inLanguage":"et","potentialAction":[{"@type":"ReadAction","target":["https:\/\/www.peetri.edu.ee\/lasteaed\/projektid\/nordplus-junior\/"]}]},{"@type":"BreadcrumbList","@id":"https:\/\/www.peetri.edu.ee\/lasteaed\/projektid\/nordplus-junior\/#breadcrumb","itemListElement":[{"@type":"ListItem","position":1,"name":"Home","item":"https:\/\/www.peetri.edu.ee\/lasteaed\/"},{"@type":"ListItem","position":2,"name":"Projektid","item":"https:\/\/www.peetri.edu.ee\/lasteaed\/projektid\/"},{"@type":"ListItem","position":3,"name":"NordPlus Junior"}]},{"@type":"WebSite","@id":"https:\/\/www.peetri.edu.ee\/lasteaed\/#website","url":"https:\/\/www.peetri.edu.ee\/lasteaed\/","name":"Peetri Lasteaed","description":"Igas inimeses on p\u00e4ike, laskem tal s\u00e4rada","potentialAction":[{"@type":"SearchAction","target":{"@type":"EntryPoint","urlTemplate":"https:\/\/www.peetri.edu.ee\/lasteaed\/?s={search_term_string}"},"query-input":{"@type":"PropertyValueSpecification","valueRequired":true,"valueName":"search_term_string"}}],"inLanguage":"et"}]}},"acf":[],"_links":{"self":[{"href":"https:\/\/www.peetri.edu.ee\/lasteaed\/wp-json\/wp\/v2\/pages\/1915","targetHints":{"allow":["GET"]}}],"collection":[{"href":"https:\/\/www.peetri.edu.ee\/lasteaed\/wp-json\/wp\/v2\/pages"}],"about":[{"href":"https:\/\/www.peetri.edu.ee\/lasteaed\/wp-json\/wp\/v2\/types\/page"}],"author":[{"embeddable":true,"href":"https:\/\/www.peetri.edu.ee\/lasteaed\/wp-json\/wp\/v2\/users\/1"}],"replies":[{"embeddable":true,"href":"https:\/\/www.peetri.edu.ee\/lasteaed\/wp-json\/wp\/v2\/comments?post=1915"}],"version-history":[{"count":5,"href":"https:\/\/www.peetri.edu.ee\/lasteaed\/wp-json\/wp\/v2\/pages\/1915\/revisions"}],"predecessor-version":[{"id":2285,"href":"https:\/\/www.peetri.edu.ee\/lasteaed\/wp-json\/wp\/v2\/pages\/1915\/revisions\/2285"}],"up":[{"embeddable":true,"href":"https:\/\/www.peetri.edu.ee\/lasteaed\/wp-json\/wp\/v2\/pages\/925"}],"wp:attachment":[{"href":"https:\/\/www.peetri.edu.ee\/lasteaed\/wp-json\/wp\/v2\/media?parent=1915"}],"curies":[{"name":"wp","href":"https:\/\/api.w.org\/{rel}","templated":true}]}}