{"id":19,"date":"2017-08-15T09:31:00","date_gmt":"2017-08-15T06:31:00","guid":{"rendered":"https:\/\/www.peetri.edu.ee\/lasteaed\/?page_id=19"},"modified":"2025-12-04T11:25:38","modified_gmt":"2025-12-04T09:25:38","slug":"inimesed","status":"publish","type":"page","link":"https:\/\/www.peetri.edu.ee\/lasteaed\/meie-lasteaed\/inimesed\/","title":{"rendered":"Inimesed"},"content":{"rendered":"\n<figure class=\"wp-block-image size-full\"><img loading=\"lazy\" decoding=\"async\" width=\"1000\" height=\"707\" src=\"https:\/\/www.peetri.edu.ee\/lasteaed\/wp-content\/uploads\/sites\/2\/2025\/12\/Opetajad.jpg\" alt=\"\" class=\"wp-image-3188\" \/><\/figure>\n\n\n<p>\u00a0<\/p>\n<p><strong>Peetri Lasteaias t\u00f6\u00f6tavad:<\/strong> 36 r\u00fchma\u00f5petajat, 3 liikumis\u00f5petajat, 3 muusika\u00f5petajat, 2 \u00f5ppejuhti, direktor, haldusjuht, 19 abi\u00f5petajat, majandusjuhataja abi, majandusjuhataja, sekret\u00e4r, IT-spetsialist, 4 k\u00f6\u00f6git\u00f6\u00f6list, 3 koristaja-pesupesijat ja remondimees.<\/p>","protected":false},"excerpt":{"rendered":"<p>\u00a0 Peetri Lasteaias t\u00f6\u00f6tavad: 36 r\u00fchma\u00f5petajat, 3 liikumis\u00f5petajat, 3 muusika\u00f5petajat, 2 \u00f5ppejuhti, direktor, haldusjuht, 19 abi\u00f5petajat, majandusjuhataja abi, majandusjuhataja, sekret\u00e4r,&#8230;<\/p>\n","protected":false},"author":1,"featured_media":0,"parent":5,"menu_order":20,"comment_status":"closed","ping_status":"closed","template":"","meta":{"_acf_changed":false,"footnotes":""},"class_list":["post-19","page","type-page","status-publish","hentry"],"yoast_head":"<!-- This site is optimized with the Yoast SEO plugin v27.2 - https:\/\/yoast.com\/product\/yoast-seo-wordpress\/ -->\n<title>Inimesed - Peetri Lasteaed<\/title>\n<meta name=\"robots\" content=\"index, follow, max-snippet:-1, max-image-preview:large, max-video-preview:-1\" \/>\n<link rel=\"canonical\" href=\"https:\/\/www.peetri.edu.ee\/lasteaed\/meie-lasteaed\/inimesed\/\" \/>\n<meta property=\"og:locale\" content=\"et_EE\" \/>\n<meta property=\"og:type\" content=\"article\" \/>\n<meta property=\"og:title\" content=\"Inimesed - Peetri Lasteaed\" \/>\n<meta property=\"og:description\" content=\"\u00a0 Peetri Lasteaias t\u00f6\u00f6tavad: 36 r\u00fchma\u00f5petajat, 3 liikumis\u00f5petajat, 3 muusika\u00f5petajat, 2 \u00f5ppejuhti, direktor, haldusjuht, 19 abi\u00f5petajat, majandusjuhataja abi, majandusjuhataja, sekret\u00e4r,...\" \/>\n<meta property=\"og:url\" content=\"https:\/\/www.peetri.edu.ee\/lasteaed\/meie-lasteaed\/inimesed\/\" \/>\n<meta property=\"og:site_name\" content=\"Peetri Lasteaed\" \/>\n<meta property=\"article:modified_time\" content=\"2025-12-04T09:25:38+00:00\" \/>\n<meta property=\"og:image\" content=\"https:\/\/www.peetri.edu.ee\/lasteaed\/wp-content\/uploads\/sites\/2\/2025\/12\/Opetajad.jpg\" \/>\n\t<meta property=\"og:image:width\" content=\"1000\" \/>\n\t<meta property=\"og:image:height\" content=\"707\" \/>\n\t<meta property=\"og:image:type\" content=\"image\/jpeg\" \/>\n<meta name=\"twitter:card\" content=\"summary_large_image\" \/>\n<meta name=\"twitter:label1\" content=\"Est. reading time\" \/>\n\t<meta name=\"twitter:data1\" content=\"1 minut\" \/>\n<script type=\"application\/ld+json\" class=\"yoast-schema-graph\">{\"@context\":\"https:\/\/schema.org\",\"@graph\":[{\"@type\":\"WebPage\",\"@id\":\"https:\/\/www.peetri.edu.ee\/lasteaed\/meie-lasteaed\/inimesed\/\",\"url\":\"https:\/\/www.peetri.edu.ee\/lasteaed\/meie-lasteaed\/inimesed\/\",\"name\":\"Inimesed - Peetri Lasteaed\",\"isPartOf\":{\"@id\":\"https:\/\/www.peetri.edu.ee\/lasteaed\/#website\"},\"primaryImageOfPage\":{\"@id\":\"https:\/\/www.peetri.edu.ee\/lasteaed\/meie-lasteaed\/inimesed\/#primaryimage\"},\"image\":{\"@id\":\"https:\/\/www.peetri.edu.ee\/lasteaed\/meie-lasteaed\/inimesed\/#primaryimage\"},\"thumbnailUrl\":\"https:\/\/www.peetri.edu.ee\/lasteaed\/wp-content\/uploads\/sites\/2\/2025\/12\/Opetajad.jpg\",\"datePublished\":\"2017-08-15T06:31:00+00:00\",\"dateModified\":\"2025-12-04T09:25:38+00:00\",\"breadcrumb\":{\"@id\":\"https:\/\/www.peetri.edu.ee\/lasteaed\/meie-lasteaed\/inimesed\/#breadcrumb\"},\"inLanguage\":\"et\",\"potentialAction\":[{\"@type\":\"ReadAction\",\"target\":[\"https:\/\/www.peetri.edu.ee\/lasteaed\/meie-lasteaed\/inimesed\/\"]}]},{\"@type\":\"ImageObject\",\"inLanguage\":\"et\",\"@id\":\"https:\/\/www.peetri.edu.ee\/lasteaed\/meie-lasteaed\/inimesed\/#primaryimage\",\"url\":\"https:\/\/www.peetri.edu.ee\/lasteaed\/wp-content\/uploads\/sites\/2\/2025\/12\/Opetajad.jpg\",\"contentUrl\":\"https:\/\/www.peetri.edu.ee\/lasteaed\/wp-content\/uploads\/sites\/2\/2025\/12\/Opetajad.jpg\",\"width\":1000,\"height\":707},{\"@type\":\"BreadcrumbList\",\"@id\":\"https:\/\/www.peetri.edu.ee\/lasteaed\/meie-lasteaed\/inimesed\/#breadcrumb\",\"itemListElement\":[{\"@type\":\"ListItem\",\"position\":1,\"name\":\"Home\",\"item\":\"https:\/\/www.peetri.edu.ee\/lasteaed\/\"},{\"@type\":\"ListItem\",\"position\":2,\"name\":\"Meie lasteaed\",\"item\":\"https:\/\/www.peetri.edu.ee\/lasteaed\/\"},{\"@type\":\"ListItem\",\"position\":3,\"name\":\"Inimesed\"}]},{\"@type\":\"WebSite\",\"@id\":\"https:\/\/www.peetri.edu.ee\/lasteaed\/#website\",\"url\":\"https:\/\/www.peetri.edu.ee\/lasteaed\/\",\"name\":\"Peetri Lasteaed\",\"description\":\"Igas inimeses on p\u00e4ike, laskem tal s\u00e4rada\",\"potentialAction\":[{\"@type\":\"SearchAction\",\"target\":{\"@type\":\"EntryPoint\",\"urlTemplate\":\"https:\/\/www.peetri.edu.ee\/lasteaed\/?s={search_term_string}\"},\"query-input\":{\"@type\":\"PropertyValueSpecification\",\"valueRequired\":true,\"valueName\":\"search_term_string\"}}],\"inLanguage\":\"et\"}]}<\/script>\n<!-- \/ Yoast SEO plugin. -->","yoast_head_json":{"title":"Inimesed - Peetri Lasteaed","robots":{"index":"index","follow":"follow","max-snippet":"max-snippet:-1","max-image-preview":"max-image-preview:large","max-video-preview":"max-video-preview:-1"},"canonical":"https:\/\/www.peetri.edu.ee\/lasteaed\/meie-lasteaed\/inimesed\/","og_locale":"et_EE","og_type":"article","og_title":"Inimesed - Peetri Lasteaed","og_description":"\u00a0 Peetri Lasteaias t\u00f6\u00f6tavad: 36 r\u00fchma\u00f5petajat, 3 liikumis\u00f5petajat, 3 muusika\u00f5petajat, 2 \u00f5ppejuhti, direktor, haldusjuht, 19 abi\u00f5petajat, majandusjuhataja abi, majandusjuhataja, sekret\u00e4r,...","og_url":"https:\/\/www.peetri.edu.ee\/lasteaed\/meie-lasteaed\/inimesed\/","og_site_name":"Peetri Lasteaed","article_modified_time":"2025-12-04T09:25:38+00:00","og_image":[{"width":1000,"height":707,"url":"https:\/\/www.peetri.edu.ee\/lasteaed\/wp-content\/uploads\/sites\/2\/2025\/12\/Opetajad.jpg","type":"image\/jpeg"}],"twitter_card":"summary_large_image","twitter_misc":{"Est. reading time":"1 minut"},"schema":{"@context":"https:\/\/schema.org","@graph":[{"@type":"WebPage","@id":"https:\/\/www.peetri.edu.ee\/lasteaed\/meie-lasteaed\/inimesed\/","url":"https:\/\/www.peetri.edu.ee\/lasteaed\/meie-lasteaed\/inimesed\/","name":"Inimesed - Peetri Lasteaed","isPartOf":{"@id":"https:\/\/www.peetri.edu.ee\/lasteaed\/#website"},"primaryImageOfPage":{"@id":"https:\/\/www.peetri.edu.ee\/lasteaed\/meie-lasteaed\/inimesed\/#primaryimage"},"image":{"@id":"https:\/\/www.peetri.edu.ee\/lasteaed\/meie-lasteaed\/inimesed\/#primaryimage"},"thumbnailUrl":"https:\/\/www.peetri.edu.ee\/lasteaed\/wp-content\/uploads\/sites\/2\/2025\/12\/Opetajad.jpg","datePublished":"2017-08-15T06:31:00+00:00","dateModified":"2025-12-04T09:25:38+00:00","breadcrumb":{"@id":"https:\/\/www.peetri.edu.ee\/lasteaed\/meie-lasteaed\/inimesed\/#breadcrumb"},"inLanguage":"et","potentialAction":[{"@type":"ReadAction","target":["https:\/\/www.peetri.edu.ee\/lasteaed\/meie-lasteaed\/inimesed\/"]}]},{"@type":"ImageObject","inLanguage":"et","@id":"https:\/\/www.peetri.edu.ee\/lasteaed\/meie-lasteaed\/inimesed\/#primaryimage","url":"https:\/\/www.peetri.edu.ee\/lasteaed\/wp-content\/uploads\/sites\/2\/2025\/12\/Opetajad.jpg","contentUrl":"https:\/\/www.peetri.edu.ee\/lasteaed\/wp-content\/uploads\/sites\/2\/2025\/12\/Opetajad.jpg","width":1000,"height":707},{"@type":"BreadcrumbList","@id":"https:\/\/www.peetri.edu.ee\/lasteaed\/meie-lasteaed\/inimesed\/#breadcrumb","itemListElement":[{"@type":"ListItem","position":1,"name":"Home","item":"https:\/\/www.peetri.edu.ee\/lasteaed\/"},{"@type":"ListItem","position":2,"name":"Meie lasteaed","item":"https:\/\/www.peetri.edu.ee\/lasteaed\/"},{"@type":"ListItem","position":3,"name":"Inimesed"}]},{"@type":"WebSite","@id":"https:\/\/www.peetri.edu.ee\/lasteaed\/#website","url":"https:\/\/www.peetri.edu.ee\/lasteaed\/","name":"Peetri Lasteaed","description":"Igas inimeses on p\u00e4ike, laskem tal s\u00e4rada","potentialAction":[{"@type":"SearchAction","target":{"@type":"EntryPoint","urlTemplate":"https:\/\/www.peetri.edu.ee\/lasteaed\/?s={search_term_string}"},"query-input":{"@type":"PropertyValueSpecification","valueRequired":true,"valueName":"search_term_string"}}],"inLanguage":"et"}]}},"acf":[],"_links":{"self":[{"href":"https:\/\/www.peetri.edu.ee\/lasteaed\/wp-json\/wp\/v2\/pages\/19","targetHints":{"allow":["GET"]}}],"collection":[{"href":"https:\/\/www.peetri.edu.ee\/lasteaed\/wp-json\/wp\/v2\/pages"}],"about":[{"href":"https:\/\/www.peetri.edu.ee\/lasteaed\/wp-json\/wp\/v2\/types\/page"}],"author":[{"embeddable":true,"href":"https:\/\/www.peetri.edu.ee\/lasteaed\/wp-json\/wp\/v2\/users\/1"}],"replies":[{"embeddable":true,"href":"https:\/\/www.peetri.edu.ee\/lasteaed\/wp-json\/wp\/v2\/comments?post=19"}],"version-history":[{"count":5,"href":"https:\/\/www.peetri.edu.ee\/lasteaed\/wp-json\/wp\/v2\/pages\/19\/revisions"}],"predecessor-version":[{"id":3189,"href":"https:\/\/www.peetri.edu.ee\/lasteaed\/wp-json\/wp\/v2\/pages\/19\/revisions\/3189"}],"up":[{"embeddable":true,"href":"https:\/\/www.peetri.edu.ee\/lasteaed\/wp-json\/wp\/v2\/pages\/5"}],"wp:attachment":[{"href":"https:\/\/www.peetri.edu.ee\/lasteaed\/wp-json\/wp\/v2\/media?parent=19"}],"curies":[{"name":"wp","href":"https:\/\/api.w.org\/{rel}","templated":true}]}}