{"id":1565,"date":"2021-03-10T13:02:27","date_gmt":"2021-03-10T11:02:27","guid":{"rendered":"https:\/\/www.peetri.edu.ee\/lasteaed\/?page_id=1565"},"modified":"2021-03-10T13:49:31","modified_gmt":"2021-03-10T11:49:31","slug":"2020-2021","status":"publish","type":"page","link":"https:\/\/www.peetri.edu.ee\/lasteaed\/projektid\/etwinning\/2020-2021\/","title":{"rendered":"2020-2021"},"content":{"rendered":"<p><span style=\"font-size: 24pt\"><strong>\u201eM\u00f5tle, planeeri ja loo oma raamat\u201c \/ \u201eThink, plan and design your book\u201c<\/strong><\/span><\/p>\n<p>Musirullid ja Naerupallid osalevad rahvusvahelises eTwinningu projektis \u201eM\u00f5tle, planeeri ja loo oma raamat.\u201c Projekt kestab 9 kuud.<\/p>\n<p>Projekti eesm\u00e4rkideks on:<\/p>\n<ul>\n<li>Laste kujutlusv\u00f5ime ja loovuse arendamine<\/li>\n<li>Laste kirjaoskuse arendamine<\/li>\n<li>Laste v\u00e4ljendusoskuse parendamine<\/li>\n<li>Laste huvi suurendamine raamatute vastu<\/li>\n<li>Laste uudishimu tekitamine erinevate tegevuste kaudu<\/li>\n<li>Parendada laste keskendumis- ja t\u00e4helepanuv\u00f5imet<\/li>\n<li>Perede kaasamine<\/li>\n<\/ul>\n<p>Koos T\u00fcrgi erinevate lasteaedade lastega viiakse l\u00e4bi toredaid tegevusi eesm\u00e4rkide t\u00e4itmiseks. Raamatuid loetakse lastele ette ja lastega koos, arutletakse erinevate raamatute tegelaskujude \u00fcle. Lapsed joonistavad raamatukangelasi, leiavad oma lemmik muinasjutud. Projekt l\u00f5ppeb sellega, et iga laps on loonud omale oma raamatu.<\/p>\n","protected":false},"excerpt":{"rendered":"<p>\u201eM\u00f5tle, planeeri ja loo oma raamat\u201c \/ \u201eThink, plan and design your book\u201c Musirullid ja Naerupallid osalevad rahvusvahelises eTwinningu projektis&#8230;<\/p>\n","protected":false},"author":1,"featured_media":0,"parent":156,"menu_order":0,"comment_status":"closed","ping_status":"closed","template":"","meta":{"_acf_changed":false,"footnotes":""},"class_list":["post-1565","page","type-page","status-publish","hentry"],"yoast_head":"<!-- This site is optimized with the Yoast SEO plugin v27.2 - https:\/\/yoast.com\/product\/yoast-seo-wordpress\/ -->\n<title>2020-2021 - Peetri Lasteaed<\/title>\n<meta name=\"robots\" content=\"index, follow, max-snippet:-1, max-image-preview:large, max-video-preview:-1\" \/>\n<link rel=\"canonical\" href=\"https:\/\/www.peetri.edu.ee\/lasteaed\/projektid\/etwinning\/2020-2021\/\" \/>\n<meta property=\"og:locale\" content=\"et_EE\" \/>\n<meta property=\"og:type\" content=\"article\" \/>\n<meta property=\"og:title\" content=\"2020-2021 - Peetri Lasteaed\" \/>\n<meta property=\"og:description\" content=\"\u201eM\u00f5tle, planeeri ja loo oma raamat\u201c \/ \u201eThink, plan and design your book\u201c Musirullid ja Naerupallid osalevad rahvusvahelises eTwinningu projektis...\" \/>\n<meta property=\"og:url\" content=\"https:\/\/www.peetri.edu.ee\/lasteaed\/projektid\/etwinning\/2020-2021\/\" \/>\n<meta property=\"og:site_name\" content=\"Peetri Lasteaed\" \/>\n<meta property=\"article:modified_time\" content=\"2021-03-10T11:49:31+00:00\" \/>\n<meta name=\"twitter:card\" content=\"summary_large_image\" \/>\n<meta name=\"twitter:label1\" content=\"Est. reading time\" \/>\n\t<meta name=\"twitter:data1\" content=\"1 minut\" \/>\n<script type=\"application\/ld+json\" class=\"yoast-schema-graph\">{\"@context\":\"https:\/\/schema.org\",\"@graph\":[{\"@type\":\"WebPage\",\"@id\":\"https:\/\/www.peetri.edu.ee\/lasteaed\/projektid\/etwinning\/2020-2021\/\",\"url\":\"https:\/\/www.peetri.edu.ee\/lasteaed\/projektid\/etwinning\/2020-2021\/\",\"name\":\"2020-2021 - Peetri Lasteaed\",\"isPartOf\":{\"@id\":\"https:\/\/www.peetri.edu.ee\/lasteaed\/#website\"},\"datePublished\":\"2021-03-10T11:02:27+00:00\",\"dateModified\":\"2021-03-10T11:49:31+00:00\",\"breadcrumb\":{\"@id\":\"https:\/\/www.peetri.edu.ee\/lasteaed\/projektid\/etwinning\/2020-2021\/#breadcrumb\"},\"inLanguage\":\"et\",\"potentialAction\":[{\"@type\":\"ReadAction\",\"target\":[\"https:\/\/www.peetri.edu.ee\/lasteaed\/projektid\/etwinning\/2020-2021\/\"]}]},{\"@type\":\"BreadcrumbList\",\"@id\":\"https:\/\/www.peetri.edu.ee\/lasteaed\/projektid\/etwinning\/2020-2021\/#breadcrumb\",\"itemListElement\":[{\"@type\":\"ListItem\",\"position\":1,\"name\":\"Home\",\"item\":\"https:\/\/www.peetri.edu.ee\/lasteaed\/\"},{\"@type\":\"ListItem\",\"position\":2,\"name\":\"Projektid\",\"item\":\"https:\/\/www.peetri.edu.ee\/lasteaed\/projektid\/\"},{\"@type\":\"ListItem\",\"position\":3,\"name\":\"eTwinning\",\"item\":\"https:\/\/www.peetri.edu.ee\/lasteaed\/projektid\/etwinning\/\"},{\"@type\":\"ListItem\",\"position\":4,\"name\":\"2020-2021\"}]},{\"@type\":\"WebSite\",\"@id\":\"https:\/\/www.peetri.edu.ee\/lasteaed\/#website\",\"url\":\"https:\/\/www.peetri.edu.ee\/lasteaed\/\",\"name\":\"Peetri Lasteaed\",\"description\":\"Igas inimeses on p\u00e4ike, laskem tal s\u00e4rada\",\"potentialAction\":[{\"@type\":\"SearchAction\",\"target\":{\"@type\":\"EntryPoint\",\"urlTemplate\":\"https:\/\/www.peetri.edu.ee\/lasteaed\/?s={search_term_string}\"},\"query-input\":{\"@type\":\"PropertyValueSpecification\",\"valueRequired\":true,\"valueName\":\"search_term_string\"}}],\"inLanguage\":\"et\"}]}<\/script>\n<!-- \/ Yoast SEO plugin. -->","yoast_head_json":{"title":"2020-2021 - Peetri Lasteaed","robots":{"index":"index","follow":"follow","max-snippet":"max-snippet:-1","max-image-preview":"max-image-preview:large","max-video-preview":"max-video-preview:-1"},"canonical":"https:\/\/www.peetri.edu.ee\/lasteaed\/projektid\/etwinning\/2020-2021\/","og_locale":"et_EE","og_type":"article","og_title":"2020-2021 - Peetri Lasteaed","og_description":"\u201eM\u00f5tle, planeeri ja loo oma raamat\u201c \/ \u201eThink, plan and design your book\u201c Musirullid ja Naerupallid osalevad rahvusvahelises eTwinningu projektis...","og_url":"https:\/\/www.peetri.edu.ee\/lasteaed\/projektid\/etwinning\/2020-2021\/","og_site_name":"Peetri Lasteaed","article_modified_time":"2021-03-10T11:49:31+00:00","twitter_card":"summary_large_image","twitter_misc":{"Est. reading time":"1 minut"},"schema":{"@context":"https:\/\/schema.org","@graph":[{"@type":"WebPage","@id":"https:\/\/www.peetri.edu.ee\/lasteaed\/projektid\/etwinning\/2020-2021\/","url":"https:\/\/www.peetri.edu.ee\/lasteaed\/projektid\/etwinning\/2020-2021\/","name":"2020-2021 - Peetri Lasteaed","isPartOf":{"@id":"https:\/\/www.peetri.edu.ee\/lasteaed\/#website"},"datePublished":"2021-03-10T11:02:27+00:00","dateModified":"2021-03-10T11:49:31+00:00","breadcrumb":{"@id":"https:\/\/www.peetri.edu.ee\/lasteaed\/projektid\/etwinning\/2020-2021\/#breadcrumb"},"inLanguage":"et","potentialAction":[{"@type":"ReadAction","target":["https:\/\/www.peetri.edu.ee\/lasteaed\/projektid\/etwinning\/2020-2021\/"]}]},{"@type":"BreadcrumbList","@id":"https:\/\/www.peetri.edu.ee\/lasteaed\/projektid\/etwinning\/2020-2021\/#breadcrumb","itemListElement":[{"@type":"ListItem","position":1,"name":"Home","item":"https:\/\/www.peetri.edu.ee\/lasteaed\/"},{"@type":"ListItem","position":2,"name":"Projektid","item":"https:\/\/www.peetri.edu.ee\/lasteaed\/projektid\/"},{"@type":"ListItem","position":3,"name":"eTwinning","item":"https:\/\/www.peetri.edu.ee\/lasteaed\/projektid\/etwinning\/"},{"@type":"ListItem","position":4,"name":"2020-2021"}]},{"@type":"WebSite","@id":"https:\/\/www.peetri.edu.ee\/lasteaed\/#website","url":"https:\/\/www.peetri.edu.ee\/lasteaed\/","name":"Peetri Lasteaed","description":"Igas inimeses on p\u00e4ike, laskem tal s\u00e4rada","potentialAction":[{"@type":"SearchAction","target":{"@type":"EntryPoint","urlTemplate":"https:\/\/www.peetri.edu.ee\/lasteaed\/?s={search_term_string}"},"query-input":{"@type":"PropertyValueSpecification","valueRequired":true,"valueName":"search_term_string"}}],"inLanguage":"et"}]}},"acf":[],"_links":{"self":[{"href":"https:\/\/www.peetri.edu.ee\/lasteaed\/wp-json\/wp\/v2\/pages\/1565","targetHints":{"allow":["GET"]}}],"collection":[{"href":"https:\/\/www.peetri.edu.ee\/lasteaed\/wp-json\/wp\/v2\/pages"}],"about":[{"href":"https:\/\/www.peetri.edu.ee\/lasteaed\/wp-json\/wp\/v2\/types\/page"}],"author":[{"embeddable":true,"href":"https:\/\/www.peetri.edu.ee\/lasteaed\/wp-json\/wp\/v2\/users\/1"}],"replies":[{"embeddable":true,"href":"https:\/\/www.peetri.edu.ee\/lasteaed\/wp-json\/wp\/v2\/comments?post=1565"}],"version-history":[{"count":3,"href":"https:\/\/www.peetri.edu.ee\/lasteaed\/wp-json\/wp\/v2\/pages\/1565\/revisions"}],"predecessor-version":[{"id":1568,"href":"https:\/\/www.peetri.edu.ee\/lasteaed\/wp-json\/wp\/v2\/pages\/1565\/revisions\/1568"}],"up":[{"embeddable":true,"href":"https:\/\/www.peetri.edu.ee\/lasteaed\/wp-json\/wp\/v2\/pages\/156"}],"wp:attachment":[{"href":"https:\/\/www.peetri.edu.ee\/lasteaed\/wp-json\/wp\/v2\/media?parent=1565"}],"curies":[{"name":"wp","href":"https:\/\/api.w.org\/{rel}","templated":true}]}}