{"id":153,"date":"2017-08-15T13:01:30","date_gmt":"2017-08-15T10:01:30","guid":{"rendered":"https:\/\/www.peetri.edu.ee\/lasteaed\/?page_id=153"},"modified":"2017-08-15T13:01:30","modified_gmt":"2017-08-15T10:01:30","slug":"kokkuvote","status":"publish","type":"page","link":"https:\/\/www.peetri.edu.ee\/lasteaed\/projektid\/comenius\/kokkuvote\/","title":{"rendered":"Kokkuv\u00f5te"},"content":{"rendered":"<h3>Projekti kokkuv\u00f5te<\/h3>\n<p>T\u00e4nap\u00e4eval veedavad lapsed v\u00e4ga palju aega telerite ees, arvutite taga, kasutavad Ipade, mobiile jne. Lastevanematel ei ole aega lastele edasi anda traditsioone, kultuuri ja t\u00e4htp\u00e4evade t\u00e4hendust, mida nemad kunagi lastena kogesid, seep\u00e4rast kaotab t\u00e4htuse ja v\u00e4\u00e4rtuse meie p\u00e4rand.<\/p>\n<p>Seep\u00e4rast ongi projekti fookuses tuua lastele l\u00e4hemale nende oma maa ja ka teiste Euroopa riikide traditsioonid, kultuur, p\u00e4rand ja t\u00e4htp\u00e4evad.<\/p>\n<h3>Projekt h\u00f5lmab:<\/h3>\n<p><strong>Traditsioonide t\u00e4histamist\u00a0<\/strong>(rahvuslik toit, (ka tervislik toit), tantsud, laulud, muusika, (sh instrumendid), muinasjutud, laste jutud, m\u00e4ngud, riided, nukud, jne)<\/p>\n<p><strong>Uuritakse traditsioonide<\/strong>\u00a0ajalugu\u00a0(mida ja kuidas meie vanemad ja vanavanemad t\u00e4histasid).<\/p>\n<p><strong>Looduse hoidmine<\/strong>\u00a0(luuakse aed taimedele \u2013k\u00f6\u00f6giviljadele, koristatakse lasteaia \u00fcmbrust, istutatakse puid, hoitakse kokku vett jne)<\/p>\n<p><strong>T\u00e4histatakse s\u00f5prust\u00a0<\/strong>(t\u00e4histataks e rahvusvahelist s\u00f5pruse p\u00e4eva,\u00a0 tehakse s\u00f5pruse puu, raamat s\u00f5prusest, korraldatakse spetsiaalseid lasteaia pidustusi, kaartide saatmine \u00fcksteisele, e-mailide saatmine, kohtumine videokonverentsidel,\u00a0 joonistuse, maailde, fotode\u00a0 jagamine, kutsutakse lasteaeda erinevatesse t\u00f6\u00f6tubadesse neid lapsi, kes ei k\u00e4i lasteaias ja erivajadusega lapsi<\/p>\n<p><strong>T\u00e4histatakse rahvuslikke<\/strong>\u00a0ja teisi t\u00e4htp\u00e4evi\u00a0(iga osalev riik ja k\u00f5ik t\u00e4htp\u00e4evad mida koos t\u00e4histatakse, aga v\u00f5ib olla ka teisiti nt j\u00f5ulud , lihav\u00f5tted jne)<\/p>\n<p><strong>Pannakse r\u00f5hku<\/strong> ka IT vahendite kasutamisele\u00a0(nii \u00f5petajad kui ka lapsed \u00f5pivad kasutama kaasaegset tehnoloogiat)<\/p>\n<p>Projekt kaasab lapsi, \u00f5petajaid, lapsevanemaid, t\u00f6\u00f6tajaid, kohalikku kogukonda, teisi lasteaedasid ja koole ning organistatsioone, omavalitsusi.<\/p>\n","protected":false},"excerpt":{"rendered":"<p>Projekti kokkuv\u00f5te T\u00e4nap\u00e4eval veedavad lapsed v\u00e4ga palju aega telerite ees, arvutite taga, kasutavad Ipade, mobiile jne. Lastevanematel ei ole aega&#8230;<\/p>\n","protected":false},"author":1,"featured_media":0,"parent":148,"menu_order":20,"comment_status":"closed","ping_status":"closed","template":"","meta":{"_acf_changed":false,"footnotes":""},"class_list":["post-153","page","type-page","status-publish","hentry"],"yoast_head":"<!-- This site is optimized with the Yoast SEO plugin v27.2 - https:\/\/yoast.com\/product\/yoast-seo-wordpress\/ -->\n<title>Kokkuv\u00f5te - Peetri Lasteaed<\/title>\n<meta name=\"robots\" content=\"index, follow, max-snippet:-1, max-image-preview:large, max-video-preview:-1\" \/>\n<link rel=\"canonical\" href=\"https:\/\/www.peetri.edu.ee\/lasteaed\/projektid\/comenius\/kokkuvote\/\" \/>\n<meta property=\"og:locale\" content=\"et_EE\" \/>\n<meta property=\"og:type\" content=\"article\" \/>\n<meta property=\"og:title\" content=\"Kokkuv\u00f5te - Peetri Lasteaed\" \/>\n<meta property=\"og:description\" content=\"Projekti kokkuv\u00f5te T\u00e4nap\u00e4eval veedavad lapsed v\u00e4ga palju aega telerite ees, arvutite taga, kasutavad Ipade, mobiile jne. Lastevanematel ei ole aega...\" \/>\n<meta property=\"og:url\" content=\"https:\/\/www.peetri.edu.ee\/lasteaed\/projektid\/comenius\/kokkuvote\/\" \/>\n<meta property=\"og:site_name\" content=\"Peetri Lasteaed\" \/>\n<meta name=\"twitter:card\" content=\"summary_large_image\" \/>\n<meta name=\"twitter:label1\" content=\"Est. reading time\" \/>\n\t<meta name=\"twitter:data1\" content=\"1 minut\" \/>\n<script type=\"application\/ld+json\" class=\"yoast-schema-graph\">{\"@context\":\"https:\/\/schema.org\",\"@graph\":[{\"@type\":\"WebPage\",\"@id\":\"https:\/\/www.peetri.edu.ee\/lasteaed\/projektid\/comenius\/kokkuvote\/\",\"url\":\"https:\/\/www.peetri.edu.ee\/lasteaed\/projektid\/comenius\/kokkuvote\/\",\"name\":\"Kokkuv\u00f5te - Peetri Lasteaed\",\"isPartOf\":{\"@id\":\"https:\/\/www.peetri.edu.ee\/lasteaed\/#website\"},\"datePublished\":\"2017-08-15T10:01:30+00:00\",\"breadcrumb\":{\"@id\":\"https:\/\/www.peetri.edu.ee\/lasteaed\/projektid\/comenius\/kokkuvote\/#breadcrumb\"},\"inLanguage\":\"et\",\"potentialAction\":[{\"@type\":\"ReadAction\",\"target\":[\"https:\/\/www.peetri.edu.ee\/lasteaed\/projektid\/comenius\/kokkuvote\/\"]}]},{\"@type\":\"BreadcrumbList\",\"@id\":\"https:\/\/www.peetri.edu.ee\/lasteaed\/projektid\/comenius\/kokkuvote\/#breadcrumb\",\"itemListElement\":[{\"@type\":\"ListItem\",\"position\":1,\"name\":\"Home\",\"item\":\"https:\/\/www.peetri.edu.ee\/lasteaed\/\"},{\"@type\":\"ListItem\",\"position\":2,\"name\":\"Projektid\",\"item\":\"https:\/\/www.peetri.edu.ee\/lasteaed\/projektid\/\"},{\"@type\":\"ListItem\",\"position\":3,\"name\":\"Comenius\",\"item\":\"https:\/\/www.peetri.edu.ee\/lasteaed\/projektid\/comenius\/\"},{\"@type\":\"ListItem\",\"position\":4,\"name\":\"Kokkuv\u00f5te\"}]},{\"@type\":\"WebSite\",\"@id\":\"https:\/\/www.peetri.edu.ee\/lasteaed\/#website\",\"url\":\"https:\/\/www.peetri.edu.ee\/lasteaed\/\",\"name\":\"Peetri Lasteaed\",\"description\":\"Igas inimeses on p\u00e4ike, laskem tal s\u00e4rada\",\"potentialAction\":[{\"@type\":\"SearchAction\",\"target\":{\"@type\":\"EntryPoint\",\"urlTemplate\":\"https:\/\/www.peetri.edu.ee\/lasteaed\/?s={search_term_string}\"},\"query-input\":{\"@type\":\"PropertyValueSpecification\",\"valueRequired\":true,\"valueName\":\"search_term_string\"}}],\"inLanguage\":\"et\"}]}<\/script>\n<!-- \/ Yoast SEO plugin. -->","yoast_head_json":{"title":"Kokkuv\u00f5te - Peetri Lasteaed","robots":{"index":"index","follow":"follow","max-snippet":"max-snippet:-1","max-image-preview":"max-image-preview:large","max-video-preview":"max-video-preview:-1"},"canonical":"https:\/\/www.peetri.edu.ee\/lasteaed\/projektid\/comenius\/kokkuvote\/","og_locale":"et_EE","og_type":"article","og_title":"Kokkuv\u00f5te - Peetri Lasteaed","og_description":"Projekti kokkuv\u00f5te T\u00e4nap\u00e4eval veedavad lapsed v\u00e4ga palju aega telerite ees, arvutite taga, kasutavad Ipade, mobiile jne. Lastevanematel ei ole aega...","og_url":"https:\/\/www.peetri.edu.ee\/lasteaed\/projektid\/comenius\/kokkuvote\/","og_site_name":"Peetri Lasteaed","twitter_card":"summary_large_image","twitter_misc":{"Est. reading time":"1 minut"},"schema":{"@context":"https:\/\/schema.org","@graph":[{"@type":"WebPage","@id":"https:\/\/www.peetri.edu.ee\/lasteaed\/projektid\/comenius\/kokkuvote\/","url":"https:\/\/www.peetri.edu.ee\/lasteaed\/projektid\/comenius\/kokkuvote\/","name":"Kokkuv\u00f5te - Peetri Lasteaed","isPartOf":{"@id":"https:\/\/www.peetri.edu.ee\/lasteaed\/#website"},"datePublished":"2017-08-15T10:01:30+00:00","breadcrumb":{"@id":"https:\/\/www.peetri.edu.ee\/lasteaed\/projektid\/comenius\/kokkuvote\/#breadcrumb"},"inLanguage":"et","potentialAction":[{"@type":"ReadAction","target":["https:\/\/www.peetri.edu.ee\/lasteaed\/projektid\/comenius\/kokkuvote\/"]}]},{"@type":"BreadcrumbList","@id":"https:\/\/www.peetri.edu.ee\/lasteaed\/projektid\/comenius\/kokkuvote\/#breadcrumb","itemListElement":[{"@type":"ListItem","position":1,"name":"Home","item":"https:\/\/www.peetri.edu.ee\/lasteaed\/"},{"@type":"ListItem","position":2,"name":"Projektid","item":"https:\/\/www.peetri.edu.ee\/lasteaed\/projektid\/"},{"@type":"ListItem","position":3,"name":"Comenius","item":"https:\/\/www.peetri.edu.ee\/lasteaed\/projektid\/comenius\/"},{"@type":"ListItem","position":4,"name":"Kokkuv\u00f5te"}]},{"@type":"WebSite","@id":"https:\/\/www.peetri.edu.ee\/lasteaed\/#website","url":"https:\/\/www.peetri.edu.ee\/lasteaed\/","name":"Peetri Lasteaed","description":"Igas inimeses on p\u00e4ike, laskem tal s\u00e4rada","potentialAction":[{"@type":"SearchAction","target":{"@type":"EntryPoint","urlTemplate":"https:\/\/www.peetri.edu.ee\/lasteaed\/?s={search_term_string}"},"query-input":{"@type":"PropertyValueSpecification","valueRequired":true,"valueName":"search_term_string"}}],"inLanguage":"et"}]}},"acf":[],"_links":{"self":[{"href":"https:\/\/www.peetri.edu.ee\/lasteaed\/wp-json\/wp\/v2\/pages\/153","targetHints":{"allow":["GET"]}}],"collection":[{"href":"https:\/\/www.peetri.edu.ee\/lasteaed\/wp-json\/wp\/v2\/pages"}],"about":[{"href":"https:\/\/www.peetri.edu.ee\/lasteaed\/wp-json\/wp\/v2\/types\/page"}],"author":[{"embeddable":true,"href":"https:\/\/www.peetri.edu.ee\/lasteaed\/wp-json\/wp\/v2\/users\/1"}],"replies":[{"embeddable":true,"href":"https:\/\/www.peetri.edu.ee\/lasteaed\/wp-json\/wp\/v2\/comments?post=153"}],"version-history":[{"count":1,"href":"https:\/\/www.peetri.edu.ee\/lasteaed\/wp-json\/wp\/v2\/pages\/153\/revisions"}],"predecessor-version":[{"id":154,"href":"https:\/\/www.peetri.edu.ee\/lasteaed\/wp-json\/wp\/v2\/pages\/153\/revisions\/154"}],"up":[{"embeddable":true,"href":"https:\/\/www.peetri.edu.ee\/lasteaed\/wp-json\/wp\/v2\/pages\/148"}],"wp:attachment":[{"href":"https:\/\/www.peetri.edu.ee\/lasteaed\/wp-json\/wp\/v2\/media?parent=153"}],"curies":[{"name":"wp","href":"https:\/\/api.w.org\/{rel}","templated":true}]}}