{"id":150,"date":"2017-08-15T12:44:44","date_gmt":"2017-08-15T09:44:44","guid":{"rendered":"https:\/\/www.peetri.edu.ee\/lasteaed\/?page_id=150"},"modified":"2017-08-15T12:44:44","modified_gmt":"2017-08-15T09:44:44","slug":"eesmark","status":"publish","type":"page","link":"https:\/\/www.peetri.edu.ee\/lasteaed\/projektid\/comenius\/eesmark\/","title":{"rendered":"Eesm\u00e4rk"},"content":{"rendered":"<h3>Projekti \u00fcldeesm\u00e4rgid:<\/h3>\n<ul>\n<li>Anda lastele, \u00f5petajatele, lastevanematele ja teistele projektis osalejatele infot ja teha t\u00e4hendusrikkamaks Euroopa Liit ja Euroopa kodakondsus<\/li>\n<li>Edendada teadlikkust erinevate kultuuride kohta, traditsioonide kohta ja k\u00f5ige enam pidustuste kohta, \u00a0leida sarnasusi ja erinevusi nende vahel<\/li>\n<li>Anda rohkem teadmisi ja oskusi kaasaegse tehnoloogia kohta<\/li>\n<li>Edendada k\u00f5igi osav\u00f5tjate vahel v\u00f5rd\u00f5iguslikkust ja sallivust<\/li>\n<li>Anda v\u00f5imalus integreerida vanemad, lapsed, \u00f5petajad lasteaedades kohalikul ja Euroopa tasandil<\/li>\n<\/ul>\n<h3>Teemad ja probleemid, mida k\u00e4sitletakse:<\/h3>\n<ul>\n<li>Projekti peamised teemad on s\u00f5prus, pidustused, kultuur ja Euroopa. K\u00f5iki neid omavahel kombineerides t\u00e4htsustatakse sallivust ja v\u00f5rdsust s\u00f5prade vahel lasteaedades, samuti partnerriikides kogu Euroopas.<\/li>\n<li>Projekt edendab ka meeskonnat\u00f6\u00f6d, t\u00f5stab laste kujutlusv\u00f5imet (organiseeritakse lasteaia oma pidup\u00e4evad), lapsed sotsialiseeruvad omavahel ja veedavad kvaliteetaega oma vanematega.<\/li>\n<\/ul>\n<h3>Kuidas l\u00e4henetakse eesm\u00e4rkide saavutamisele:<\/h3>\n<ul>\n<li>Comeniuse avap\u00e4ev igas partnerasutuses, Comeniuse nurga loomine<\/li>\n<li>N\u00e4itused (projekti toodetest, fotodest, videodest ja teistest saavutustest)<\/li>\n<li>Projekti veebilehe loomine<\/li>\n<li>Kalender partnerriikide pidustustest<\/li>\n<li>V\u00e4ike s\u00f5naraamat pidustustega seonduvatest s\u00f5nadest<\/li>\n<li>Kokaraamat traditsiooniliste ja tervislike toidu retseptidega<\/li>\n<li>Voldik (t\u00f5lgitud iga riigi emakeelde)<\/li>\n<li>Raamatud s\u00f5prusest, traditsioonilistest lugudest, nukkudest; ka e-raamatud<\/li>\n<li>DVD-d\u00a0 iga riigi pidustustest, tantsudest<\/li>\n<li>CD-d traditsioonilistest lauludest, m\u00e4ngudest<\/li>\n<li>Fotoalbumite koostamine<\/li>\n<li>T\u00f6\u00f6toad etendustega vanematele, vanavanematele, kogukonnale, pressile jne<\/li>\n<li>Projekti toetamine artiklitega ajalehtedes ja ajakirjades<\/li>\n<li>Pidustuste kalendrid<\/li>\n<li>\u00d6ko-kaartide kogumine<\/li>\n<li>K\u00fcsimustikud vanematele, lastele<\/li>\n<li>Suhtlus l\u00e4bi programmide Skype ja e-twinning<\/li>\n<li>Projekti koosolekud<\/li>\n<li>\u00d5pimaterjali j\u00e4reldused<\/li>\n<\/ul>\n","protected":false},"excerpt":{"rendered":"<p>Projekti \u00fcldeesm\u00e4rgid: Anda lastele, \u00f5petajatele, lastevanematele ja teistele projektis osalejatele infot ja teha t\u00e4hendusrikkamaks Euroopa Liit ja Euroopa kodakondsus Edendada&#8230;<\/p>\n","protected":false},"author":1,"featured_media":0,"parent":148,"menu_order":10,"comment_status":"closed","ping_status":"closed","template":"","meta":{"_acf_changed":false,"footnotes":""},"class_list":["post-150","page","type-page","status-publish","hentry"],"yoast_head":"<!-- This site is optimized with the Yoast SEO plugin v27.2 - https:\/\/yoast.com\/product\/yoast-seo-wordpress\/ -->\n<title>Eesm\u00e4rk - Peetri Lasteaed<\/title>\n<meta name=\"robots\" content=\"index, follow, max-snippet:-1, max-image-preview:large, max-video-preview:-1\" \/>\n<link rel=\"canonical\" href=\"https:\/\/www.peetri.edu.ee\/lasteaed\/projektid\/comenius\/eesmark\/\" \/>\n<meta property=\"og:locale\" content=\"et_EE\" \/>\n<meta property=\"og:type\" content=\"article\" \/>\n<meta property=\"og:title\" content=\"Eesm\u00e4rk - Peetri Lasteaed\" \/>\n<meta property=\"og:description\" content=\"Projekti \u00fcldeesm\u00e4rgid: Anda lastele, \u00f5petajatele, lastevanematele ja teistele projektis osalejatele infot ja teha t\u00e4hendusrikkamaks Euroopa Liit ja Euroopa kodakondsus Edendada...\" \/>\n<meta property=\"og:url\" content=\"https:\/\/www.peetri.edu.ee\/lasteaed\/projektid\/comenius\/eesmark\/\" \/>\n<meta property=\"og:site_name\" content=\"Peetri Lasteaed\" \/>\n<meta name=\"twitter:card\" content=\"summary_large_image\" \/>\n<meta name=\"twitter:label1\" content=\"Est. reading time\" \/>\n\t<meta name=\"twitter:data1\" content=\"1 minut\" \/>\n<script type=\"application\/ld+json\" class=\"yoast-schema-graph\">{\"@context\":\"https:\/\/schema.org\",\"@graph\":[{\"@type\":\"WebPage\",\"@id\":\"https:\/\/www.peetri.edu.ee\/lasteaed\/projektid\/comenius\/eesmark\/\",\"url\":\"https:\/\/www.peetri.edu.ee\/lasteaed\/projektid\/comenius\/eesmark\/\",\"name\":\"Eesm\u00e4rk - Peetri Lasteaed\",\"isPartOf\":{\"@id\":\"https:\/\/www.peetri.edu.ee\/lasteaed\/#website\"},\"datePublished\":\"2017-08-15T09:44:44+00:00\",\"breadcrumb\":{\"@id\":\"https:\/\/www.peetri.edu.ee\/lasteaed\/projektid\/comenius\/eesmark\/#breadcrumb\"},\"inLanguage\":\"et\",\"potentialAction\":[{\"@type\":\"ReadAction\",\"target\":[\"https:\/\/www.peetri.edu.ee\/lasteaed\/projektid\/comenius\/eesmark\/\"]}]},{\"@type\":\"BreadcrumbList\",\"@id\":\"https:\/\/www.peetri.edu.ee\/lasteaed\/projektid\/comenius\/eesmark\/#breadcrumb\",\"itemListElement\":[{\"@type\":\"ListItem\",\"position\":1,\"name\":\"Home\",\"item\":\"https:\/\/www.peetri.edu.ee\/lasteaed\/\"},{\"@type\":\"ListItem\",\"position\":2,\"name\":\"Projektid\",\"item\":\"https:\/\/www.peetri.edu.ee\/lasteaed\/projektid\/\"},{\"@type\":\"ListItem\",\"position\":3,\"name\":\"Comenius\",\"item\":\"https:\/\/www.peetri.edu.ee\/lasteaed\/projektid\/comenius\/\"},{\"@type\":\"ListItem\",\"position\":4,\"name\":\"Eesm\u00e4rk\"}]},{\"@type\":\"WebSite\",\"@id\":\"https:\/\/www.peetri.edu.ee\/lasteaed\/#website\",\"url\":\"https:\/\/www.peetri.edu.ee\/lasteaed\/\",\"name\":\"Peetri Lasteaed\",\"description\":\"Igas inimeses on p\u00e4ike, laskem tal s\u00e4rada\",\"potentialAction\":[{\"@type\":\"SearchAction\",\"target\":{\"@type\":\"EntryPoint\",\"urlTemplate\":\"https:\/\/www.peetri.edu.ee\/lasteaed\/?s={search_term_string}\"},\"query-input\":{\"@type\":\"PropertyValueSpecification\",\"valueRequired\":true,\"valueName\":\"search_term_string\"}}],\"inLanguage\":\"et\"}]}<\/script>\n<!-- \/ Yoast SEO plugin. -->","yoast_head_json":{"title":"Eesm\u00e4rk - Peetri Lasteaed","robots":{"index":"index","follow":"follow","max-snippet":"max-snippet:-1","max-image-preview":"max-image-preview:large","max-video-preview":"max-video-preview:-1"},"canonical":"https:\/\/www.peetri.edu.ee\/lasteaed\/projektid\/comenius\/eesmark\/","og_locale":"et_EE","og_type":"article","og_title":"Eesm\u00e4rk - Peetri Lasteaed","og_description":"Projekti \u00fcldeesm\u00e4rgid: Anda lastele, \u00f5petajatele, lastevanematele ja teistele projektis osalejatele infot ja teha t\u00e4hendusrikkamaks Euroopa Liit ja Euroopa kodakondsus Edendada...","og_url":"https:\/\/www.peetri.edu.ee\/lasteaed\/projektid\/comenius\/eesmark\/","og_site_name":"Peetri Lasteaed","twitter_card":"summary_large_image","twitter_misc":{"Est. reading time":"1 minut"},"schema":{"@context":"https:\/\/schema.org","@graph":[{"@type":"WebPage","@id":"https:\/\/www.peetri.edu.ee\/lasteaed\/projektid\/comenius\/eesmark\/","url":"https:\/\/www.peetri.edu.ee\/lasteaed\/projektid\/comenius\/eesmark\/","name":"Eesm\u00e4rk - Peetri Lasteaed","isPartOf":{"@id":"https:\/\/www.peetri.edu.ee\/lasteaed\/#website"},"datePublished":"2017-08-15T09:44:44+00:00","breadcrumb":{"@id":"https:\/\/www.peetri.edu.ee\/lasteaed\/projektid\/comenius\/eesmark\/#breadcrumb"},"inLanguage":"et","potentialAction":[{"@type":"ReadAction","target":["https:\/\/www.peetri.edu.ee\/lasteaed\/projektid\/comenius\/eesmark\/"]}]},{"@type":"BreadcrumbList","@id":"https:\/\/www.peetri.edu.ee\/lasteaed\/projektid\/comenius\/eesmark\/#breadcrumb","itemListElement":[{"@type":"ListItem","position":1,"name":"Home","item":"https:\/\/www.peetri.edu.ee\/lasteaed\/"},{"@type":"ListItem","position":2,"name":"Projektid","item":"https:\/\/www.peetri.edu.ee\/lasteaed\/projektid\/"},{"@type":"ListItem","position":3,"name":"Comenius","item":"https:\/\/www.peetri.edu.ee\/lasteaed\/projektid\/comenius\/"},{"@type":"ListItem","position":4,"name":"Eesm\u00e4rk"}]},{"@type":"WebSite","@id":"https:\/\/www.peetri.edu.ee\/lasteaed\/#website","url":"https:\/\/www.peetri.edu.ee\/lasteaed\/","name":"Peetri Lasteaed","description":"Igas inimeses on p\u00e4ike, laskem tal s\u00e4rada","potentialAction":[{"@type":"SearchAction","target":{"@type":"EntryPoint","urlTemplate":"https:\/\/www.peetri.edu.ee\/lasteaed\/?s={search_term_string}"},"query-input":{"@type":"PropertyValueSpecification","valueRequired":true,"valueName":"search_term_string"}}],"inLanguage":"et"}]}},"acf":[],"_links":{"self":[{"href":"https:\/\/www.peetri.edu.ee\/lasteaed\/wp-json\/wp\/v2\/pages\/150","targetHints":{"allow":["GET"]}}],"collection":[{"href":"https:\/\/www.peetri.edu.ee\/lasteaed\/wp-json\/wp\/v2\/pages"}],"about":[{"href":"https:\/\/www.peetri.edu.ee\/lasteaed\/wp-json\/wp\/v2\/types\/page"}],"author":[{"embeddable":true,"href":"https:\/\/www.peetri.edu.ee\/lasteaed\/wp-json\/wp\/v2\/users\/1"}],"replies":[{"embeddable":true,"href":"https:\/\/www.peetri.edu.ee\/lasteaed\/wp-json\/wp\/v2\/comments?post=150"}],"version-history":[{"count":1,"href":"https:\/\/www.peetri.edu.ee\/lasteaed\/wp-json\/wp\/v2\/pages\/150\/revisions"}],"predecessor-version":[{"id":151,"href":"https:\/\/www.peetri.edu.ee\/lasteaed\/wp-json\/wp\/v2\/pages\/150\/revisions\/151"}],"up":[{"embeddable":true,"href":"https:\/\/www.peetri.edu.ee\/lasteaed\/wp-json\/wp\/v2\/pages\/148"}],"wp:attachment":[{"href":"https:\/\/www.peetri.edu.ee\/lasteaed\/wp-json\/wp\/v2\/media?parent=150"}],"curies":[{"name":"wp","href":"https:\/\/api.w.org\/{rel}","templated":true}]}}