{"id":148,"date":"2017-08-15T12:43:18","date_gmt":"2017-08-15T09:43:18","guid":{"rendered":"https:\/\/www.peetri.edu.ee\/lasteaed\/?page_id=148"},"modified":"2019-01-09T14:54:57","modified_gmt":"2019-01-09T12:54:57","slug":"comenius","status":"publish","type":"page","link":"https:\/\/www.peetri.edu.ee\/lasteaed\/projektid\/comenius\/","title":{"rendered":"Comenius"},"content":{"rendered":"<h3>COMENIUS\u00a0&#8211;\u00a0Hariduskoot\u00f6\u00f6 projekt Peetri Lasteaias 2013-2015<\/h3>\n<p><strong>Jan Amos Komensky<\/strong>\u00a0(28.03.1592-15.11.1670)<\/p>\n<p><strong>Ladinap\u00e4raselt Comenius<\/strong>\u00a0oli T\u0161ehhi \u00f5petlane ja filosoof, kes sai Euroopas tuntuks oma uudsete pedagoogiliste vaadete poolest, mille m\u00f5ju kestab t\u00e4nase p\u00e4evani<\/p>\n<p><strong>Sihtasutus ARCHIMEDES<\/strong> &#8211;\u00a0on hariduskoost\u00f6\u00f6keskus\u00a0Tallinnas, mis reguleerib antud projekti<\/p>\n<p>\u00dcldhariduse valdkonna allprogrammina on Comenius pakkunud koolidele, \u00f5petajatele, \u00fcli\u00f5pilastele ja koolitusasutustele erinevaid rahvusvahelise koost\u00f6\u00f6 v\u00f5imalusi alates 1995.aastast.<\/p>\n<p>Aastatel\u00a02007 &#8211; 2013 toimib Comenius iseseisva programmina elukestva \u00f5ppe programmis, mida finantseerib Euroopa Liit ja\u00a0milles osalevad 27 Euroopa Liidu liikmesriiki ning\u00a0Island, Liechtenstein, Norra,\u00a0\u0160veits, T\u00fcrgi\u00a0ja Horvaatia<\/p>\n<p><strong>Projekti pealkiri:<\/strong>\u00a0 \u201eCelebrations across Europe\u201c ehk \u201ePidustused Euroopas\u201c<br \/>\n<strong>Projekti kesvus:<\/strong>\u00a001.08.2013 \u2013 30.07.2015<br \/>\n<strong>Projekti kooridnaator:<\/strong> Sloveenia<br \/>\n<strong>Projekti partnerid:<\/strong> Sloveenia, Eesti, T\u00fcrgi, Rootsi, L\u00e4ti, Leedu, Tsehhi, Suurbritannia, Prantsusmaa<br \/>\n<strong>Projekti l\u00e4hetused:<\/strong> Rootsi, T\u00fcrgi, Leedu, Prantsusmaa, Suurbritannia, Sloveenia<\/p>\n<ol>\n<li>Rootsi \u2013 november 2013 (25.11-29.11)<\/li>\n<li>T\u00fcrgi \u2013 m\u00e4rts 2014 (10.03-15.03)<\/li>\n<li>Leedu \u2013 juuni 2014<\/li>\n<li>Prantsusmaa \u2013 november 2014 (03.11-07.11)<\/li>\n<li>Suurbritannia \u2013 m\u00e4rts 2015 (9.03-13.03)<\/li>\n<li>Sloveenia \u2013 juuni 2015 (8.06-12.06)<\/li>\n<\/ol>\n","protected":false},"excerpt":{"rendered":"<p>COMENIUS\u00a0&#8211;\u00a0Hariduskoot\u00f6\u00f6 projekt Peetri Lasteaias 2013-2015 Jan Amos Komensky\u00a0(28.03.1592-15.11.1670) Ladinap\u00e4raselt Comenius\u00a0oli T\u0161ehhi \u00f5petlane ja filosoof, kes sai Euroopas tuntuks oma uudsete&#8230;<\/p>\n","protected":false},"author":1,"featured_media":0,"parent":925,"menu_order":10,"comment_status":"closed","ping_status":"closed","template":"","meta":{"_acf_changed":false,"footnotes":""},"class_list":["post-148","page","type-page","status-publish","hentry"],"yoast_head":"<!-- This site is optimized with the Yoast SEO plugin v27.2 - https:\/\/yoast.com\/product\/yoast-seo-wordpress\/ -->\n<title>Comenius - Peetri Lasteaed<\/title>\n<meta name=\"robots\" content=\"index, follow, max-snippet:-1, max-image-preview:large, max-video-preview:-1\" \/>\n<link rel=\"canonical\" href=\"https:\/\/www.peetri.edu.ee\/lasteaed\/projektid\/comenius\/\" \/>\n<meta property=\"og:locale\" content=\"et_EE\" \/>\n<meta property=\"og:type\" content=\"article\" \/>\n<meta property=\"og:title\" content=\"Comenius - Peetri Lasteaed\" \/>\n<meta property=\"og:description\" content=\"COMENIUS\u00a0&#8211;\u00a0Hariduskoot\u00f6\u00f6 projekt Peetri Lasteaias 2013-2015 Jan Amos Komensky\u00a0(28.03.1592-15.11.1670) Ladinap\u00e4raselt Comenius\u00a0oli T\u0161ehhi \u00f5petlane ja filosoof, kes sai Euroopas tuntuks oma uudsete...\" \/>\n<meta property=\"og:url\" content=\"https:\/\/www.peetri.edu.ee\/lasteaed\/projektid\/comenius\/\" \/>\n<meta property=\"og:site_name\" content=\"Peetri Lasteaed\" \/>\n<meta property=\"article:modified_time\" content=\"2019-01-09T12:54:57+00:00\" \/>\n<meta name=\"twitter:card\" content=\"summary_large_image\" \/>\n<meta name=\"twitter:label1\" content=\"Est. reading time\" \/>\n\t<meta name=\"twitter:data1\" content=\"1 minut\" \/>\n<script type=\"application\/ld+json\" class=\"yoast-schema-graph\">{\"@context\":\"https:\/\/schema.org\",\"@graph\":[{\"@type\":\"WebPage\",\"@id\":\"https:\/\/www.peetri.edu.ee\/lasteaed\/projektid\/comenius\/\",\"url\":\"https:\/\/www.peetri.edu.ee\/lasteaed\/projektid\/comenius\/\",\"name\":\"Comenius - Peetri Lasteaed\",\"isPartOf\":{\"@id\":\"https:\/\/www.peetri.edu.ee\/lasteaed\/#website\"},\"datePublished\":\"2017-08-15T09:43:18+00:00\",\"dateModified\":\"2019-01-09T12:54:57+00:00\",\"breadcrumb\":{\"@id\":\"https:\/\/www.peetri.edu.ee\/lasteaed\/projektid\/comenius\/#breadcrumb\"},\"inLanguage\":\"et\",\"potentialAction\":[{\"@type\":\"ReadAction\",\"target\":[\"https:\/\/www.peetri.edu.ee\/lasteaed\/projektid\/comenius\/\"]}]},{\"@type\":\"BreadcrumbList\",\"@id\":\"https:\/\/www.peetri.edu.ee\/lasteaed\/projektid\/comenius\/#breadcrumb\",\"itemListElement\":[{\"@type\":\"ListItem\",\"position\":1,\"name\":\"Home\",\"item\":\"https:\/\/www.peetri.edu.ee\/lasteaed\/\"},{\"@type\":\"ListItem\",\"position\":2,\"name\":\"Projektid\",\"item\":\"https:\/\/www.peetri.edu.ee\/lasteaed\/projektid\/\"},{\"@type\":\"ListItem\",\"position\":3,\"name\":\"Comenius\"}]},{\"@type\":\"WebSite\",\"@id\":\"https:\/\/www.peetri.edu.ee\/lasteaed\/#website\",\"url\":\"https:\/\/www.peetri.edu.ee\/lasteaed\/\",\"name\":\"Peetri Lasteaed\",\"description\":\"Igas inimeses on p\u00e4ike, laskem tal s\u00e4rada\",\"potentialAction\":[{\"@type\":\"SearchAction\",\"target\":{\"@type\":\"EntryPoint\",\"urlTemplate\":\"https:\/\/www.peetri.edu.ee\/lasteaed\/?s={search_term_string}\"},\"query-input\":{\"@type\":\"PropertyValueSpecification\",\"valueRequired\":true,\"valueName\":\"search_term_string\"}}],\"inLanguage\":\"et\"}]}<\/script>\n<!-- \/ Yoast SEO plugin. -->","yoast_head_json":{"title":"Comenius - Peetri Lasteaed","robots":{"index":"index","follow":"follow","max-snippet":"max-snippet:-1","max-image-preview":"max-image-preview:large","max-video-preview":"max-video-preview:-1"},"canonical":"https:\/\/www.peetri.edu.ee\/lasteaed\/projektid\/comenius\/","og_locale":"et_EE","og_type":"article","og_title":"Comenius - Peetri Lasteaed","og_description":"COMENIUS\u00a0&#8211;\u00a0Hariduskoot\u00f6\u00f6 projekt Peetri Lasteaias 2013-2015 Jan Amos Komensky\u00a0(28.03.1592-15.11.1670) Ladinap\u00e4raselt Comenius\u00a0oli T\u0161ehhi \u00f5petlane ja filosoof, kes sai Euroopas tuntuks oma uudsete...","og_url":"https:\/\/www.peetri.edu.ee\/lasteaed\/projektid\/comenius\/","og_site_name":"Peetri Lasteaed","article_modified_time":"2019-01-09T12:54:57+00:00","twitter_card":"summary_large_image","twitter_misc":{"Est. reading time":"1 minut"},"schema":{"@context":"https:\/\/schema.org","@graph":[{"@type":"WebPage","@id":"https:\/\/www.peetri.edu.ee\/lasteaed\/projektid\/comenius\/","url":"https:\/\/www.peetri.edu.ee\/lasteaed\/projektid\/comenius\/","name":"Comenius - Peetri Lasteaed","isPartOf":{"@id":"https:\/\/www.peetri.edu.ee\/lasteaed\/#website"},"datePublished":"2017-08-15T09:43:18+00:00","dateModified":"2019-01-09T12:54:57+00:00","breadcrumb":{"@id":"https:\/\/www.peetri.edu.ee\/lasteaed\/projektid\/comenius\/#breadcrumb"},"inLanguage":"et","potentialAction":[{"@type":"ReadAction","target":["https:\/\/www.peetri.edu.ee\/lasteaed\/projektid\/comenius\/"]}]},{"@type":"BreadcrumbList","@id":"https:\/\/www.peetri.edu.ee\/lasteaed\/projektid\/comenius\/#breadcrumb","itemListElement":[{"@type":"ListItem","position":1,"name":"Home","item":"https:\/\/www.peetri.edu.ee\/lasteaed\/"},{"@type":"ListItem","position":2,"name":"Projektid","item":"https:\/\/www.peetri.edu.ee\/lasteaed\/projektid\/"},{"@type":"ListItem","position":3,"name":"Comenius"}]},{"@type":"WebSite","@id":"https:\/\/www.peetri.edu.ee\/lasteaed\/#website","url":"https:\/\/www.peetri.edu.ee\/lasteaed\/","name":"Peetri Lasteaed","description":"Igas inimeses on p\u00e4ike, laskem tal s\u00e4rada","potentialAction":[{"@type":"SearchAction","target":{"@type":"EntryPoint","urlTemplate":"https:\/\/www.peetri.edu.ee\/lasteaed\/?s={search_term_string}"},"query-input":{"@type":"PropertyValueSpecification","valueRequired":true,"valueName":"search_term_string"}}],"inLanguage":"et"}]}},"acf":[],"_links":{"self":[{"href":"https:\/\/www.peetri.edu.ee\/lasteaed\/wp-json\/wp\/v2\/pages\/148","targetHints":{"allow":["GET"]}}],"collection":[{"href":"https:\/\/www.peetri.edu.ee\/lasteaed\/wp-json\/wp\/v2\/pages"}],"about":[{"href":"https:\/\/www.peetri.edu.ee\/lasteaed\/wp-json\/wp\/v2\/types\/page"}],"author":[{"embeddable":true,"href":"https:\/\/www.peetri.edu.ee\/lasteaed\/wp-json\/wp\/v2\/users\/1"}],"replies":[{"embeddable":true,"href":"https:\/\/www.peetri.edu.ee\/lasteaed\/wp-json\/wp\/v2\/comments?post=148"}],"version-history":[{"count":1,"href":"https:\/\/www.peetri.edu.ee\/lasteaed\/wp-json\/wp\/v2\/pages\/148\/revisions"}],"predecessor-version":[{"id":149,"href":"https:\/\/www.peetri.edu.ee\/lasteaed\/wp-json\/wp\/v2\/pages\/148\/revisions\/149"}],"up":[{"embeddable":true,"href":"https:\/\/www.peetri.edu.ee\/lasteaed\/wp-json\/wp\/v2\/pages\/925"}],"wp:attachment":[{"href":"https:\/\/www.peetri.edu.ee\/lasteaed\/wp-json\/wp\/v2\/media?parent=148"}],"curies":[{"name":"wp","href":"https:\/\/api.w.org\/{rel}","templated":true}]}}