{"id":141,"date":"2017-08-15T12:34:16","date_gmt":"2017-08-15T09:34:16","guid":{"rendered":"https:\/\/www.peetri.edu.ee\/lasteaed\/?page_id=141"},"modified":"2024-05-08T15:10:28","modified_gmt":"2024-05-08T12:10:28","slug":"paevakava","status":"publish","type":"page","link":"https:\/\/www.peetri.edu.ee\/lasteaed\/lapsevanemale\/paevakava\/","title":{"rendered":"P\u00e4evakava"},"content":{"rendered":"<h3>Lasteaia p\u00e4evakava<\/h3>\n<p><strong>R\u00fchma p\u00e4evakava on paindlik,<\/strong> kindlustades laste eale vastava p\u00e4evar\u00fctmi, kus vahelduvad igap\u00e4evatoimingud, laste m\u00e4ng, vabategevused ja pedagoogi kavandatud \u00f5ppe-ja kasvatustegevused. Varahommikune, p\u00e4rastl\u00f5unane ja \u00f5htune aeg v\u00f5imaldavad pedagoogidel teha lastega t\u00f6\u00f6d individuaalselt ning v\u00e4iker\u00fchmades.<\/p>\n<p>P\u00e4evakava koostamisel on arvestatud \u00f5ppekava, lasteaia lahtiolekuaega (kell 07.00- 18.00), laste vanust ja laste individuaalseid vajadusi.<\/p>\n<p>P\u00e4evakava sisaldab kolme toidukorda: <strong>hommikus\u00f6\u00f6k<\/strong>, <strong>l\u00f5unas\u00f6\u00f6k<\/strong> ja <strong>\u00f5htuoode<\/strong>.<\/p>\n<p><strong>\u00d5petaja j\u00e4lgib p\u00e4evakavast l\u00e4htudes:<\/strong><strong><br \/>\n<\/strong><\/p>\n<ul>\n<li>et lapsel on piisavalt aega m\u00e4nguks,<\/li>\n<li>et \u00fcleminek \u00fchelt tegevuselt teisele on sujuv,<\/li>\n<li>et on arvestatud lapse individuaalseid vajadusi,<\/li>\n<li>et lapsed saavad viibida iga p\u00e4ev \u00f5ues (s\u00f5ltuvalt ilmastikust),<\/li>\n<li>et lapsed saavad iga p\u00e4ev v\u00e4hemalt \u00fche tunni puhkeaega.<\/li>\n<\/ul>\n","protected":false},"excerpt":{"rendered":"<p>Lasteaia p\u00e4evakava R\u00fchma p\u00e4evakava on paindlik, kindlustades laste eale vastava p\u00e4evar\u00fctmi, kus vahelduvad igap\u00e4evatoimingud, laste m\u00e4ng, vabategevused ja pedagoogi kavandatud&#8230;<\/p>\n","protected":false},"author":1,"featured_media":0,"parent":44,"menu_order":10,"comment_status":"closed","ping_status":"closed","template":"","meta":{"_acf_changed":false,"footnotes":""},"class_list":["post-141","page","type-page","status-publish","hentry"],"yoast_head":"<!-- This site is optimized with the Yoast SEO plugin v27.2 - https:\/\/yoast.com\/product\/yoast-seo-wordpress\/ -->\n<title>P\u00e4evakava - Peetri Lasteaed<\/title>\n<meta name=\"robots\" content=\"index, follow, max-snippet:-1, max-image-preview:large, max-video-preview:-1\" \/>\n<link rel=\"canonical\" href=\"https:\/\/www.peetri.edu.ee\/lasteaed\/lapsevanemale\/paevakava\/\" \/>\n<meta property=\"og:locale\" content=\"et_EE\" \/>\n<meta property=\"og:type\" content=\"article\" \/>\n<meta property=\"og:title\" content=\"P\u00e4evakava - Peetri Lasteaed\" \/>\n<meta property=\"og:description\" content=\"Lasteaia p\u00e4evakava R\u00fchma p\u00e4evakava on paindlik, kindlustades laste eale vastava p\u00e4evar\u00fctmi, kus vahelduvad igap\u00e4evatoimingud, laste m\u00e4ng, vabategevused ja pedagoogi kavandatud...\" \/>\n<meta property=\"og:url\" content=\"https:\/\/www.peetri.edu.ee\/lasteaed\/lapsevanemale\/paevakava\/\" \/>\n<meta property=\"og:site_name\" content=\"Peetri Lasteaed\" \/>\n<meta property=\"article:modified_time\" content=\"2024-05-08T12:10:28+00:00\" \/>\n<meta name=\"twitter:card\" content=\"summary_large_image\" \/>\n<meta name=\"twitter:label1\" content=\"Est. reading time\" \/>\n\t<meta name=\"twitter:data1\" content=\"1 minut\" \/>\n<script type=\"application\/ld+json\" class=\"yoast-schema-graph\">{\"@context\":\"https:\/\/schema.org\",\"@graph\":[{\"@type\":\"WebPage\",\"@id\":\"https:\/\/www.peetri.edu.ee\/lasteaed\/lapsevanemale\/paevakava\/\",\"url\":\"https:\/\/www.peetri.edu.ee\/lasteaed\/lapsevanemale\/paevakava\/\",\"name\":\"P\u00e4evakava - Peetri Lasteaed\",\"isPartOf\":{\"@id\":\"https:\/\/www.peetri.edu.ee\/lasteaed\/#website\"},\"datePublished\":\"2017-08-15T09:34:16+00:00\",\"dateModified\":\"2024-05-08T12:10:28+00:00\",\"breadcrumb\":{\"@id\":\"https:\/\/www.peetri.edu.ee\/lasteaed\/lapsevanemale\/paevakava\/#breadcrumb\"},\"inLanguage\":\"et\",\"potentialAction\":[{\"@type\":\"ReadAction\",\"target\":[\"https:\/\/www.peetri.edu.ee\/lasteaed\/lapsevanemale\/paevakava\/\"]}]},{\"@type\":\"BreadcrumbList\",\"@id\":\"https:\/\/www.peetri.edu.ee\/lasteaed\/lapsevanemale\/paevakava\/#breadcrumb\",\"itemListElement\":[{\"@type\":\"ListItem\",\"position\":1,\"name\":\"Home\",\"item\":\"https:\/\/www.peetri.edu.ee\/lasteaed\/\"},{\"@type\":\"ListItem\",\"position\":2,\"name\":\"Lapsevanemale\",\"item\":\"https:\/\/www.peetri.edu.ee\/lasteaed\/lapsevanemale\/\"},{\"@type\":\"ListItem\",\"position\":3,\"name\":\"P\u00e4evakava\"}]},{\"@type\":\"WebSite\",\"@id\":\"https:\/\/www.peetri.edu.ee\/lasteaed\/#website\",\"url\":\"https:\/\/www.peetri.edu.ee\/lasteaed\/\",\"name\":\"Peetri Lasteaed\",\"description\":\"Igas inimeses on p\u00e4ike, laskem tal s\u00e4rada\",\"potentialAction\":[{\"@type\":\"SearchAction\",\"target\":{\"@type\":\"EntryPoint\",\"urlTemplate\":\"https:\/\/www.peetri.edu.ee\/lasteaed\/?s={search_term_string}\"},\"query-input\":{\"@type\":\"PropertyValueSpecification\",\"valueRequired\":true,\"valueName\":\"search_term_string\"}}],\"inLanguage\":\"et\"}]}<\/script>\n<!-- \/ Yoast SEO plugin. -->","yoast_head_json":{"title":"P\u00e4evakava - Peetri Lasteaed","robots":{"index":"index","follow":"follow","max-snippet":"max-snippet:-1","max-image-preview":"max-image-preview:large","max-video-preview":"max-video-preview:-1"},"canonical":"https:\/\/www.peetri.edu.ee\/lasteaed\/lapsevanemale\/paevakava\/","og_locale":"et_EE","og_type":"article","og_title":"P\u00e4evakava - Peetri Lasteaed","og_description":"Lasteaia p\u00e4evakava R\u00fchma p\u00e4evakava on paindlik, kindlustades laste eale vastava p\u00e4evar\u00fctmi, kus vahelduvad igap\u00e4evatoimingud, laste m\u00e4ng, vabategevused ja pedagoogi kavandatud...","og_url":"https:\/\/www.peetri.edu.ee\/lasteaed\/lapsevanemale\/paevakava\/","og_site_name":"Peetri Lasteaed","article_modified_time":"2024-05-08T12:10:28+00:00","twitter_card":"summary_large_image","twitter_misc":{"Est. reading time":"1 minut"},"schema":{"@context":"https:\/\/schema.org","@graph":[{"@type":"WebPage","@id":"https:\/\/www.peetri.edu.ee\/lasteaed\/lapsevanemale\/paevakava\/","url":"https:\/\/www.peetri.edu.ee\/lasteaed\/lapsevanemale\/paevakava\/","name":"P\u00e4evakava - Peetri Lasteaed","isPartOf":{"@id":"https:\/\/www.peetri.edu.ee\/lasteaed\/#website"},"datePublished":"2017-08-15T09:34:16+00:00","dateModified":"2024-05-08T12:10:28+00:00","breadcrumb":{"@id":"https:\/\/www.peetri.edu.ee\/lasteaed\/lapsevanemale\/paevakava\/#breadcrumb"},"inLanguage":"et","potentialAction":[{"@type":"ReadAction","target":["https:\/\/www.peetri.edu.ee\/lasteaed\/lapsevanemale\/paevakava\/"]}]},{"@type":"BreadcrumbList","@id":"https:\/\/www.peetri.edu.ee\/lasteaed\/lapsevanemale\/paevakava\/#breadcrumb","itemListElement":[{"@type":"ListItem","position":1,"name":"Home","item":"https:\/\/www.peetri.edu.ee\/lasteaed\/"},{"@type":"ListItem","position":2,"name":"Lapsevanemale","item":"https:\/\/www.peetri.edu.ee\/lasteaed\/lapsevanemale\/"},{"@type":"ListItem","position":3,"name":"P\u00e4evakava"}]},{"@type":"WebSite","@id":"https:\/\/www.peetri.edu.ee\/lasteaed\/#website","url":"https:\/\/www.peetri.edu.ee\/lasteaed\/","name":"Peetri Lasteaed","description":"Igas inimeses on p\u00e4ike, laskem tal s\u00e4rada","potentialAction":[{"@type":"SearchAction","target":{"@type":"EntryPoint","urlTemplate":"https:\/\/www.peetri.edu.ee\/lasteaed\/?s={search_term_string}"},"query-input":{"@type":"PropertyValueSpecification","valueRequired":true,"valueName":"search_term_string"}}],"inLanguage":"et"}]}},"acf":[],"_links":{"self":[{"href":"https:\/\/www.peetri.edu.ee\/lasteaed\/wp-json\/wp\/v2\/pages\/141","targetHints":{"allow":["GET"]}}],"collection":[{"href":"https:\/\/www.peetri.edu.ee\/lasteaed\/wp-json\/wp\/v2\/pages"}],"about":[{"href":"https:\/\/www.peetri.edu.ee\/lasteaed\/wp-json\/wp\/v2\/types\/page"}],"author":[{"embeddable":true,"href":"https:\/\/www.peetri.edu.ee\/lasteaed\/wp-json\/wp\/v2\/users\/1"}],"replies":[{"embeddable":true,"href":"https:\/\/www.peetri.edu.ee\/lasteaed\/wp-json\/wp\/v2\/comments?post=141"}],"version-history":[{"count":5,"href":"https:\/\/www.peetri.edu.ee\/lasteaed\/wp-json\/wp\/v2\/pages\/141\/revisions"}],"predecessor-version":[{"id":2408,"href":"https:\/\/www.peetri.edu.ee\/lasteaed\/wp-json\/wp\/v2\/pages\/141\/revisions\/2408"}],"up":[{"embeddable":true,"href":"https:\/\/www.peetri.edu.ee\/lasteaed\/wp-json\/wp\/v2\/pages\/44"}],"wp:attachment":[{"href":"https:\/\/www.peetri.edu.ee\/lasteaed\/wp-json\/wp\/v2\/media?parent=141"}],"curies":[{"name":"wp","href":"https:\/\/api.w.org\/{rel}","templated":true}]}}