{"id":137,"date":"2017-08-15T12:32:18","date_gmt":"2017-08-15T09:32:18","guid":{"rendered":"https:\/\/www.peetri.edu.ee\/lasteaed\/?page_id=137"},"modified":"2019-09-19T14:03:52","modified_gmt":"2019-09-19T11:03:52","slug":"oppekava","status":"publish","type":"page","link":"https:\/\/www.peetri.edu.ee\/lasteaed\/oppe-ja-kasvatustoo\/oppekava\/","title":{"rendered":"\u00d5ppekava"},"content":{"rendered":"<h3>\u00d5PPEKAVA \u00dcLDOSA<\/h3>\n<p>L\u00e4htudes riiklikust \u00f5ppekavast, on \u00f5ppe- ja kasvatustegevuse \u00fcldeesm\u00e4rk lapse mitmek\u00fclgne ja j\u00e4rjepidev areng kodu ning lasteasutuse koost\u00f6\u00f6s.<\/p>\n<p><strong>\u00dcldeesm\u00e4rgist tulenevalt on Peetri Lasteaia eesm\u00e4rgid:<\/strong><\/p>\n<ul>\n<li>lapsed on loovad ja julged oma ideede avaldamisel<\/li>\n<li>lapsed on sotsiaalselt k\u00fcpsed ja nad tulevad toime igap\u00e4evaelus<\/li>\n<li>laste arengut toetab lasteasutuse personali ja lastevanemate koost\u00f6\u00f6<\/li>\n<\/ul>\n<p><strong>Pedagoogid on laste arengu suunajad ning arengut toetava keskkonna loojad.<\/strong><\/p>\n<p>Laps on \u00f5ppe- ja kasvatustegevuses aktiivne osaleja ning tunneb r\u00f5\u00f5mu tegutsemisest. Last kaasatakse tegevuste kavandamisse, suunatakse tegema valikuid ning tehtut anal\u00fc\u00fcsima.<\/p>\n<p><strong>Tulenevalt riiklikust \u00f5ppekavast peab lasteaed oluliseks j\u00e4rgmist:<\/strong><\/p>\n<ul>\n<li>lapse individuaalsust<\/li>\n<li>lapse sotsialiseerumist<\/li>\n<li>lapse loovust<\/li>\n<li>lapse tervise hoidmist<\/li>\n<li>m\u00e4ngu kaudu \u00f5ppimist<\/li>\n<li>lapsele turvatunde ja eduelamuste tagamist<\/li>\n<li>\u00fcld\u00f5petusliku t\u00f6\u00f6viisi rakendamist<\/li>\n<li>kodu ja lasteasutuse koost\u00f6\u00f6d<\/li>\n<\/ul>\n","protected":false},"excerpt":{"rendered":"<p>\u00d5PPEKAVA \u00dcLDOSA L\u00e4htudes riiklikust \u00f5ppekavast, on \u00f5ppe- ja kasvatustegevuse \u00fcldeesm\u00e4rk lapse mitmek\u00fclgne ja j\u00e4rjepidev areng kodu ning lasteasutuse koost\u00f6\u00f6s. \u00dcldeesm\u00e4rgist&#8230;<\/p>\n","protected":false},"author":1,"featured_media":0,"parent":131,"menu_order":10,"comment_status":"closed","ping_status":"closed","template":"","meta":{"_acf_changed":false,"footnotes":""},"class_list":["post-137","page","type-page","status-publish","hentry"],"yoast_head":"<!-- This site is optimized with the Yoast SEO plugin v27.2 - https:\/\/yoast.com\/product\/yoast-seo-wordpress\/ -->\n<title>\u00d5ppekava - Peetri Lasteaed<\/title>\n<meta name=\"robots\" content=\"index, follow, max-snippet:-1, max-image-preview:large, max-video-preview:-1\" \/>\n<link rel=\"canonical\" href=\"https:\/\/www.peetri.edu.ee\/lasteaed\/oppe-ja-kasvatustoo\/oppekava\/\" \/>\n<meta property=\"og:locale\" content=\"et_EE\" \/>\n<meta property=\"og:type\" content=\"article\" \/>\n<meta property=\"og:title\" content=\"\u00d5ppekava - Peetri Lasteaed\" \/>\n<meta property=\"og:description\" content=\"\u00d5PPEKAVA \u00dcLDOSA L\u00e4htudes riiklikust \u00f5ppekavast, on \u00f5ppe- ja kasvatustegevuse \u00fcldeesm\u00e4rk lapse mitmek\u00fclgne ja j\u00e4rjepidev areng kodu ning lasteasutuse koost\u00f6\u00f6s. \u00dcldeesm\u00e4rgist...\" \/>\n<meta property=\"og:url\" content=\"https:\/\/www.peetri.edu.ee\/lasteaed\/oppe-ja-kasvatustoo\/oppekava\/\" \/>\n<meta property=\"og:site_name\" content=\"Peetri Lasteaed\" \/>\n<meta property=\"article:modified_time\" content=\"2019-09-19T11:03:52+00:00\" \/>\n<meta name=\"twitter:card\" content=\"summary_large_image\" \/>\n<meta name=\"twitter:label1\" content=\"Est. reading time\" \/>\n\t<meta name=\"twitter:data1\" content=\"1 minut\" \/>\n<script type=\"application\/ld+json\" class=\"yoast-schema-graph\">{\"@context\":\"https:\/\/schema.org\",\"@graph\":[{\"@type\":\"WebPage\",\"@id\":\"https:\/\/www.peetri.edu.ee\/lasteaed\/oppe-ja-kasvatustoo\/oppekava\/\",\"url\":\"https:\/\/www.peetri.edu.ee\/lasteaed\/oppe-ja-kasvatustoo\/oppekava\/\",\"name\":\"\u00d5ppekava - Peetri Lasteaed\",\"isPartOf\":{\"@id\":\"https:\/\/www.peetri.edu.ee\/lasteaed\/#website\"},\"datePublished\":\"2017-08-15T09:32:18+00:00\",\"dateModified\":\"2019-09-19T11:03:52+00:00\",\"breadcrumb\":{\"@id\":\"https:\/\/www.peetri.edu.ee\/lasteaed\/oppe-ja-kasvatustoo\/oppekava\/#breadcrumb\"},\"inLanguage\":\"et\",\"potentialAction\":[{\"@type\":\"ReadAction\",\"target\":[\"https:\/\/www.peetri.edu.ee\/lasteaed\/oppe-ja-kasvatustoo\/oppekava\/\"]}]},{\"@type\":\"BreadcrumbList\",\"@id\":\"https:\/\/www.peetri.edu.ee\/lasteaed\/oppe-ja-kasvatustoo\/oppekava\/#breadcrumb\",\"itemListElement\":[{\"@type\":\"ListItem\",\"position\":1,\"name\":\"Home\",\"item\":\"https:\/\/www.peetri.edu.ee\/lasteaed\/\"},{\"@type\":\"ListItem\",\"position\":2,\"name\":\"\u00d5ppe- ja kasvatust\u00f6\u00f6\",\"item\":\"https:\/\/www.peetri.edu.ee\/lasteaed\/oppe-ja-kasvatustoo\/\"},{\"@type\":\"ListItem\",\"position\":3,\"name\":\"\u00d5ppekava\"}]},{\"@type\":\"WebSite\",\"@id\":\"https:\/\/www.peetri.edu.ee\/lasteaed\/#website\",\"url\":\"https:\/\/www.peetri.edu.ee\/lasteaed\/\",\"name\":\"Peetri Lasteaed\",\"description\":\"Igas inimeses on p\u00e4ike, laskem tal s\u00e4rada\",\"potentialAction\":[{\"@type\":\"SearchAction\",\"target\":{\"@type\":\"EntryPoint\",\"urlTemplate\":\"https:\/\/www.peetri.edu.ee\/lasteaed\/?s={search_term_string}\"},\"query-input\":{\"@type\":\"PropertyValueSpecification\",\"valueRequired\":true,\"valueName\":\"search_term_string\"}}],\"inLanguage\":\"et\"}]}<\/script>\n<!-- \/ Yoast SEO plugin. -->","yoast_head_json":{"title":"\u00d5ppekava - Peetri Lasteaed","robots":{"index":"index","follow":"follow","max-snippet":"max-snippet:-1","max-image-preview":"max-image-preview:large","max-video-preview":"max-video-preview:-1"},"canonical":"https:\/\/www.peetri.edu.ee\/lasteaed\/oppe-ja-kasvatustoo\/oppekava\/","og_locale":"et_EE","og_type":"article","og_title":"\u00d5ppekava - Peetri Lasteaed","og_description":"\u00d5PPEKAVA \u00dcLDOSA L\u00e4htudes riiklikust \u00f5ppekavast, on \u00f5ppe- ja kasvatustegevuse \u00fcldeesm\u00e4rk lapse mitmek\u00fclgne ja j\u00e4rjepidev areng kodu ning lasteasutuse koost\u00f6\u00f6s. \u00dcldeesm\u00e4rgist...","og_url":"https:\/\/www.peetri.edu.ee\/lasteaed\/oppe-ja-kasvatustoo\/oppekava\/","og_site_name":"Peetri Lasteaed","article_modified_time":"2019-09-19T11:03:52+00:00","twitter_card":"summary_large_image","twitter_misc":{"Est. reading time":"1 minut"},"schema":{"@context":"https:\/\/schema.org","@graph":[{"@type":"WebPage","@id":"https:\/\/www.peetri.edu.ee\/lasteaed\/oppe-ja-kasvatustoo\/oppekava\/","url":"https:\/\/www.peetri.edu.ee\/lasteaed\/oppe-ja-kasvatustoo\/oppekava\/","name":"\u00d5ppekava - Peetri Lasteaed","isPartOf":{"@id":"https:\/\/www.peetri.edu.ee\/lasteaed\/#website"},"datePublished":"2017-08-15T09:32:18+00:00","dateModified":"2019-09-19T11:03:52+00:00","breadcrumb":{"@id":"https:\/\/www.peetri.edu.ee\/lasteaed\/oppe-ja-kasvatustoo\/oppekava\/#breadcrumb"},"inLanguage":"et","potentialAction":[{"@type":"ReadAction","target":["https:\/\/www.peetri.edu.ee\/lasteaed\/oppe-ja-kasvatustoo\/oppekava\/"]}]},{"@type":"BreadcrumbList","@id":"https:\/\/www.peetri.edu.ee\/lasteaed\/oppe-ja-kasvatustoo\/oppekava\/#breadcrumb","itemListElement":[{"@type":"ListItem","position":1,"name":"Home","item":"https:\/\/www.peetri.edu.ee\/lasteaed\/"},{"@type":"ListItem","position":2,"name":"\u00d5ppe- ja kasvatust\u00f6\u00f6","item":"https:\/\/www.peetri.edu.ee\/lasteaed\/oppe-ja-kasvatustoo\/"},{"@type":"ListItem","position":3,"name":"\u00d5ppekava"}]},{"@type":"WebSite","@id":"https:\/\/www.peetri.edu.ee\/lasteaed\/#website","url":"https:\/\/www.peetri.edu.ee\/lasteaed\/","name":"Peetri Lasteaed","description":"Igas inimeses on p\u00e4ike, laskem tal s\u00e4rada","potentialAction":[{"@type":"SearchAction","target":{"@type":"EntryPoint","urlTemplate":"https:\/\/www.peetri.edu.ee\/lasteaed\/?s={search_term_string}"},"query-input":{"@type":"PropertyValueSpecification","valueRequired":true,"valueName":"search_term_string"}}],"inLanguage":"et"}]}},"acf":[],"_links":{"self":[{"href":"https:\/\/www.peetri.edu.ee\/lasteaed\/wp-json\/wp\/v2\/pages\/137","targetHints":{"allow":["GET"]}}],"collection":[{"href":"https:\/\/www.peetri.edu.ee\/lasteaed\/wp-json\/wp\/v2\/pages"}],"about":[{"href":"https:\/\/www.peetri.edu.ee\/lasteaed\/wp-json\/wp\/v2\/types\/page"}],"author":[{"embeddable":true,"href":"https:\/\/www.peetri.edu.ee\/lasteaed\/wp-json\/wp\/v2\/users\/1"}],"replies":[{"embeddable":true,"href":"https:\/\/www.peetri.edu.ee\/lasteaed\/wp-json\/wp\/v2\/comments?post=137"}],"version-history":[{"count":3,"href":"https:\/\/www.peetri.edu.ee\/lasteaed\/wp-json\/wp\/v2\/pages\/137\/revisions"}],"predecessor-version":[{"id":1174,"href":"https:\/\/www.peetri.edu.ee\/lasteaed\/wp-json\/wp\/v2\/pages\/137\/revisions\/1174"}],"up":[{"embeddable":true,"href":"https:\/\/www.peetri.edu.ee\/lasteaed\/wp-json\/wp\/v2\/pages\/131"}],"wp:attachment":[{"href":"https:\/\/www.peetri.edu.ee\/lasteaed\/wp-json\/wp\/v2\/media?parent=137"}],"curies":[{"name":"wp","href":"https:\/\/api.w.org\/{rel}","templated":true}]}}