{"id":13,"date":"2017-08-15T09:24:59","date_gmt":"2017-08-15T06:24:59","guid":{"rendered":"https:\/\/www.peetri.edu.ee\/lasteaed\/?page_id=13"},"modified":"2025-12-11T15:01:50","modified_gmt":"2025-12-11T13:01:50","slug":"uldinfo","status":"publish","type":"page","link":"https:\/\/www.peetri.edu.ee\/lasteaed\/uldinfo\/","title":{"rendered":"\u00dcldinfo"},"content":{"rendered":"<h3><span style=\"font-size: 12pt\"><strong>Lasteaia l\u00fchikirjeldus <\/strong><\/span><\/h3>\n<p>Peetri Lasteaed-P\u00f5hikooli kooli osa avati 1. septembril 2009.aastal. Lasteaia osa\u00a0 avati kuu aega hiljem &#8211; 5. oktoobril 2009. aastal. Lasteaias tegutses 6 r\u00fchma, lasteaial on olnud ka filiaal \u2013 Assaku lasteaia 4 r\u00fchma. Filiaaliga koos tegutsesime 4 \u00f5ppeaastat, olles 10. r\u00fchmaline lasteaed. Peetri Lasteaia juurdeehitus avati 1. septembril 2013. aastal. Assaku Lasteaed hakkas tegutsema eraldiseisvana ja meie lasteaed kasvas 18. r\u00fchmaliseks majaks. Oleme Eesti k\u00f5ige suurem lasteaed, kus \u00fches hoones tegutsevad 18. lasteaia r\u00fchma ja 9. klassiline p\u00f5hikool. Meie lasteaias k\u00e4ivad lapsed vanuses 3-7 aastat.<\/p>\n<p>Meie asutus asub Peetri aleviku s\u00fcdames, aadressil Pargi tee 6, Rae vald, Harjumaa, 75312. Peetri Lasteaed on munitsipaalasutus, mis kuulub Rae vallavalitsusele. Lasteaed on avatud 07.00 -18.00.<\/p>\n<p>R\u00fchmad t\u00f6\u00f6tavad kahe \u00f5petaja s\u00fcsteemi j\u00e4rgi: lapse arengut toetavad kaks \u00f5petajat ja abi\u00f5petaja. \u00dcheaegselt on t\u00f6\u00f6l \u00fcks \u00f5petaja ja abi\u00f5petaja. \u00d5ppe -ja kasvatust\u00f6\u00f6d kavandades ja juhtides, hindavad \u00f5petajad loomingulist vabadust: \u00f5petajal on vabadus valida erinevate metoodikate ja t\u00f6\u00f6viiside vahel. Lastele v\u00f5imaldatakse aktiivset tegutsemist, katsetamist ja ise l\u00e4bi kogemist. Peetri Lasteaia \u00f5petajad ei kasuta \u00f5ppetegevustes valmis t\u00f6\u00f6vihikuid, t\u00f6\u00f6raamatuid ja t\u00f6\u00f6lehti. Lisaks teistele metoodikatele on haridusprogramm \u201eLiider minus endas\u201c leidnud koha meie \u00f5ppet\u00f6\u00f6s. \u00d5ppe -ja kasvatust\u00f6\u00f6 toimub eesti keeles.<\/p>\n<p>Tegutsemine \u00fches hoones koos kooliga, on loonud hea pinnase koost\u00f6\u00f6ks kooli personali ja \u00f5pilastega. Samuti on meil hea koost\u00f6\u00f6 Peetri raamatukoguga.<\/p>\n<p>Lasteaial on kaks suurt \u00f5ueala. A-tiiva \u00f5uealal m\u00e4ngivad 6-e r\u00fchma lapsed ja B-tiiva \u00f5uealal m\u00e4ngivad 12-ne r\u00fchma lapsed. \u00d5uealad on varustatud kaasaegsete atraktsioonidega. Lisaks on m\u00e4nguv\u00e4ljakul \u00f5uepaviljon ja madalseiklusrada.<\/p>\n<p><strong>Peetri lasteaed on liitunud e-lasteaia keskkonnaga\u00a0ELIIS.<\/strong><\/p>\n<p>ELIIS\u00a0(e-lasteaed) on infos\u00fcsteem, mis pakub lasteaedadele innovaatilisi ning digitaalseid lahendusi \u00f5ppet\u00f6\u00f6 mugavamaks korraldamiseks.<\/p>\n<p>ELIIS\u00a0on turvaline infos\u00fcsteem, mis on koosk\u00f5lastatud ka andmekaitse inspektsiooniga.<\/p>\n<p>Lapsevanematele v\u00f5imaldab\u00a0ELIIS\u00a0mugavalt kaasa r\u00e4\u00e4kida r\u00fchma tegemistes, olla kursis oma lapse ning lasteaia tegemistega, vaadata pilte s\u00fcndmustest ja olla otsekontakstis \u00f5petajatega.<\/p>\n<p><strong>ELIIS\u00a0infos\u00fcsteem on peamiseks kirjalikuks suhtluskanaliks lasteaia ja pere vahel ning lasteaed eeldab, et perest v\u00e4hemalt \u00fcks lapsevanem on liitunud\u00a0\u00a0ELIISiga.<\/strong><\/p>\n<p>Eliisis on lapsevanemal juurdep\u00e4\u00e4s j\u00e4rgnevale infole:<\/p>\n<ul>\n<li>R\u00fchma n\u00e4dala-, kuu- v\u00f5i projektiplaanid<\/li>\n<li>R\u00fchma p\u00e4evakirjeldused<\/li>\n<li><u style=\"font-style: inherit;font-weight: inherit\">Lapse puudumisest teatab lapsevanem\u00a0ELIISI kaudu hiljemalt lapse puudumise p\u00e4eva hommikul kell 9:00<\/u><\/li>\n<li>Eripedagoogide poolne lapse individuaalne tagaside<\/li>\n<li>Koolivalmiduskaardid<\/li>\n<li>Toimuvate \u00fcrituste kohta info\u00a0ELIISi kalendris<\/li>\n<li>Teadete lugemine ja s\u00f5numite saatmine \u00f5petajale, \u00f5ppejuhtidele, r\u00fchma \u00fcldistesse kirjaloenditesse<\/li>\n<li>Galerii r\u00fchma tegevustest<\/li>\n<\/ul>\n<p><strong><u>Kuidas\u00a0<\/u><\/strong><strong><u>ELIIS<\/u><\/strong><strong><u>i kasutada?<\/u><\/strong><\/p>\n<p>Esmalt tuleb\u00a0<strong>eliis<\/strong><strong>.eu<\/strong>\u00a0lehel registreerida ennast lapsevanemana kasutajaks.<\/p>\n<p>Lapse andmete n\u00e4gemiseks tuleb peale\u00a0ELIISi sisenemist valida vasakust men\u00fc\u00fcst &#8220;Taotlused&#8221; ja &#8220;Lisa uus taotlus&#8221;. Seej\u00e4rel t\u00e4itke v\u00e4ljad andmetega ning esitage taotlus. Kui lasteaed on esitatud taotlussoovi kinnitanud, hakkate n\u00e4gema oma lapse ja lasteaiaga seotud informatsiooni.\u00a0\u00a0Kui Teil on\u00a0ELIISis mitu last, siis \u00fcleval paremas nurgas \u201clogi v\u00e4lja\u201d nupu k\u00f5rval on oran\u017e nupp, mille abil on v\u00f5imalik last vahetada.<\/p>\n<p>ELIIS\u00a0mobiilirakendus on m\u00f5eldud kasutamiseks lapsevanemale. Rakendus v\u00f5imaldab saada informatsiooni kiiremini ja mugavamalt.<\/p>\n<p>ELIIS\u00a0\u00e4ppi on v\u00f5imalik alla laadida nii App Store kui ka Google Play kaudu.<\/p>\n<h3><span style=\"font-size: 12pt\"><strong>Lasteaia erip\u00e4rad:<\/strong><\/span><\/h3>\n<ul>\n<li>Tegutsemine \u00fches hoones koos kooliga, on loonud hea pinnase koost\u00f6\u00f6ks kooli personali ja \u00f5pilastega. Samuti on meil hea koost\u00f6\u00f6 Peetri raamatukoguga.<\/li>\n<li>R\u00fchmad t\u00f6\u00f6tavad kahe \u00f5petaja s\u00fcsteemi j\u00e4rgi: lapse arengut toetavad kaks \u00f5petajat ja abi\u00f5petaja. \u00dcheaegselt on t\u00f6\u00f6l \u00fcks \u00f5petaja ja abi\u00f5petaja.<\/li>\n<li>\u00d5ppe -ja kasvatust\u00f6\u00f6d kavandades ja juhtides, hindavad \u00f5petajad loomingulist vabadust: \u00f5petajal on vabadus valida erinevate metoodikate ja t\u00f6\u00f6viiside vahel. Peetri Lasteaia \u00f5petajad ei kasuta \u00f5ppetegevustes valmis t\u00f6\u00f6vihikuid, t\u00f6\u00f6raamatuid ja t\u00f6\u00f6lehti. T\u00f6\u00f6lehtede t\u00e4itmise asemel v\u00f5imaldavad \u00f5petajad lastele aktiivset tegutsemist, katsetamist ja ise l\u00e4bi kogemist.<\/li>\n<li>\u00d5ppe -ja kasvatust\u00f6\u00f6 l\u00e4biviimisel peetakse oluliseks \u00f5ppimist l\u00e4bi m\u00e4ngu ning et tegevused oleksid l\u00f5imitud. T\u00e4htsal kohal on Johannes K\u00e4isi \u00fcld\u00f5petuse p\u00f5him\u00f5tted.<\/li>\n<li>\u00d5petajad rakendavad erinevaid aktiiv\u00f5ppemeetodeid: \u00f5ues\u00f5pe, projekt\u00f5pe, avastus\u00f5pe.<\/li>\n<li>\u00d5petajad on leidnud oma t\u00f6\u00f6 mitmekesistamiseks haridusprogrammid: Samm-sammult, Hea algus, Kiusamisest vaba lasteaed. K\u00f5ige uuem ja v\u00e4ljakutseid pakkuvam haridusprogramm, mida Peetri Lasteaias rakendatakse vanemates r\u00fchmades on Liider minus endas (7 Harjumust).<\/li>\n<li>Peetri Lasteaia laul &#8211; muusika\u00f5petajate eestvedamisel ja r\u00fchma\u00f5petajaid kaasates s\u00fcndis meie lasteaia laul.<\/li>\n<\/ul>\n<h3>MISSIOON<\/h3>\n<p>Peetri Lasteaed-P\u00f5hikoolis loome kasvu- ja \u00f5pikeskkonna iseseisva ning loova inimese arenguks, m\u00e4rgates ja tunnustades iga\u00fche pingutusi ja \u00f5piedu.<\/p>\n<h3>VISIOON<\/h3>\n<p>Peetri Lasteaeda tulevad r\u00f5\u00f5muga nii suured kui v\u00e4ikesed.<\/p>\n<h3>P\u00d5HIV\u00c4\u00c4RTUSED<\/h3>\n<p><strong>Loovus<\/strong> &#8211; julgustame katsetama ja proovima erinevaid v\u00f5imalusi, suuname ise tegema valikuid ja leidma lahendusi, tegutseme r\u00f5\u00f5muga. Oleme avatud uutele ja innovaatilistele ideedele<\/p>\n<p><strong>Hoolivus<\/strong> &#8211; m\u00e4rkame ja toetame abivajajat, arvestame teiste arvamusega, \u00f5pime koos tegutsema, tunneme ja austame oma rahva kultuuri. Meie majas on heasoovlik, \u00fcksteist arvestav, m\u00f5istev ja toetav \u00f5hkkond.<\/p>\n<p><strong>Koost\u00f6\u00f6<\/strong> &#8211; meie majas toimib hea koost\u00f6\u00f6 laste, lastevanemate ja t\u00f6\u00f6tajate vahel<\/p>\n<p><strong>Ausus<\/strong> &#8211; oleme ausad oma tegudes, s\u00f5nades ja m\u00f5tetes, tunnistame oma eksimusi<\/p>\n<p><strong>Julgus<\/strong> &#8211; julgustame avaldama oma arvamust, julgeme iseseisvalt tegutseda, julgeme eksida ja abi k\u00fcsida<\/p>\n<p><strong>Usaldus ja vastutustunne<\/strong> &#8211; peame kinni kokkulepetest, t\u00e4idame endale v\u00f5etud kohustused<\/p>\n<p><strong>Turvalisus<\/strong> &#8211; Peame oluliseks, et nii f\u00fc\u00fcsiline, vaimne kui ka emotsionaalne keskkond oleks turvaline. Me m\u00f5istame, et k\u00f5igil on \u00f5igus v\u00f5rdsele kohtlemisele ja oleme sallivad.<\/p>\n","protected":false},"excerpt":{"rendered":"<p>Lasteaia l\u00fchikirjeldus Peetri Lasteaed-P\u00f5hikooli kooli osa avati 1. septembril 2009.aastal. Lasteaia osa\u00a0 avati kuu aega hiljem &#8211; 5. oktoobril 2009&#8230;.<\/p>\n","protected":false},"author":1,"featured_media":0,"parent":0,"menu_order":10,"comment_status":"closed","ping_status":"closed","template":"","meta":{"_acf_changed":false,"footnotes":""},"class_list":["post-13","page","type-page","status-publish","hentry"],"yoast_head":"<!-- This site is optimized with the Yoast SEO plugin v27.2 - https:\/\/yoast.com\/product\/yoast-seo-wordpress\/ -->\n<title>\u00dcldinfo - Peetri Lasteaed<\/title>\n<meta name=\"robots\" content=\"index, follow, max-snippet:-1, max-image-preview:large, max-video-preview:-1\" \/>\n<link rel=\"canonical\" href=\"https:\/\/www.peetri.edu.ee\/lasteaed\/uldinfo\/\" \/>\n<meta property=\"og:locale\" content=\"et_EE\" \/>\n<meta property=\"og:type\" content=\"article\" \/>\n<meta property=\"og:title\" content=\"\u00dcldinfo - Peetri Lasteaed\" \/>\n<meta property=\"og:description\" content=\"Lasteaia l\u00fchikirjeldus Peetri Lasteaed-P\u00f5hikooli kooli osa avati 1. septembril 2009.aastal. Lasteaia osa\u00a0 avati kuu aega hiljem &#8211; 5. oktoobril 2009....\" \/>\n<meta property=\"og:url\" content=\"https:\/\/www.peetri.edu.ee\/lasteaed\/uldinfo\/\" \/>\n<meta property=\"og:site_name\" content=\"Peetri Lasteaed\" \/>\n<meta property=\"article:modified_time\" content=\"2025-12-11T13:01:50+00:00\" \/>\n<meta name=\"twitter:card\" content=\"summary_large_image\" \/>\n<meta name=\"twitter:label1\" content=\"Est. reading time\" \/>\n\t<meta name=\"twitter:data1\" content=\"5 minutit\" \/>\n<script type=\"application\/ld+json\" class=\"yoast-schema-graph\">{\"@context\":\"https:\/\/schema.org\",\"@graph\":[{\"@type\":\"WebPage\",\"@id\":\"https:\/\/www.peetri.edu.ee\/lasteaed\/uldinfo\/\",\"url\":\"https:\/\/www.peetri.edu.ee\/lasteaed\/uldinfo\/\",\"name\":\"\u00dcldinfo - Peetri Lasteaed\",\"isPartOf\":{\"@id\":\"https:\/\/www.peetri.edu.ee\/lasteaed\/#website\"},\"datePublished\":\"2017-08-15T06:24:59+00:00\",\"dateModified\":\"2025-12-11T13:01:50+00:00\",\"breadcrumb\":{\"@id\":\"https:\/\/www.peetri.edu.ee\/lasteaed\/uldinfo\/#breadcrumb\"},\"inLanguage\":\"et\",\"potentialAction\":[{\"@type\":\"ReadAction\",\"target\":[\"https:\/\/www.peetri.edu.ee\/lasteaed\/uldinfo\/\"]}]},{\"@type\":\"BreadcrumbList\",\"@id\":\"https:\/\/www.peetri.edu.ee\/lasteaed\/uldinfo\/#breadcrumb\",\"itemListElement\":[{\"@type\":\"ListItem\",\"position\":1,\"name\":\"Home\",\"item\":\"https:\/\/www.peetri.edu.ee\/lasteaed\/\"},{\"@type\":\"ListItem\",\"position\":2,\"name\":\"\u00dcldinfo\"}]},{\"@type\":\"WebSite\",\"@id\":\"https:\/\/www.peetri.edu.ee\/lasteaed\/#website\",\"url\":\"https:\/\/www.peetri.edu.ee\/lasteaed\/\",\"name\":\"Peetri Lasteaed\",\"description\":\"Igas inimeses on p\u00e4ike, laskem tal s\u00e4rada\",\"potentialAction\":[{\"@type\":\"SearchAction\",\"target\":{\"@type\":\"EntryPoint\",\"urlTemplate\":\"https:\/\/www.peetri.edu.ee\/lasteaed\/?s={search_term_string}\"},\"query-input\":{\"@type\":\"PropertyValueSpecification\",\"valueRequired\":true,\"valueName\":\"search_term_string\"}}],\"inLanguage\":\"et\"}]}<\/script>\n<!-- \/ Yoast SEO plugin. -->","yoast_head_json":{"title":"\u00dcldinfo - Peetri Lasteaed","robots":{"index":"index","follow":"follow","max-snippet":"max-snippet:-1","max-image-preview":"max-image-preview:large","max-video-preview":"max-video-preview:-1"},"canonical":"https:\/\/www.peetri.edu.ee\/lasteaed\/uldinfo\/","og_locale":"et_EE","og_type":"article","og_title":"\u00dcldinfo - Peetri Lasteaed","og_description":"Lasteaia l\u00fchikirjeldus Peetri Lasteaed-P\u00f5hikooli kooli osa avati 1. septembril 2009.aastal. Lasteaia osa\u00a0 avati kuu aega hiljem &#8211; 5. oktoobril 2009....","og_url":"https:\/\/www.peetri.edu.ee\/lasteaed\/uldinfo\/","og_site_name":"Peetri Lasteaed","article_modified_time":"2025-12-11T13:01:50+00:00","twitter_card":"summary_large_image","twitter_misc":{"Est. reading time":"5 minutit"},"schema":{"@context":"https:\/\/schema.org","@graph":[{"@type":"WebPage","@id":"https:\/\/www.peetri.edu.ee\/lasteaed\/uldinfo\/","url":"https:\/\/www.peetri.edu.ee\/lasteaed\/uldinfo\/","name":"\u00dcldinfo - Peetri Lasteaed","isPartOf":{"@id":"https:\/\/www.peetri.edu.ee\/lasteaed\/#website"},"datePublished":"2017-08-15T06:24:59+00:00","dateModified":"2025-12-11T13:01:50+00:00","breadcrumb":{"@id":"https:\/\/www.peetri.edu.ee\/lasteaed\/uldinfo\/#breadcrumb"},"inLanguage":"et","potentialAction":[{"@type":"ReadAction","target":["https:\/\/www.peetri.edu.ee\/lasteaed\/uldinfo\/"]}]},{"@type":"BreadcrumbList","@id":"https:\/\/www.peetri.edu.ee\/lasteaed\/uldinfo\/#breadcrumb","itemListElement":[{"@type":"ListItem","position":1,"name":"Home","item":"https:\/\/www.peetri.edu.ee\/lasteaed\/"},{"@type":"ListItem","position":2,"name":"\u00dcldinfo"}]},{"@type":"WebSite","@id":"https:\/\/www.peetri.edu.ee\/lasteaed\/#website","url":"https:\/\/www.peetri.edu.ee\/lasteaed\/","name":"Peetri Lasteaed","description":"Igas inimeses on p\u00e4ike, laskem tal s\u00e4rada","potentialAction":[{"@type":"SearchAction","target":{"@type":"EntryPoint","urlTemplate":"https:\/\/www.peetri.edu.ee\/lasteaed\/?s={search_term_string}"},"query-input":{"@type":"PropertyValueSpecification","valueRequired":true,"valueName":"search_term_string"}}],"inLanguage":"et"}]}},"acf":[],"_links":{"self":[{"href":"https:\/\/www.peetri.edu.ee\/lasteaed\/wp-json\/wp\/v2\/pages\/13","targetHints":{"allow":["GET"]}}],"collection":[{"href":"https:\/\/www.peetri.edu.ee\/lasteaed\/wp-json\/wp\/v2\/pages"}],"about":[{"href":"https:\/\/www.peetri.edu.ee\/lasteaed\/wp-json\/wp\/v2\/types\/page"}],"author":[{"embeddable":true,"href":"https:\/\/www.peetri.edu.ee\/lasteaed\/wp-json\/wp\/v2\/users\/1"}],"replies":[{"embeddable":true,"href":"https:\/\/www.peetri.edu.ee\/lasteaed\/wp-json\/wp\/v2\/comments?post=13"}],"version-history":[{"count":5,"href":"https:\/\/www.peetri.edu.ee\/lasteaed\/wp-json\/wp\/v2\/pages\/13\/revisions"}],"predecessor-version":[{"id":3201,"href":"https:\/\/www.peetri.edu.ee\/lasteaed\/wp-json\/wp\/v2\/pages\/13\/revisions\/3201"}],"wp:attachment":[{"href":"https:\/\/www.peetri.edu.ee\/lasteaed\/wp-json\/wp\/v2\/media?parent=13"}],"curies":[{"name":"wp","href":"https:\/\/api.w.org\/{rel}","templated":true}]}}